{"id":1070,"date":"2023-09-26T10:22:52","date_gmt":"2023-09-26T08:22:52","guid":{"rendered":"https:\/\/chloebordils.com\/?page_id=1070"},"modified":"2023-09-26T10:45:46","modified_gmt":"2023-09-26T08:45:46","slug":"politica-de-privacidad","status":"publish","type":"page","link":"https:\/\/chloebordils.com\/fr\/politica-de-privacidad\/","title":{"rendered":"Politique de confidentialit\u00e9"},"content":{"rendered":"<div class=\"et_d4_element et_pb_section et_pb_section_0  et_pb_css_mix_blend_mode et_section_regular et_block_section\" >\n\t\t\t\t\n\t\t\t\t\n\t\t\t\t\n\t\t\t\t\n\t\t\t\t\n\t\t\t\t\n\t\t\t\t<div class=\"et_d4_element et_pb_row et_pb_row_0  et_pb_css_mix_blend_mode et_block_row\">\n\t\t\t\t<div class=\"et_d4_element et_pb_column_4_4 et_pb_column et_pb_column_0  et_pb_css_mix_blend_mode et-last-child et_block_column\">\n\t\t\t\t\n\t\t\t\t\n\t\t\t\t\n\t\t\t\t\n\t\t\t\t<div class=\"et_pb_module et_d4_element et_pb_text et_pb_text_0  et_pb_text_align_left et_pb_bg_layout_light\">\n\t\t\t\t\n\t\t\t\t\n\t\t\t\t\n\t\t\t\t\n\t\t\t\t<div class=\"et_pb_text_inner\"><h1><\/h1><\/div>\n\t\t\t<\/div>\n\t\t\t<\/div>\n\t\t\t\t\n\t\t\t\t\n\t\t\t\t\n\t\t\t\t\n\t\t\t<\/div><div class=\"et_d4_element et_pb_row et_pb_row_1  et_pb_css_mix_blend_mode et_block_row\">\n\t\t\t\t<div class=\"et_d4_element et_pb_column_4_4 et_pb_column et_pb_column_1  et_pb_css_mix_blend_mode et-last-child et_block_column\">\n\t\t\t\t\n\t\t\t\t\n\t\t\t\t\n\t\t\t\t\n\t\t\t\t<div class=\"et_pb_module et_d4_element et_pb_text et_pb_text_1  et_pb_text_align_left et_pb_bg_layout_light\">\n\t\t\t\t\n\t\t\t\t\n\t\t\t\t\n\t\t\t\t\n\t\t\t\t<div class=\"et_pb_text_inner\"><h2>1. Introducci\u00f3n<\/h2><\/div>\n\t\t\t<\/div><div class=\"et_pb_module et_d4_element et_pb_text et_pb_text_2  et_pb_text_align_left et_pb_bg_layout_light\">\n\t\t\t\t\n\t\t\t\t\n\t\t\t\t\n\t\t\t\t\n\t\t\t\t<div class=\"et_pb_text_inner\"><p>La presente Pol\u00edtica de Privacidad (en adelante, la \"Pol\u00edtica\") establece Chloe Bordils (en adelante, \"Yo\" o \"Mi Empresa\") recopila, utiliza, protege y comparte la informaci\u00f3n personal de los usuarios (en adelante, los \"Usuarios\") del sitio web <a href=\"https:\/\/chloebordils.com\/fr\/\">chloebordils.com<\/a> (en adelante, el \"Sitio\").<\/p><\/div>\n\t\t\t<\/div><div class=\"et_pb_module et_d4_element et_pb_text et_pb_text_3  et_pb_text_align_left et_pb_bg_layout_light\">\n\t\t\t\t\n\t\t\t\t\n\t\t\t\t\n\t\t\t\t\n\t\t\t\t<div class=\"et_pb_text_inner\"><h2>2. Informaci\u00f3n que recopilo<\/h2><\/div>\n\t\t\t<\/div><div class=\"et_pb_module et_d4_element et_pb_text et_pb_text_4  et_pb_text_align_left et_pb_bg_layout_light\">\n\t\t\t\t\n\t\t\t\t\n\t\t\t\t\n\t\t\t\t\n\t\t\t\t<div class=\"et_pb_text_inner\"><ol>\n<li style=\"list-style-type: none;\">\n<ol>\n<li><span style=\"font-weight: 400;\"><strong>Informaci\u00f3n Personal:<\/strong> Recopilo informaci\u00f3n personal proporcionada por los Usuarios, como nombres, direcciones de correo electr\u00f3nico, n\u00fameros de tel\u00e9fono y direcciones postales, cuando los Usuarios interact\u00faan con el Sitio, como al realizar una compra, suscribirse a mi newsletter o utilizar mis servicios.<\/span><span style=\"font-weight: 400;\"><\/span><\/li>\n<li style=\"padding-top: 10px;\"><span style=\"font-weight: 400;\"><strong>Informaci\u00f3n de Uso:<\/strong> Recopilo informaci\u00f3n de uso, como la direcci\u00f3n IP, el tipo de navegador, las p\u00e1ginas visitadas y la fecha y hora de la visita, para mejorar la funcionalidad del Sitio y comprender mejor las preferencias de los Usuarios.<\/span><\/li>\n<\/ol>\n<\/li>\n<\/ol><\/div>\n\t\t\t<\/div><div class=\"et_pb_module et_d4_element et_pb_text et_pb_text_5  et_pb_text_align_left et_pb_bg_layout_light\">\n\t\t\t\t\n\t\t\t\t\n\t\t\t\t\n\t\t\t\t\n\t\t\t\t<div class=\"et_pb_text_inner\"><h2>3. Uso de la informaci\u00f3n<\/h2><\/div>\n\t\t\t<\/div><div class=\"et_pb_module et_d4_element et_pb_text et_pb_text_6  et_pb_text_align_left et_pb_bg_layout_light\">\n\t\t\t\t\n\t\t\t\t\n\t\t\t\t\n\t\t\t\t\n\t\t\t\t<div class=\"et_pb_text_inner\"><ol>\n<li style=\"list-style-type: none;\">\n<ol>\n<li><span style=\"font-weight: 400;\"><strong>Utilizo la informaci\u00f3n personal<\/strong> proporcionada por los Usuarios para procesar pedidos, enviar notificaciones, responder a consultas y proporcionar informaci\u00f3n sobre mis productos y servicios.<\/span><span style=\"font-weight: 400;\"><\/span><\/li>\n<li style=\"padding-top: 10px;\"><span style=\"font-weight: 400;\"><strong>Utilizo la informaci\u00f3n de uso<\/strong> para analizar tendencias, administrar el Sitio y mejorar la experiencia del Usuario.<\/span><\/li>\n<\/ol>\n<\/li>\n<\/ol><\/div>\n\t\t\t<\/div><div class=\"et_pb_module et_d4_element et_pb_text et_pb_text_7  et_pb_text_align_left et_pb_bg_layout_light\">\n\t\t\t\t\n\t\t\t\t\n\t\t\t\t\n\t\t\t\t\n\t\t\t\t<div class=\"et_pb_text_inner\"><h2>4. Protecci\u00f3n de la informaci\u00f3n<\/h2><\/div>\n\t\t\t<\/div><div class=\"et_pb_module et_d4_element et_pb_text et_pb_text_8  et_pb_text_align_left et_pb_bg_layout_light\">\n\t\t\t\t\n\t\t\t\t\n\t\t\t\t\n\t\t\t\t\n\t\t\t\t<div class=\"et_pb_text_inner\"><p>Implemento medidas de seguridad t\u00e9cnicas y organizativas para proteger la informaci\u00f3n personal de los Usuarios contra accesos no autorizados, p\u00e9rdida, robo y divulgaci\u00f3n.<\/p><\/div>\n\t\t\t<\/div><div class=\"et_pb_module et_d4_element et_pb_text et_pb_text_9  et_pb_text_align_left et_pb_bg_layout_light\">\n\t\t\t\t\n\t\t\t\t\n\t\t\t\t\n\t\t\t\t\n\t\t\t\t<div class=\"et_pb_text_inner\"><h2>5. Compartir informaci\u00f3n<\/h2><\/div>\n\t\t\t<\/div><div class=\"et_pb_module et_d4_element et_pb_text et_pb_text_10  et_pb_text_align_left et_pb_bg_layout_light\">\n\t\t\t\t\n\t\t\t\t\n\t\t\t\t\n\t\t\t\t\n\t\t\t\t<div class=\"et_pb_text_inner\"><ol>\n<li style=\"list-style-type: none;\">\n<ol>\n<li><span style=\"font-weight: 400;\">Chloe Bordils no vende, ni alquila, ni comparte informaci\u00f3n personal de los Usuarios con terceros, excepto cuando sea necesario para la prestaci\u00f3n de servicios o cuando lo exija la ley.<\/span><br \/><span style=\"font-weight: 400;\"><\/span><\/li>\n<li style=\"padding-top: 10px;\"><span style=\"font-weight: 400;\">Puedo compartir informaci\u00f3n de uso agregada y an\u00f3nima con terceros para fines de an\u00e1lisis y marketing.<\/span><\/li>\n<\/ol>\n<\/li>\n<\/ol><\/div>\n\t\t\t<\/div><div class=\"et_pb_module et_d4_element et_pb_text et_pb_text_11  et_pb_text_align_left et_pb_bg_layout_light\">\n\t\t\t\t\n\t\t\t\t\n\t\t\t\t\n\t\t\t\t\n\t\t\t\t<div class=\"et_pb_text_inner\"><h2>6. Cookies y tecnolog\u00edas similares<\/h2><\/div>\n\t\t\t<\/div><div class=\"et_pb_module et_d4_element et_pb_text et_pb_text_12  et_pb_text_align_left et_pb_bg_layout_light\">\n\t\t\t\t\n\t\t\t\t\n\t\t\t\t\n\t\t\t\t\n\t\t\t\t<div class=\"et_pb_text_inner\"><p>El Sitio utiliza cookies y tecnolog\u00edas similares para mejorar la experiencia del Usuario. Los Usuarios pueden configurar sus navegadores para rechazar cookies, pero esto puede afectar la funcionalidad del Sitio.<\/p><\/div>\n\t\t\t<\/div><div class=\"et_pb_module et_d4_element et_pb_text et_pb_text_13  et_pb_text_align_left et_pb_bg_layout_light\">\n\t\t\t\t\n\t\t\t\t\n\t\t\t\t\n\t\t\t\t\n\t\t\t\t<div class=\"et_pb_text_inner\"><h2>7. Enlaces a terceros<\/h2><\/div>\n\t\t\t<\/div><div class=\"et_pb_module et_d4_element et_pb_text et_pb_text_14  et_pb_text_align_left et_pb_bg_layout_light\">\n\t\t\t\t\n\t\t\t\t\n\t\t\t\t\n\t\t\t\t\n\t\t\t\t<div class=\"et_pb_text_inner\"><p>El Sitio puede contener enlaces a sitios web de terceros. Esta Pol\u00edtica no se aplica a la recopilaci\u00f3n de datos en sitios web de terceros, por lo que recomendamos a los Usuarios revisar las pol\u00edticas de privacidad de esos sitios.<\/p><\/div>\n\t\t\t<\/div><div class=\"et_pb_module et_d4_element et_pb_text et_pb_text_15  et_pb_text_align_left et_pb_bg_layout_light\">\n\t\t\t\t\n\t\t\t\t\n\t\t\t\t\n\t\t\t\t\n\t\t\t\t<div class=\"et_pb_text_inner\"><h2>8. Cambios en la Pol\u00edtica de Privacidad<\/h2><\/div>\n\t\t\t<\/div><div class=\"et_pb_module et_d4_element et_pb_text et_pb_text_16  et_pb_text_align_left et_pb_bg_layout_light\">\n\t\t\t\t\n\t\t\t\t\n\t\t\t\t\n\t\t\t\t\n\t\t\t\t<div class=\"et_pb_text_inner\"><p>Chloe Bordils se reserva el derecho de modificar esta Pol\u00edtica en cualquier momento. Los cambios ser\u00e1n efectivos a partir de su publicaci\u00f3n en el Sitio.<\/p><\/div>\n\t\t\t<\/div><div class=\"et_pb_module et_d4_element et_pb_text et_pb_text_17  et_pb_text_align_left et_pb_bg_layout_light\">\n\t\t\t\t\n\t\t\t\t\n\t\t\t\t\n\t\t\t\t\n\t\t\t\t<div class=\"et_pb_text_inner\"><h2>9. Contacto<\/h2><\/div>\n\t\t\t<\/div><div class=\"et_pb_module et_d4_element et_pb_text et_pb_text_18  et_pb_text_align_left et_pb_bg_layout_light\">\n\t\t\t\t\n\t\t\t\t\n\t\t\t\t\n\t\t\t\t\n\t\t\t\t<div class=\"et_pb_text_inner\"><p>Para cualquier pregunta o comentario sobre esta Pol\u00edtica de Privacidad, los Usuarios pueden ponerse en contacto con Chloe Bordils a trav\u00e9s de <a href=\"mailto:chloe@chloebordils.com\">chloe@chloebordils.com<\/a><\/p><\/div>\n\t\t\t<\/div><div class=\"et_pb_module et_d4_element et_pb_text et_pb_text_19  et_pb_text_align_left et_pb_bg_layout_light\">\n\t\t\t\t\n\t\t\t\t\n\t\t\t\t\n\t\t\t\t\n\t\t\t\t<div class=\"et_pb_text_inner\"><p style=\"text-align: left;\"><em>22 de septiembre 2023<\/em><\/p><\/div>\n\t\t\t<\/div>\n\t\t\t<\/div>\n\t\t\t\t\n\t\t\t\t\n\t\t\t\t\n\t\t\t\t\n\t\t\t<\/div>\n\t\t\t\t\n\t\t\t\t\n\t\t\t<\/div>","protected":false},"excerpt":{"rendered":"","protected":false},"author":1,"featured_media":0,"parent":0,"menu_order":0,"comment_status":"closed","ping_status":"closed","template":"","meta":{"_et_pb_use_builder":"on","_et_pb_old_content":"","_et_gb_content_width":"","footnotes":""},"class_list":["post-1070","page","type-page","status-publish","hentry"],"yoast_head":"<!-- This site is optimized with the Yoast SEO plugin v27.5 - https:\/\/yoast.com\/product\/yoast-seo-wordpress\/ -->\n<title>Pol\u00edtica de privacidad -<\/title>\n<meta name=\"description\" content=\"Ilustraci\u00f3n y dise\u00f1o gr\u00e1fico\" \/>\n<meta name=\"robots\" content=\"index, follow, max-snippet:-1, max-image-preview:large, max-video-preview:-1\" \/>\n<link rel=\"canonical\" href=\"https:\/\/chloebordils.com\/fr\/politica-de-privacidad\/\" \/>\n<meta property=\"og:locale\" content=\"fr_FR\" \/>\n<meta property=\"og:type\" content=\"article\" \/>\n<meta property=\"og:title\" content=\"Pol\u00edtica de privacidad -\" \/>\n<meta property=\"og:description\" content=\"Ilustraci\u00f3n y dise\u00f1o gr\u00e1fico\" \/>\n<meta property=\"og:url\" content=\"https:\/\/chloebordils.com\/fr\/politica-de-privacidad\/\" \/>\n<meta property=\"og:site_name\" content=\"Chloe Bordils\" \/>\n<meta property=\"article:publisher\" content=\"https:\/\/www.facebook.com\/elvira.daudet.3\" \/>\n<meta property=\"article:modified_time\" content=\"2023-09-26T08:45:46+00:00\" \/>\n<meta property=\"og:image\" content=\"https:\/\/chloebordils.com\/wp-content\/uploads\/2025\/01\/imagen_web_chloe_bordils_ilustracion.jpg\" \/>\n\t<meta property=\"og:image:width\" content=\"1200\" \/>\n\t<meta property=\"og:image:height\" content=\"675\" \/>\n\t<meta property=\"og:image:type\" content=\"image\/jpeg\" \/>\n<meta name=\"twitter:card\" content=\"summary_large_image\" \/>\n<meta name=\"twitter:label1\" content=\"Dur\u00e9e de lecture estim\u00e9e\" \/>\n\t<meta name=\"twitter:data1\" content=\"6 minutes\" \/>\n<script type=\"application\/ld+json\" class=\"yoast-schema-graph\">{\"@context\":\"https:\\\/\\\/schema.org\",\"@graph\":[{\"@type\":\"WebPage\",\"@id\":\"https:\\\/\\\/chloebordils.com\\\/politica-de-privacidad\\\/\",\"url\":\"https:\\\/\\\/chloebordils.com\\\/politica-de-privacidad\\\/\",\"name\":\"Pol\u00edtica de privacidad -\",\"isPartOf\":{\"@id\":\"https:\\\/\\\/chloebordils.com\\\/#website\"},\"datePublished\":\"2023-09-26T08:22:52+00:00\",\"dateModified\":\"2023-09-26T08:45:46+00:00\",\"description\":\"Ilustraci\u00f3n y dise\u00f1o gr\u00e1fico\",\"breadcrumb\":{\"@id\":\"https:\\\/\\\/chloebordils.com\\\/politica-de-privacidad\\\/#breadcrumb\"},\"inLanguage\":\"fr-FR\",\"potentialAction\":[{\"@type\":\"ReadAction\",\"target\":[\"https:\\\/\\\/chloebordils.com\\\/politica-de-privacidad\\\/\"]}]},{\"@type\":\"BreadcrumbList\",\"@id\":\"https:\\\/\\\/chloebordils.com\\\/politica-de-privacidad\\\/#breadcrumb\",\"itemListElement\":[{\"@type\":\"ListItem\",\"position\":1,\"name\":\"Portada\",\"item\":\"https:\\\/\\\/chloebordils.com\\\/\"},{\"@type\":\"ListItem\",\"position\":2,\"name\":\"Pol\u00edtica de privacidad\"}]},{\"@type\":\"WebSite\",\"@id\":\"https:\\\/\\\/chloebordils.com\\\/#website\",\"url\":\"https:\\\/\\\/chloebordils.com\\\/\",\"name\":\"chloebordils.com\",\"description\":\"Ilustraci\u00f3n y dise\u00f1o gr\u00e1fico\",\"publisher\":{\"@id\":\"https:\\\/\\\/chloebordils.com\\\/#\\\/schema\\\/person\\\/d49ae91dabf2ecf396d2555ce8e1dfe3\"},\"alternateName\":\"Chloe Bordils ilustraci\u00f3n\",\"potentialAction\":[{\"@type\":\"SearchAction\",\"target\":{\"@type\":\"EntryPoint\",\"urlTemplate\":\"https:\\\/\\\/chloebordils.com\\\/?s={search_term_string}\"},\"query-input\":{\"@type\":\"PropertyValueSpecification\",\"valueRequired\":true,\"valueName\":\"search_term_string\"}}],\"inLanguage\":\"fr-FR\"},{\"@type\":[\"Person\",\"Organization\"],\"@id\":\"https:\\\/\\\/chloebordils.com\\\/#\\\/schema\\\/person\\\/d49ae91dabf2ecf396d2555ce8e1dfe3\",\"name\":\"Chloe Bordils ilustraci\u00f3n\",\"image\":{\"@type\":\"ImageObject\",\"inLanguage\":\"fr-FR\",\"@id\":\"https:\\\/\\\/chloebordils.com\\\/wp-content\\\/uploads\\\/2023\\\/07\\\/cropped-chloe_rond.png\",\"url\":\"https:\\\/\\\/chloebordils.com\\\/wp-content\\\/uploads\\\/2023\\\/07\\\/cropped-chloe_rond.png\",\"contentUrl\":\"https:\\\/\\\/chloebordils.com\\\/wp-content\\\/uploads\\\/2023\\\/07\\\/cropped-chloe_rond.png\",\"width\":512,\"height\":512,\"caption\":\"Chloe Bordils ilustraci\u00f3n\"},\"logo\":{\"@id\":\"https:\\\/\\\/chloebordils.com\\\/wp-content\\\/uploads\\\/2023\\\/07\\\/cropped-chloe_rond.png\"},\"description\":\"Ilustraci\u00f3n minimalista y productos estampados con dibujos sencillos de personajes so\u00f1adores para personas que buscan tranquilidad e inspiraci\u00f3n en este mundo tan ajetreado.\",\"sameAs\":[\"https:\\\/\\\/www.facebook.com\\\/elvira.daudet.3\",\"https:\\\/\\\/www.instagram.com\\\/chloe_bordils\\\/\",\"https:\\\/\\\/www.linkedin.com\\\/in\\\/chloe-bordils-883691312\\\/\",\"https:\\\/\\\/es.pinterest.com\\\/chloe_bordils\"]}]}<\/script>\n<!-- \/ Yoast SEO plugin. -->","yoast_head_json":{"title":"Pol\u00edtica de privacidad -","description":"Ilustraci\u00f3n y dise\u00f1o gr\u00e1fico","robots":{"index":"index","follow":"follow","max-snippet":"max-snippet:-1","max-image-preview":"max-image-preview:large","max-video-preview":"max-video-preview:-1"},"canonical":"https:\/\/chloebordils.com\/fr\/politica-de-privacidad\/","og_locale":"fr_FR","og_type":"article","og_title":"Pol\u00edtica de privacidad -","og_description":"Ilustraci\u00f3n y dise\u00f1o gr\u00e1fico","og_url":"https:\/\/chloebordils.com\/fr\/politica-de-privacidad\/","og_site_name":"Chloe Bordils","article_publisher":"https:\/\/www.facebook.com\/elvira.daudet.3","article_modified_time":"2023-09-26T08:45:46+00:00","og_image":[{"width":1200,"height":675,"url":"https:\/\/chloebordils.com\/wp-content\/uploads\/2025\/01\/imagen_web_chloe_bordils_ilustracion.jpg","type":"image\/jpeg"}],"twitter_card":"summary_large_image","twitter_misc":{"Dur\u00e9e de lecture estim\u00e9e":"6 minutes"},"schema":{"@context":"https:\/\/schema.org","@graph":[{"@type":"WebPage","@id":"https:\/\/chloebordils.com\/politica-de-privacidad\/","url":"https:\/\/chloebordils.com\/politica-de-privacidad\/","name":"Pol\u00edtica de privacidad -","isPartOf":{"@id":"https:\/\/chloebordils.com\/#website"},"datePublished":"2023-09-26T08:22:52+00:00","dateModified":"2023-09-26T08:45:46+00:00","description":"Ilustraci\u00f3n y dise\u00f1o gr\u00e1fico","breadcrumb":{"@id":"https:\/\/chloebordils.com\/politica-de-privacidad\/#breadcrumb"},"inLanguage":"fr-FR","potentialAction":[{"@type":"ReadAction","target":["https:\/\/chloebordils.com\/politica-de-privacidad\/"]}]},{"@type":"BreadcrumbList","@id":"https:\/\/chloebordils.com\/politica-de-privacidad\/#breadcrumb","itemListElement":[{"@type":"ListItem","position":1,"name":"Portada","item":"https:\/\/chloebordils.com\/"},{"@type":"ListItem","position":2,"name":"Pol\u00edtica de privacidad"}]},{"@type":"WebSite","@id":"https:\/\/chloebordils.com\/#website","url":"https:\/\/chloebordils.com\/","name":"chloebordils.com","description":"Ilustraci\u00f3n y dise\u00f1o gr\u00e1fico","publisher":{"@id":"https:\/\/chloebordils.com\/#\/schema\/person\/d49ae91dabf2ecf396d2555ce8e1dfe3"},"alternateName":"Chloe Bordils ilustraci\u00f3n","potentialAction":[{"@type":"SearchAction","target":{"@type":"EntryPoint","urlTemplate":"https:\/\/chloebordils.com\/?s={search_term_string}"},"query-input":{"@type":"PropertyValueSpecification","valueRequired":true,"valueName":"search_term_string"}}],"inLanguage":"fr-FR"},{"@type":["Person","Organization"],"@id":"https:\/\/chloebordils.com\/#\/schema\/person\/d49ae91dabf2ecf396d2555ce8e1dfe3","name":"Chloe Bordils ilustraci\u00f3n","image":{"@type":"ImageObject","inLanguage":"fr-FR","@id":"https:\/\/chloebordils.com\/wp-content\/uploads\/2023\/07\/cropped-chloe_rond.png","url":"https:\/\/chloebordils.com\/wp-content\/uploads\/2023\/07\/cropped-chloe_rond.png","contentUrl":"https:\/\/chloebordils.com\/wp-content\/uploads\/2023\/07\/cropped-chloe_rond.png","width":512,"height":512,"caption":"Chloe Bordils ilustraci\u00f3n"},"logo":{"@id":"https:\/\/chloebordils.com\/wp-content\/uploads\/2023\/07\/cropped-chloe_rond.png"},"description":"Ilustraci\u00f3n minimalista y productos estampados con dibujos sencillos de personajes so\u00f1adores para personas que buscan tranquilidad e inspiraci\u00f3n en este mundo tan ajetreado.","sameAs":["https:\/\/www.facebook.com\/elvira.daudet.3","https:\/\/www.instagram.com\/chloe_bordils\/","https:\/\/www.linkedin.com\/in\/chloe-bordils-883691312\/","https:\/\/es.pinterest.com\/chloe_bordils"]}]}},"_links":{"self":[{"href":"https:\/\/chloebordils.com\/fr\/wp-json\/wp\/v2\/pages\/1070","targetHints":{"allow":["GET"]}}],"collection":[{"href":"https:\/\/chloebordils.com\/fr\/wp-json\/wp\/v2\/pages"}],"about":[{"href":"https:\/\/chloebordils.com\/fr\/wp-json\/wp\/v2\/types\/page"}],"author":[{"embeddable":true,"href":"https:\/\/chloebordils.com\/fr\/wp-json\/wp\/v2\/users\/1"}],"replies":[{"embeddable":true,"href":"https:\/\/chloebordils.com\/fr\/wp-json\/wp\/v2\/comments?post=1070"}],"version-history":[{"count":0,"href":"https:\/\/chloebordils.com\/fr\/wp-json\/wp\/v2\/pages\/1070\/revisions"}],"wp:attachment":[{"href":"https:\/\/chloebordils.com\/fr\/wp-json\/wp\/v2\/media?parent=1070"}],"curies":[{"name":"wp","href":"https:\/\/api.w.org\/{rel}","templated":true}]}}