{"id":1090,"date":"2023-09-26T12:38:25","date_gmt":"2023-09-26T10:38:25","guid":{"rendered":"https:\/\/chloebordils.com\/?page_id=1090"},"modified":"2024-02-13T12:02:41","modified_gmt":"2024-02-13T11:02:41","slug":"condiciones-generales-de-venta","status":"publish","type":"page","link":"https:\/\/chloebordils.com\/fr\/condiciones-generales-de-venta\/","title":{"rendered":"Conditions G\u00e9n\u00e9rales de Vente"},"content":{"rendered":"<div class=\"et_d4_element et_pb_section et_pb_section_0  et_pb_css_mix_blend_mode et_section_regular et_block_section\" >\n\t\t\t\t\n\t\t\t\t\n\t\t\t\t\n\t\t\t\t\n\t\t\t\t\n\t\t\t\t\n\t\t\t\t<div class=\"et_d4_element et_pb_row et_pb_row_0  et_pb_css_mix_blend_mode et_block_row\">\n\t\t\t\t<div class=\"et_d4_element et_pb_column_4_4 et_pb_column et_pb_column_0  et_pb_css_mix_blend_mode et-last-child et_block_column\">\n\t\t\t\t\n\t\t\t\t\n\t\t\t\t\n\t\t\t\t\n\t\t\t\t<div class=\"et_pb_module et_d4_element et_pb_text et_pb_text_0  et_pb_text_align_left et_pb_bg_layout_light\">\n\t\t\t\t\n\t\t\t\t\n\t\t\t\t\n\t\t\t\t\n\t\t\t\t<div class=\"et_pb_text_inner\"><h1><\/h1><\/div>\n\t\t\t<\/div>\n\t\t\t<\/div>\n\t\t\t\t\n\t\t\t\t\n\t\t\t\t\n\t\t\t\t\n\t\t\t<\/div><div class=\"et_d4_element et_pb_row et_pb_row_1  et_pb_css_mix_blend_mode et_block_row\">\n\t\t\t\t<div class=\"et_d4_element et_pb_column_4_4 et_pb_column et_pb_column_1  et_pb_css_mix_blend_mode et-last-child et_block_column\">\n\t\t\t\t\n\t\t\t\t\n\t\t\t\t\n\t\t\t\t\n\t\t\t\t<div class=\"et_pb_module et_d4_element et_pb_text et_pb_text_1  et_pb_text_align_left et_pb_bg_layout_light\">\n\t\t\t\t\n\t\t\t\t\n\t\t\t\t\n\t\t\t\t\n\t\t\t\t<div class=\"et_pb_text_inner\"><h2>1. Objeto<\/h2><\/div>\n\t\t\t<\/div><div class=\"et_pb_module et_d4_element et_pb_text et_pb_text_2  et_pb_text_align_left et_pb_bg_layout_light\">\n\t\t\t\t\n\t\t\t\t\n\t\t\t\t\n\t\t\t\t\n\t\t\t\t<div class=\"et_pb_text_inner\"><p>Las presentes Condiciones Generales de Venta (en adelante, \"Condiciones\") regulan el proceso de compra de productos a trav\u00e9s del sitio web <a href=\"https:\/\/chloebordils.com\/fr\/\">chloebordils.com<\/a> (en adelante, el \"Sitio\"). Estas Condiciones establecen los derechos y obligaciones del comprador (en adelante, \"Cliente\") y el vendedor, Cloe Elvira Bordils Jacquet (en adelante, \"Chloe Bordils\") con domicilio en parcela 177, pol\u00edgono14, 12123 Ludiente, (email: <a href=\"mailto:chloe@chloebordils.com\">chloe@chloebordils.com<\/a> - NIF 29185665E) en relaci\u00f3n con la compra de productos a trav\u00e9s del Sitio.<\/p><\/div>\n\t\t\t<\/div><div class=\"et_pb_module et_d4_element et_pb_text et_pb_text_3  et_pb_text_align_left et_pb_bg_layout_light\">\n\t\t\t\t\n\t\t\t\t\n\t\t\t\t\n\t\t\t\t\n\t\t\t\t<div class=\"et_pb_text_inner\"><h2>2. Aceptaci\u00f3n de las condiciones<\/h2><\/div>\n\t\t\t<\/div><div class=\"et_pb_module et_d4_element et_pb_text et_pb_text_4  et_pb_text_align_left et_pb_bg_layout_light\">\n\t\t\t\t\n\t\t\t\t\n\t\t\t\t\n\t\t\t\t\n\t\t\t\t<div class=\"et_pb_text_inner\"><p>El Cliente acepta las presentes Condiciones al realizar una compra en el Sitio. Se considera que el Cliente ha le\u00eddo y comprendido estas Condiciones antes de realizar la compra. Si el Cliente no est\u00e1 de acuerdo con alguna de las disposiciones de estas Condiciones, se le insta a que no contin\u00fae con la compra.<\/p><\/div>\n\t\t\t<\/div><div class=\"et_pb_module et_d4_element et_pb_text et_pb_text_5  et_pb_text_align_left et_pb_bg_layout_light\">\n\t\t\t\t\n\t\t\t\t\n\t\t\t\t\n\t\t\t\t\n\t\t\t\t<div class=\"et_pb_text_inner\"><h2>3. Productos y precios<\/h2><\/div>\n\t\t\t<\/div><div class=\"et_pb_module et_d4_element et_pb_text et_pb_text_6  et_pb_text_align_left et_pb_bg_layout_light\">\n\t\t\t\t\n\t\t\t\t\n\t\t\t\t\n\t\t\t\t\n\t\t\t\t<div class=\"et_pb_text_inner\"><ol>\n<li style=\"list-style-type: none;\">\n<ol>\n<li><strong>En el Sitio se ofrecen productos a la venta.<\/strong> <br \/>Los productos vendidos en esta web est\u00e1n basados en dise\u00f1os propios de ilustraciones, ilustraciones personalizadas, dise\u00f1o de logos, imagen de marca, dise\u00f1o y personalizaci\u00f3n de objetos de regalo. <br \/>Cada producto en venta se detallar\u00e1 espec\u00edficamente, desglosando toda la informaci\u00f3n que sea del inter\u00e9s del cliente. Cualquier particularidad sobre un producto se informar\u00e1 en su descripci\u00f3n.<br \/>Los precios de los productos se indican en la p\u00e1gina de cada producto y est\u00e1n sujetos a cambios sin previo aviso. Todos los precios incluyen los impuestos aplicables.<br \/>Precio e impuestos - Son los marcados en cada caso, expresados en euros (\u20ac), e incluyen el IVA aplicable en Espa\u00f1a que corresponda.<br \/>Para poder enviar la factura de compra, el Cliente debe facilitar sus datos fiscales.\n<p><span style=\"font-weight: 400;\"><\/span><\/li>\n<li style=\"padding-top: 10px;\">Chloe Bordils se reserva el derecho de modificar en cualquier momento y sin previo aviso los productos, servicios, precios, promociones y cualquier otra informaci\u00f3n contenida en el Sitio.<\/li>\n<li style=\"padding-top: 10px;\"><strong>Propiedad intelectual<\/strong> - Los contenidos del sitio web, incluyendo entre otros las im\u00e1genes y los textos de los art\u00edculos, cualquiera que sea su formato, son propiedad de Chloe Bordils. En este sentido, queda expresamente prohibido copiar, reproducir, vender, transmitir, distribuir, republicar, modificar o mostrar para su uso comercial sin el previo consentimiento de Chloe Bordils. El Usuario se compromete a respetar los derechos de Propiedad Intelectual de Chloe Bordils. Podr\u00e1 visualizar los elementos del portal e incluso imprimirlos, copiarlos y almacenarlos en el disco duro de su ordenador o en cualquier otro soporte f\u00edsico siempre y cuando sea, \u00fanica y exclusivamente, para su uso personal y privado.<\/li>\n<li style=\"padding-top: 10px;\"><strong>Disponibilidad<\/strong> - Los productos ofertados en la web est\u00e1n siempre disponibles, salvo error. En caso de que el Cliente adquiera uno que ya no est\u00e9 en stock, Chloe Bordils le devolver\u00e1 el importe \u00edntegro que haya pagado en el plazo de 10 d\u00edas h\u00e1biles. Los productos personalizados realizados por encargo se preparar\u00e1n bajo pedido y se informar\u00e1 al Cliente del plazo de env\u00edo.<\/li>\n<\/ol>\n<\/li>\n<\/ol><\/div>\n\t\t\t<\/div><div class=\"et_pb_module et_d4_element et_pb_text et_pb_text_7  et_pb_text_align_left et_pb_bg_layout_light\">\n\t\t\t\t\n\t\t\t\t\n\t\t\t\t\n\t\t\t\t\n\t\t\t\t<div class=\"et_pb_text_inner\"><h2>4. Proceso de compra<\/h2><\/div>\n\t\t\t<\/div><div class=\"et_pb_module et_d4_element et_pb_text et_pb_text_8  et_pb_text_align_left et_pb_bg_layout_light\">\n\t\t\t\t\n\t\t\t\t\n\t\t\t\t\n\t\t\t\t\n\t\t\t\t<div class=\"et_pb_text_inner\"><ol>\n<li style=\"list-style-type: none;\">\n<ol>\n<li>Para realizar una compra en el Sitio, el Cliente debe seguir el proceso de compra indicado en el Sitio, proporcionando la informaci\u00f3n requerida.<br \/><span style=\"font-weight: 400;\"><\/span><\/li>\n<li style=\"padding-top: 10px;\">Chloe Bordils se reserva el derecho de rechazar o cancelar pedidos en caso de existir errores en la informaci\u00f3n proporcionada por el Cliente, problemas con el pago o por cualquier otra raz\u00f3n justificada.<\/li>\n<\/ol>\n<\/li>\n<\/ol><\/div>\n\t\t\t<\/div><div class=\"et_pb_module et_d4_element et_pb_text et_pb_text_9  et_pb_text_align_left et_pb_bg_layout_light\">\n\t\t\t\t\n\t\t\t\t\n\t\t\t\t\n\t\t\t\t\n\t\t\t\t<div class=\"et_pb_text_inner\"><h2>5. Pago<\/h2><\/div>\n\t\t\t<\/div><div class=\"et_pb_module et_d4_element et_pb_text et_pb_text_10  et_pb_text_align_left et_pb_bg_layout_light\">\n\t\t\t\t\n\t\t\t\t\n\t\t\t\t\n\t\t\t\t\n\t\t\t\t<div class=\"et_pb_text_inner\"><ol>\n<li style=\"list-style-type: none;\">\n<ol>\n<li>El Cliente deber\u00e1 realizar el pago de los productos de acuerdo con los m\u00e9todos de pago aceptados en el Sitio.\n<p><span style=\"font-weight: 400;\"><\/span><\/li>\n<li style=\"padding-top: 10px;\">El Cliente garantiza que los datos proporcionados para el pago son v\u00e1lidos y correctos. Chloe Bordils no se hace responsable de los errores en los datos proporcionados por el Cliente.<br \/>El pago se realizar\u00e1 en el momento que el Cliente haga el pedido de los productos que desea comprar.<br \/>Una vez confirmado el pago, se enviar\u00e1 un email de confirmaci\u00f3n en el plazo de 24 horas al Cliente que debe comprobar su carpeta spam.<\/li>\n<\/ol>\n<\/li>\n<\/ol><\/div>\n\t\t\t<\/div><div class=\"et_pb_module et_d4_element et_pb_text et_pb_text_11  et_pb_text_align_left et_pb_bg_layout_light\">\n\t\t\t\t\n\t\t\t\t\n\t\t\t\t\n\t\t\t\t\n\t\t\t\t<div class=\"et_pb_text_inner\"><h2>6. Entrega de productos<\/h2><\/div>\n\t\t\t<\/div><div class=\"et_pb_module et_d4_element et_pb_text et_pb_text_12  et_pb_text_align_left et_pb_bg_layout_light\">\n\t\t\t\t\n\t\t\t\t\n\t\t\t\t\n\t\t\t\t\n\t\t\t\t<div class=\"et_pb_text_inner\"><ol>\n<li style=\"list-style-type: none;\">\n<ol>\n<li>Chloe Bordils se compromete a <strong>entregar los productos en el plazo de 3 a 7 d\u00edas laborables<\/strong>, salvo circunstancias excepcionales. Los plazos de entrega son aproximados y pueden variar. En los productos personalizados, el plazo de creaci\u00f3n y preparaci\u00f3n para el env\u00edo ser\u00e1 de 14 d\u00edas laborables.<br \/><span style=\"font-weight: 400;\"><\/span><\/li>\n<li style=\"padding-top: 10px;\">El Cliente es responsable de proporcionar una direcci\u00f3n de entrega correcta y completa. Chloe Bordils no se hace responsable de la entrega fallida debido a informaci\u00f3n incorrecta proporcionada por el Cliente.<br \/>Los gastos de env\u00edo normales desde Francia para los productos realizados por Tpop (Print on Demand) que imprime las camisetas, sudaderas, postales, l\u00e1minas, tazas). Tpop se compromete a utilizar paquetes sin pl\u00e1stico. Sus condiciones generales <a href=\"https:\/\/www.tpop.com\/terms\/\" target=\"_blank\" rel=\"noopener\">aqu\u00ed<\/a>.<\/li>\n<li style=\"padding-top: 10px;\"><strong>Los productos digitales<\/strong> - Por su naturaleza, los art\u00edculos digitales no pueden devolverse ni cambiarse. El Cliente se puede poner en contacto con Chloe Bordils sobre un problema con un art\u00edculo digital comprado, Chloe Bordils encontrar\u00e1 una soluci\u00f3n para satisfacer al Cliente.<\/li>\n<\/ol>\n<\/li>\n<\/ol><\/div>\n\t\t\t<\/div><div class=\"et_pb_module et_d4_element et_pb_text et_pb_text_13  et_pb_text_align_left et_pb_bg_layout_light\">\n\t\t\t\t\n\t\t\t\t\n\t\t\t\t\n\t\t\t\t\n\t\t\t\t<div class=\"et_pb_text_inner\"><h2>7. Devoluciones y reclamaciones<\/h2><\/div>\n\t\t\t<\/div><div class=\"et_pb_module et_d4_element et_pb_text et_pb_text_14  et_pb_text_align_left et_pb_bg_layout_light\">\n\t\t\t\t\n\t\t\t\t\n\t\t\t\t\n\t\t\t\t\n\t\t\t\t<div class=\"et_pb_text_inner\"><p>Chloe Bordils aceptar\u00e1 devoluciones de productos defectuosos o que no correspondan a la descripci\u00f3n del Sitio. El Cliente deber\u00e1 informar de la devoluci\u00f3n en un plazo m\u00e1ximo de 14 d\u00edas desde la recepci\u00f3n del producto.<br \/>Para ejercitar este derecho de desistimiento y cuando este proceda, el Cliente deber\u00e1 notificar su decisi\u00f3n con una manifestaci\u00f3n expresa y clara, dentro del plazo establecido a tal efecto y al mail: <a href=\"mailto:chloe@chloebordils.com\">chloe@chloebordils.com<\/a> El reembolso ser\u00e1 mediante el mismo m\u00e9todo de pago utilizado por este en el momento de realizar la transacci\u00f3n inicial de compra. No se proceder\u00e1 a realizar ning\u00fan reembolso si el producto ha sido usado m\u00e1s all\u00e1 de la mera apertura del mismo, de productos que no est\u00e9n en las mismas condiciones en las que se entregaron o que hayan sufrido alg\u00fan da\u00f1o tras la entrega. Una vez que reciba el producto devuelto y en las condiciones correctas, se confirmar\u00e1 y en el plazo de 10 d\u00edas se reintegrar\u00e1 el precio de venta del producto por la misma v\u00eda en la que se hizo el pago. <br \/>En el supuesto de tratarse de un producto personalizado o digital, referido derecho de desistimiento desaparece, declarando que el Cliente es conocedor de dicha circunstancia y acept\u00e1ndola en el momento de realizar la compra correspondiente.<\/p><\/div>\n\t\t\t<\/div><div class=\"et_pb_module et_d4_element et_pb_text et_pb_text_15  et_pb_text_align_left et_pb_bg_layout_light\">\n\t\t\t\t\n\t\t\t\t\n\t\t\t\t\n\t\t\t\t\n\t\t\t\t<div class=\"et_pb_text_inner\"><h2>8. Responsabilidad<\/h2><\/div>\n\t\t\t<\/div><div class=\"et_pb_module et_d4_element et_pb_text et_pb_text_16  et_pb_text_align_left et_pb_bg_layout_light\">\n\t\t\t\t\n\t\t\t\t\n\t\t\t\t\n\t\t\t\t\n\t\t\t\t<div class=\"et_pb_text_inner\"><ol>\n<li style=\"list-style-type: none;\">\n<ol>\n<li>Chloe Bordils no se hace responsable de los da\u00f1os directos o indirectos que puedan surgir del uso de los productos adquiridos en el Sitio.<br \/><span style=\"font-weight: 400;\"><\/span><\/li>\n<li style=\"padding-top: 10px;\">Chloe Bordils no garantiza la disponibilidad ininterrumpida del Sitio ni la ausencia de errores en el funcionamiento de este.<\/li>\n<\/ol>\n<\/li>\n<\/ol><\/div>\n\t\t\t<\/div><div class=\"et_pb_module et_d4_element et_pb_text et_pb_text_17  et_pb_text_align_left et_pb_bg_layout_light\">\n\t\t\t\t\n\t\t\t\t\n\t\t\t\t\n\t\t\t\t\n\t\t\t\t<div class=\"et_pb_text_inner\"><h2>9. Pol\u00edtica de privacidad<\/h2><\/div>\n\t\t\t<\/div><div class=\"et_pb_module et_d4_element et_pb_text et_pb_text_18  et_pb_text_align_left et_pb_bg_layout_light\">\n\t\t\t\t\n\t\t\t\t\n\t\t\t\t\n\t\t\t\t\n\t\t\t\t<div class=\"et_pb_text_inner\"><p>Chloe Bordils cumple con las directrices de la normativa vigente en materia de protecci\u00f3n de datos personales, el Reglamento (UE) 2016\/679 de 27 de abril de 2016 (RGPD), relativo a la protecci\u00f3n de las personas f\u00edsicas en cuanto al tratamiento de datos personales y a la libre circulaci\u00f3n de estos datos. Para m\u00e1s informaci\u00f3n, ver <a href=\"https:\/\/chloebordils.com\/fr\/politica-de-privacidad\/\" target=\"_blank\" rel=\"noopener\">Pol\u00edtica de Privacidad<\/a><\/p><\/div>\n\t\t\t<\/div><div class=\"et_pb_module et_d4_element et_pb_text et_pb_text_19  et_pb_text_align_left et_pb_bg_layout_light\">\n\t\t\t\t\n\t\t\t\t\n\t\t\t\t\n\t\t\t\t\n\t\t\t\t<div class=\"et_pb_text_inner\"><h2>10. Prohibiciones<\/h2><\/div>\n\t\t\t<\/div><div class=\"et_pb_module et_d4_element et_pb_text et_pb_text_20  et_pb_text_align_left et_pb_bg_layout_light\">\n\t\t\t\t\n\t\t\t\t\n\t\t\t\t\n\t\t\t\t\n\t\t\t\t<div class=\"et_pb_text_inner\"><p>No est\u00e1 permitida en ning\u00fan caso la reproducci\u00f3n, difusi\u00f3n, venta, distribuci\u00f3n o uso comercial de los productos adquiridos, ya sea en todo o en parte.<\/p><\/div>\n\t\t\t<\/div><div class=\"et_pb_module et_d4_element et_pb_text et_pb_text_21  et_pb_text_align_left et_pb_bg_layout_light\">\n\t\t\t\t\n\t\t\t\t\n\t\t\t\t\n\t\t\t\t\n\t\t\t\t<div class=\"et_pb_text_inner\"><h2>11. Pol\u00edtica de cookies<\/h2><\/div>\n\t\t\t<\/div><div class=\"et_pb_module et_d4_element et_pb_text et_pb_text_22  et_pb_text_align_left et_pb_bg_layout_light\">\n\t\t\t\t\n\t\t\t\t\n\t\t\t\t\n\t\t\t\t\n\t\t\t\t<div class=\"et_pb_text_inner\"><p>Este Sitio utiliza cookies propias y de terceros para mejorar la navegaci\u00f3n. Dejo el enlace a mi <a href=\"https:\/\/chloebordils.com\/fr\/politica-de-cookies\/\" target=\"_blank\" rel=\"noopener\">Politique de cookies<\/a> donde est\u00e1 toda la informaci\u00f3n detallada.<\/p><\/div>\n\t\t\t<\/div><div class=\"et_pb_module et_d4_element et_pb_text et_pb_text_23  et_pb_text_align_left et_pb_bg_layout_light\">\n\t\t\t\t\n\t\t\t\t\n\t\t\t\t\n\t\t\t\t\n\t\t\t\t<div class=\"et_pb_text_inner\"><h2>12. Modificaci\u00f3n de las condiciones de venta<\/h2><\/div>\n\t\t\t<\/div><div class=\"et_pb_module et_d4_element et_pb_text et_pb_text_24  et_pb_text_align_left et_pb_bg_layout_light\">\n\t\t\t\t\n\t\t\t\t\n\t\t\t\t\n\t\t\t\t\n\t\t\t\t<div class=\"et_pb_text_inner\"><p>Estas condiciones podr\u00e1n ser modificadas en cualquier momento, atendiendo a cambios legales o a la evoluci\u00f3n de esta web y los productos en ella ofrecidos. En cualquier caso, se informar\u00e1 a los clientes de dichas modificaciones.<\/p><\/div>\n\t\t\t<\/div><div class=\"et_pb_module et_d4_element et_pb_text et_pb_text_25  et_pb_text_align_left et_pb_bg_layout_light\">\n\t\t\t\t\n\t\t\t\t\n\t\t\t\t\n\t\t\t\t\n\t\t\t\t<div class=\"et_pb_text_inner\"><h2>13. Ley aplicable y jurisdicci\u00f3n<\/h2><\/div>\n\t\t\t<\/div><div class=\"et_pb_module et_d4_element et_pb_text et_pb_text_26  et_pb_text_align_left et_pb_bg_layout_light\">\n\t\t\t\t\n\t\t\t\t\n\t\t\t\t\n\t\t\t\t\n\t\t\t\t<div class=\"et_pb_text_inner\"><p>Las presentes Condiciones se regir\u00e1n por la legislaci\u00f3n aplicable en Espa\u00f1a. Cualquier disputa que surja en relaci\u00f3n con estas Condiciones ser\u00e1 sometida a la jurisdicci\u00f3n de los tribunales competentes en Castell\u00f3n.<\/p><\/div>\n\t\t\t<\/div><div class=\"et_pb_module et_d4_element et_pb_text et_pb_text_27  et_pb_text_align_left et_pb_bg_layout_light\">\n\t\t\t\t\n\t\t\t\t\n\t\t\t\t\n\t\t\t\t\n\t\t\t\t<div class=\"et_pb_text_inner\"><h2>14. Modificaciones de las condiciones<\/h2><\/div>\n\t\t\t<\/div><div class=\"et_pb_module et_d4_element et_pb_text et_pb_text_28  et_pb_text_align_left et_pb_bg_layout_light\">\n\t\t\t\t\n\t\t\t\t\n\t\t\t\t\n\t\t\t\t\n\t\t\t\t<div class=\"et_pb_text_inner\"><p>Chloe Bordils se reserva el derecho de modificar estas Condiciones en cualquier momento. Las modificaciones entrar\u00e1n en vigor a partir de su publicaci\u00f3n en el Sitio. Se recomienda al Cliente revisar las Condiciones cada vez que realice una compra.<\/p><\/div>\n\t\t\t<\/div><div class=\"et_pb_module et_d4_element et_pb_text et_pb_text_29  et_pb_text_align_left et_pb_bg_layout_light\">\n\t\t\t\t\n\t\t\t\t\n\t\t\t\t\n\t\t\t\t\n\t\t\t\t<div class=\"et_pb_text_inner\"><p style=\"text-align: left;\"><em>22 de septiembre 2023<\/em><\/p><\/div>\n\t\t\t<\/div>\n\t\t\t<\/div>\n\t\t\t\t\n\t\t\t\t\n\t\t\t\t\n\t\t\t\t\n\t\t\t<\/div>\n\t\t\t\t\n\t\t\t\t\n\t\t\t<\/div>","protected":false},"excerpt":{"rendered":"","protected":false},"author":1,"featured_media":0,"parent":0,"menu_order":0,"comment_status":"closed","ping_status":"closed","template":"","meta":{"_et_pb_use_builder":"on","_et_pb_old_content":"","_et_gb_content_width":"","footnotes":""},"class_list":["post-1090","page","type-page","status-publish","hentry"],"yoast_head":"<!-- This site is optimized with the Yoast SEO plugin v27.5 - https:\/\/yoast.com\/product\/yoast-seo-wordpress\/ -->\n<title>Condiciones generales de venta -<\/title>\n<meta name=\"description\" content=\"Ilustraci\u00f3n y dise\u00f1o gr\u00e1fico\" \/>\n<meta name=\"robots\" content=\"index, follow, max-snippet:-1, max-image-preview:large, max-video-preview:-1\" \/>\n<link rel=\"canonical\" href=\"https:\/\/chloebordils.com\/fr\/condiciones-generales-de-venta\/\" \/>\n<meta property=\"og:locale\" content=\"fr_FR\" \/>\n<meta property=\"og:type\" content=\"article\" \/>\n<meta property=\"og:title\" content=\"Condiciones generales de venta -\" \/>\n<meta property=\"og:description\" content=\"Ilustraci\u00f3n y dise\u00f1o gr\u00e1fico\" \/>\n<meta property=\"og:url\" content=\"https:\/\/chloebordils.com\/fr\/condiciones-generales-de-venta\/\" \/>\n<meta property=\"og:site_name\" content=\"Chloe Bordils\" \/>\n<meta property=\"article:publisher\" content=\"https:\/\/www.facebook.com\/elvira.daudet.3\" \/>\n<meta property=\"article:modified_time\" content=\"2024-02-13T11:02:41+00:00\" \/>\n<meta property=\"og:image\" content=\"https:\/\/chloebordils.com\/wp-content\/uploads\/2025\/01\/imagen_web_chloe_bordils_ilustracion.jpg\" \/>\n\t<meta property=\"og:image:width\" content=\"1200\" \/>\n\t<meta property=\"og:image:height\" content=\"675\" \/>\n\t<meta property=\"og:image:type\" content=\"image\/jpeg\" \/>\n<meta name=\"twitter:card\" content=\"summary_large_image\" \/>\n<meta name=\"twitter:label1\" content=\"Dur\u00e9e de lecture estim\u00e9e\" \/>\n\t<meta name=\"twitter:data1\" content=\"12 minutes\" \/>\n<script type=\"application\/ld+json\" class=\"yoast-schema-graph\">{\"@context\":\"https:\\\/\\\/schema.org\",\"@graph\":[{\"@type\":\"WebPage\",\"@id\":\"https:\\\/\\\/chloebordils.com\\\/condiciones-generales-de-venta\\\/\",\"url\":\"https:\\\/\\\/chloebordils.com\\\/condiciones-generales-de-venta\\\/\",\"name\":\"Condiciones generales de venta -\",\"isPartOf\":{\"@id\":\"https:\\\/\\\/chloebordils.com\\\/#website\"},\"datePublished\":\"2023-09-26T10:38:25+00:00\",\"dateModified\":\"2024-02-13T11:02:41+00:00\",\"description\":\"Ilustraci\u00f3n y dise\u00f1o gr\u00e1fico\",\"breadcrumb\":{\"@id\":\"https:\\\/\\\/chloebordils.com\\\/condiciones-generales-de-venta\\\/#breadcrumb\"},\"inLanguage\":\"fr-FR\",\"potentialAction\":[{\"@type\":\"ReadAction\",\"target\":[\"https:\\\/\\\/chloebordils.com\\\/condiciones-generales-de-venta\\\/\"]}]},{\"@type\":\"BreadcrumbList\",\"@id\":\"https:\\\/\\\/chloebordils.com\\\/condiciones-generales-de-venta\\\/#breadcrumb\",\"itemListElement\":[{\"@type\":\"ListItem\",\"position\":1,\"name\":\"Portada\",\"item\":\"https:\\\/\\\/chloebordils.com\\\/\"},{\"@type\":\"ListItem\",\"position\":2,\"name\":\"Condiciones generales de venta\"}]},{\"@type\":\"WebSite\",\"@id\":\"https:\\\/\\\/chloebordils.com\\\/#website\",\"url\":\"https:\\\/\\\/chloebordils.com\\\/\",\"name\":\"chloebordils.com\",\"description\":\"Ilustraci\u00f3n y dise\u00f1o gr\u00e1fico\",\"publisher\":{\"@id\":\"https:\\\/\\\/chloebordils.com\\\/#\\\/schema\\\/person\\\/d49ae91dabf2ecf396d2555ce8e1dfe3\"},\"alternateName\":\"Chloe Bordils ilustraci\u00f3n\",\"potentialAction\":[{\"@type\":\"SearchAction\",\"target\":{\"@type\":\"EntryPoint\",\"urlTemplate\":\"https:\\\/\\\/chloebordils.com\\\/?s={search_term_string}\"},\"query-input\":{\"@type\":\"PropertyValueSpecification\",\"valueRequired\":true,\"valueName\":\"search_term_string\"}}],\"inLanguage\":\"fr-FR\"},{\"@type\":[\"Person\",\"Organization\"],\"@id\":\"https:\\\/\\\/chloebordils.com\\\/#\\\/schema\\\/person\\\/d49ae91dabf2ecf396d2555ce8e1dfe3\",\"name\":\"Chloe Bordils ilustraci\u00f3n\",\"image\":{\"@type\":\"ImageObject\",\"inLanguage\":\"fr-FR\",\"@id\":\"https:\\\/\\\/chloebordils.com\\\/wp-content\\\/uploads\\\/2023\\\/07\\\/cropped-chloe_rond.png\",\"url\":\"https:\\\/\\\/chloebordils.com\\\/wp-content\\\/uploads\\\/2023\\\/07\\\/cropped-chloe_rond.png\",\"contentUrl\":\"https:\\\/\\\/chloebordils.com\\\/wp-content\\\/uploads\\\/2023\\\/07\\\/cropped-chloe_rond.png\",\"width\":512,\"height\":512,\"caption\":\"Chloe Bordils ilustraci\u00f3n\"},\"logo\":{\"@id\":\"https:\\\/\\\/chloebordils.com\\\/wp-content\\\/uploads\\\/2023\\\/07\\\/cropped-chloe_rond.png\"},\"description\":\"Ilustraci\u00f3n minimalista y productos estampados con dibujos sencillos de personajes so\u00f1adores para personas que buscan tranquilidad e inspiraci\u00f3n en este mundo tan ajetreado.\",\"sameAs\":[\"https:\\\/\\\/www.facebook.com\\\/elvira.daudet.3\",\"https:\\\/\\\/www.instagram.com\\\/chloe_bordils\\\/\",\"https:\\\/\\\/www.linkedin.com\\\/in\\\/chloe-bordils-883691312\\\/\",\"https:\\\/\\\/es.pinterest.com\\\/chloe_bordils\"]}]}<\/script>\n<!-- \/ Yoast SEO plugin. -->","yoast_head_json":{"title":"Condiciones generales de venta -","description":"Ilustraci\u00f3n y dise\u00f1o gr\u00e1fico","robots":{"index":"index","follow":"follow","max-snippet":"max-snippet:-1","max-image-preview":"max-image-preview:large","max-video-preview":"max-video-preview:-1"},"canonical":"https:\/\/chloebordils.com\/fr\/condiciones-generales-de-venta\/","og_locale":"fr_FR","og_type":"article","og_title":"Condiciones generales de venta -","og_description":"Ilustraci\u00f3n y dise\u00f1o gr\u00e1fico","og_url":"https:\/\/chloebordils.com\/fr\/condiciones-generales-de-venta\/","og_site_name":"Chloe Bordils","article_publisher":"https:\/\/www.facebook.com\/elvira.daudet.3","article_modified_time":"2024-02-13T11:02:41+00:00","og_image":[{"width":1200,"height":675,"url":"https:\/\/chloebordils.com\/wp-content\/uploads\/2025\/01\/imagen_web_chloe_bordils_ilustracion.jpg","type":"image\/jpeg"}],"twitter_card":"summary_large_image","twitter_misc":{"Dur\u00e9e de lecture estim\u00e9e":"12 minutes"},"schema":{"@context":"https:\/\/schema.org","@graph":[{"@type":"WebPage","@id":"https:\/\/chloebordils.com\/condiciones-generales-de-venta\/","url":"https:\/\/chloebordils.com\/condiciones-generales-de-venta\/","name":"Condiciones generales de venta -","isPartOf":{"@id":"https:\/\/chloebordils.com\/#website"},"datePublished":"2023-09-26T10:38:25+00:00","dateModified":"2024-02-13T11:02:41+00:00","description":"Ilustraci\u00f3n y dise\u00f1o gr\u00e1fico","breadcrumb":{"@id":"https:\/\/chloebordils.com\/condiciones-generales-de-venta\/#breadcrumb"},"inLanguage":"fr-FR","potentialAction":[{"@type":"ReadAction","target":["https:\/\/chloebordils.com\/condiciones-generales-de-venta\/"]}]},{"@type":"BreadcrumbList","@id":"https:\/\/chloebordils.com\/condiciones-generales-de-venta\/#breadcrumb","itemListElement":[{"@type":"ListItem","position":1,"name":"Portada","item":"https:\/\/chloebordils.com\/"},{"@type":"ListItem","position":2,"name":"Condiciones generales de venta"}]},{"@type":"WebSite","@id":"https:\/\/chloebordils.com\/#website","url":"https:\/\/chloebordils.com\/","name":"chloebordils.com","description":"Ilustraci\u00f3n y dise\u00f1o gr\u00e1fico","publisher":{"@id":"https:\/\/chloebordils.com\/#\/schema\/person\/d49ae91dabf2ecf396d2555ce8e1dfe3"},"alternateName":"Chloe Bordils ilustraci\u00f3n","potentialAction":[{"@type":"SearchAction","target":{"@type":"EntryPoint","urlTemplate":"https:\/\/chloebordils.com\/?s={search_term_string}"},"query-input":{"@type":"PropertyValueSpecification","valueRequired":true,"valueName":"search_term_string"}}],"inLanguage":"fr-FR"},{"@type":["Person","Organization"],"@id":"https:\/\/chloebordils.com\/#\/schema\/person\/d49ae91dabf2ecf396d2555ce8e1dfe3","name":"Chloe Bordils ilustraci\u00f3n","image":{"@type":"ImageObject","inLanguage":"fr-FR","@id":"https:\/\/chloebordils.com\/wp-content\/uploads\/2023\/07\/cropped-chloe_rond.png","url":"https:\/\/chloebordils.com\/wp-content\/uploads\/2023\/07\/cropped-chloe_rond.png","contentUrl":"https:\/\/chloebordils.com\/wp-content\/uploads\/2023\/07\/cropped-chloe_rond.png","width":512,"height":512,"caption":"Chloe Bordils ilustraci\u00f3n"},"logo":{"@id":"https:\/\/chloebordils.com\/wp-content\/uploads\/2023\/07\/cropped-chloe_rond.png"},"description":"Ilustraci\u00f3n minimalista y productos estampados con dibujos sencillos de personajes so\u00f1adores para personas que buscan tranquilidad e inspiraci\u00f3n en este mundo tan ajetreado.","sameAs":["https:\/\/www.facebook.com\/elvira.daudet.3","https:\/\/www.instagram.com\/chloe_bordils\/","https:\/\/www.linkedin.com\/in\/chloe-bordils-883691312\/","https:\/\/es.pinterest.com\/chloe_bordils"]}]}},"_links":{"self":[{"href":"https:\/\/chloebordils.com\/fr\/wp-json\/wp\/v2\/pages\/1090","targetHints":{"allow":["GET"]}}],"collection":[{"href":"https:\/\/chloebordils.com\/fr\/wp-json\/wp\/v2\/pages"}],"about":[{"href":"https:\/\/chloebordils.com\/fr\/wp-json\/wp\/v2\/types\/page"}],"author":[{"embeddable":true,"href":"https:\/\/chloebordils.com\/fr\/wp-json\/wp\/v2\/users\/1"}],"replies":[{"embeddable":true,"href":"https:\/\/chloebordils.com\/fr\/wp-json\/wp\/v2\/comments?post=1090"}],"version-history":[{"count":0,"href":"https:\/\/chloebordils.com\/fr\/wp-json\/wp\/v2\/pages\/1090\/revisions"}],"wp:attachment":[{"href":"https:\/\/chloebordils.com\/fr\/wp-json\/wp\/v2\/media?parent=1090"}],"curies":[{"name":"wp","href":"https:\/\/api.w.org\/{rel}","templated":true}]}}