{"id":32,"date":"2023-07-13T12:04:47","date_gmt":"2023-07-13T10:04:47","guid":{"rendered":"https:\/\/chloebordils.com\/?page_id=32"},"modified":"2026-05-02T18:50:57","modified_gmt":"2026-05-02T16:50:57","slug":"about","status":"publish","type":"page","link":"https:\/\/chloebordils.com\/fr\/about\/","title":{"rendered":"Chloe Bordils &#8211; Dise\u00f1o Gr\u00e1fico E Ilustraci\u00f3n"},"content":{"rendered":"<div class=\"et_pb_section_0 et_pb_section et_section_regular et_block_section\">\n<div class=\"et_pb_row_0 et_pb_row et_block_row\">\n<div class=\"et_pb_column_0 et_pb_column et_pb_column_4_4 et-last-child et_block_column et_pb_css_mix_blend_mode_passthrough\">\n<div class=\"et_pb_text_0 et_pb_text et_pb_bg_layout_light et_pb_module et_block_module\"><div class=\"et_pb_text_inner\"><h1>soy chloe<\/h1>\n<\/div><\/div>\n<\/div>\n<\/div>\n\n<div class=\"et_pb_row_1 et_pb_row et-vb-row--no-module et_block_row\">\n<div class=\"et_pb_column_1 et_pb_column et_pb_column_4_4 et-last-child et_block_column et_pb_column_empty et_pb_css_mix_blend_mode_passthrough\"><\/div>\n<\/div>\n\n<div class=\"et_pb_row_2 et_pb_row et_block_row\">\n<div class=\"et_pb_column_2 et_pb_column et_pb_column_1_2 et_block_column et_pb_css_mix_blend_mode_passthrough\">\n<div class=\"et_pb_video_0 et_pb_video et_pb_module et_block_module\"><div class=\"et_pb_video_box\"><video controls><source type=\"video\/mp4\" src=\"https:\/\/chloebordils.com\/wp-content\/uploads\/2024\/12\/chloe-bordils.mp4\" \/><\/video><\/div><\/div>\n<\/div>\n\n<div class=\"et_pb_column_3 et_pb_column et_pb_column_1_2 et-last-child et_block_column et_pb_css_mix_blend_mode_passthrough\">\n<div class=\"et_pb_text_1 et_pb_text et_pb_bg_layout_light et_pb_module et_block_module\"><div class=\"et_pb_text_inner\"><p>&nbsp;<\/p>\n<p>V\u00eddeo de <a href=\"https:\/\/www.reinventhadas.com\/\" target=\"_blank\" rel=\"noopener\">Reinventhadas<\/a><br \/>para el programa <a class=\"x1i10hfl xjbqb8w x1ejq31n xd10rxx x1sy0etr x17r0tee x972fbf xcfux6l x1qhh985 xm0m39n x9f619 x1ypdohk xt0psk2 xe8uvvx xdj266r x11i5rnm xat24cr x1mh8g0r xexx8yu x4uap5 x18d9i69 xkhd6sd x16tdsg8 x1hl2dhg xggy1nq x1a2a7pz  _aa9_ _a6hd\" role=\"link\" href=\"https:\/\/www.reinventhadas.com\/mujeres-referentes\/\" target=\"_blank\" rel=\"noopener\" tabindex=\"0\">Mujeres Referentes<\/a>.<br \/><a href=\"https:\/\/letimora.com\" target=\"_blank\" rel=\"noopener\">\u00ae Leti Mora<\/a> 2024<\/p>\n<\/div><\/div>\n<\/div>\n<\/div>\n<\/div>\n\n<div class=\"et_pb_section_1 et_pb_section et_section_regular et_block_section\">\n<div class=\"et_pb_row_3 et_pb_row et_block_row\">\n<div class=\"et_pb_column_4 et_pb_column et_pb_column_3_5 et_block_column et_pb_css_mix_blend_mode_passthrough\">\n<div class=\"et_pb_text_2 et_pb_text et_pb_bg_layout_light et_pb_module et_block_module\"><div class=\"et_pb_text_inner\"><p class=\"font-claude-response-body break-words whitespace-normal leading-[1.7]\">Dise\u00f1adora gr\u00e1fica e ilustradora freelance con experiencia en agencias de comunicaci\u00f3n.<\/p>\n<p class=\"font-claude-response-body break-words whitespace-normal leading-[1.7]\">Si eres creativo de agencia, director art\u00edstico o editorial y necesitas maquetaci\u00f3n editorial o implementaci\u00f3n de identidad visual, puedo ayudarte a transformar ideas en piezas limpias, bien organizadas y listas para imprimir o publicar. Sin ajustes innecesarios, sin perder tiempo. <a class=\"underline underline underline-offset-2 decoration-1 decoration-current\/40 hover:decoration-current focus:decoration-current\" href=\"mailto:chloe@chloebordils.com\">Cu\u00e9ntame tu proyecto.<\/a><\/p>\n<p class=\"font-claude-response-body break-words whitespace-normal leading-[1.7]\">Tambi\u00e9n creo arte minimalista en blanco y negro para quienes valoran la sencillez con significado. Si buscas una tote bag con ilustraci\u00f3n \u00fanica y valores sostenibles, <a class=\"underline underline underline-offset-2 decoration-1 decoration-current\/40 hover:decoration-current focus:decoration-current\" href=\"https:\/\/chloebordils.com\/tienda\/\">aqu\u00ed encontrar\u00e1s piezas dise\u00f1adas para acompa\u00f1arte<\/a> en tu d\u00eda a d\u00eda.<\/p>\n<\/div><\/div>\n<\/div>\n\n<div class=\"et_pb_column_5 et_pb_column et_pb_column_2_5 et-last-child et_block_column et_pb_css_mix_blend_mode_passthrough\">\n<div class=\"et_pb_image_0 et_pb_image et_pb_module et_block_module\"><span class=\"et_pb_image_wrap\"><img loading=\"lazy\" decoding=\"async\" src=\"https:\/\/chloebordils.com\/wp-content\/uploads\/2025\/01\/chloe_bordils.jpg\" width=\"500\" height=\"500\" srcset=\"https:\/\/chloebordils.com\/wp-content\/uploads\/2025\/01\/chloe_bordils.jpg 500w, https:\/\/chloebordils.com\/wp-content\/uploads\/2025\/01\/chloe_bordils-480x480.jpg 480w\" sizes=\"(min-width: 0px) and (max-width: 480px) 480px, (min-width: 481px) 500px, 100vw\" class=\"wp-image-2024\" title=\"chloe_bordils\" alt=\"Chlo\u00e9 Bordils dise\u00f1adora gr\u00e1fica ilustradora freelance\" \/><\/span><\/div>\n<\/div>\n<\/div>\n<\/div>\n\n<div class=\"et_pb_section_2 et_pb_section et_section_regular et_block_section\">\n<div class=\"et_pb_row_4 et_pb_row et_block_row\">\n<div class=\"et_pb_column_6 et_pb_column et_pb_column_4_4 et-last-child et_block_column et_pb_css_mix_blend_mode_passthrough\">\n<div class=\"et_pb_text_3 et_pb_text et_pb_bg_layout_light et_pb_module et_block_module\"><div class=\"et_pb_text_inner\"><h1>Ilustraciones minimalistas<br \/>que cuentan historias<\/h1>\n<\/div><\/div>\n<\/div>\n<\/div>\n\n<div class=\"et_pb_row_5 et_pb_row et_pb_row_1-4_3-4 et_pb_equal_columns et_block_row et_block_row_1-4_3-4\">\n<div class=\"et_pb_column_7 et_pb_column et_pb_column_1_4 et_block_column et_pb_css_mix_blend_mode_passthrough\">\n<div class=\"et_pb_image_1 et_pb_image et_pb_module et_block_module\"><span class=\"et_pb_image_wrap\"><img loading=\"lazy\" decoding=\"async\" src=\"https:\/\/chloebordils.com\/wp-content\/uploads\/2025\/01\/picto_ilustracion.png\" width=\"400\" height=\"400\" srcset=\"https:\/\/chloebordils.com\/wp-content\/uploads\/2025\/01\/picto_ilustracion.png 400w, https:\/\/chloebordils.com\/wp-content\/uploads\/2025\/01\/picto_ilustracion-300x300.png 300w, https:\/\/chloebordils.com\/wp-content\/uploads\/2025\/01\/picto_ilustracion-150x150.png 150w, https:\/\/chloebordils.com\/wp-content\/uploads\/2025\/01\/picto_ilustracion-100x100.png 100w\" sizes=\"(max-width: 400px) 100vw, 400px\" class=\"wp-image-2026\" title=\"picto_ilustracion\" alt=\"ilustraci\u00f3n minimalista blanco y negro\" \/><\/span><\/div>\n<\/div>\n\n<div class=\"et_pb_column_8 et_pb_column et_pb_column_3_4 et-last-child et_block_column et_pb_css_mix_blend_mode_passthrough\">\n<div class=\"et_pb_text_4 et_pb_text et_pb_bg_layout_light et_pb_module et_block_module\"><div class=\"et_pb_text_inner\"><p>Cada uno de mis trazos es una pausa en el ruido visual del mundo moderno. Mis personajes so\u00f1adores y l\u00edneas depuradas transmiten calma, introspecci\u00f3n y belleza en su forma m\u00e1s esencial.<\/p>\n<\/div><\/div>\n\n<div class=\"et_pb_text_5 et_pb_text et_pb_bg_layout_light et_pb_module et_block_module colorbullets\"><div class=\"et_pb_text_inner\"><ul>\n<li><strong>Tote bags negras<\/strong> estampadas con dise\u00f1os exclusivos, <a href=\"https:\/\/www.dreamlinesart.com\" target=\"_blank\" rel=\"noopener\">elige la tuya<\/a> !<br \/>\nFabricadas en \"Print On Demand\" con <a href=\"https:\/\/www.tpop.com\/es\" target=\"_blank\" rel=\"noopener\">top.com<\/a> (plataforma comprometida con el planeta!)<\/li>\n<li><strong>Ilustraciones personalizadas<\/strong> con significado<\/li>\n<li>Piezas de <strong>dise\u00f1o gr\u00e1fico<\/strong> adaptadas a tu identidad visual<\/li>\n<\/ul>\n<\/div><\/div>\n\n<div class=\"et_pb_module et_pb_button_module_wrapper et_pb_button_0_wrapper preset--module--divi-button--66e21551-3a27-4384-949b-337e5bd5b489_wrapper\"><a class=\"et_pb_button_0 et_pb_button et_pb_bg_layout_light et_pb_module et_block_module preset--module--divi-button--66e21551-3a27-4384-949b-337e5bd5b489\" href=\"https:\/\/chloebordils.com\/fr\/ilustracion\/\" data-icon=\"$\">saber m\u00e1s <\/a><\/div>\n<\/div>\n<\/div>\n\n<div class=\"et_pb_row_6 et_pb_row et_block_row\">\n<div class=\"et_pb_column_9 et_pb_column et_pb_column_4_4 et-last-child et_block_column et_pb_css_mix_blend_mode_passthrough\">\n<div class=\"et_pb_text_6 et_pb_text et_pb_bg_layout_light et_pb_module et_block_module\"><div class=\"et_pb_text_inner\"><h1>Dise\u00f1o gr\u00e1fico que fluye<\/h1>\n<\/div><\/div>\n<\/div>\n<\/div>\n\n<div class=\"et_pb_row_7 et_pb_row et_pb_row_1-4_3-4 et_block_row et_block_row_1-4_3-4\">\n<div class=\"et_pb_column_10 et_pb_column et_pb_column_1_4 et_block_column et_pb_css_mix_blend_mode_passthrough\">\n<div class=\"et_pb_image_2 et_pb_image et_pb_module et_block_module\"><span class=\"et_pb_image_wrap\"><img loading=\"lazy\" decoding=\"async\" src=\"https:\/\/chloebordils.com\/wp-content\/uploads\/2025\/01\/picto_documentos.png\" width=\"424\" height=\"416\" srcset=\"https:\/\/chloebordils.com\/wp-content\/uploads\/2025\/01\/picto_documentos.png 424w, https:\/\/chloebordils.com\/wp-content\/uploads\/2025\/01\/picto_documentos-300x294.png 300w\" sizes=\"(max-width: 424px) 100vw, 424px\" class=\"wp-image-2028\" title=\"picto_documentos\" alt=\"maquetaci\u00f3n editorial freelance dise\u00f1o gr\u00e1fico\" \/><\/span><\/div>\n<\/div>\n\n<div class=\"et_pb_column_11 et_pb_column et_pb_column_3_4 et-last-child et_block_column et_pb_css_mix_blend_mode_passthrough\">\n<div class=\"et_pb_text_7 et_pb_text et_pb_bg_layout_light et_pb_module et_block_module colorbullets\"><div class=\"et_pb_text_inner\"><ul>\n<li><strong>Identidad visual<\/strong> \u2192 Logotipos, universos gr\u00e1ficos y selecci\u00f3n de im\u00e1genes<\/li>\n<li><strong>Maquetaci\u00f3n editorial <span>freelance <\/span>\u2192 <\/strong>Folletos, cat\u00e1logos y documentos visualmente impactantes<\/li>\n<li><strong>Presentaciones profesionales <\/strong><span style=\"font-size: 16px;\">\u2192 PowerPoint creativos y edici\u00f3n de video<\/span><\/li>\n<li><strong>Packaging<\/strong> \u2192 Dise\u00f1os funcionales y est\u00e9ticamente cuidados<\/li>\n<\/ul>\n<\/div><\/div>\n\n<div class=\"et_pb_module et_pb_button_module_wrapper et_pb_button_1_wrapper preset--module--divi-button--66e21551-3a27-4384-949b-337e5bd5b489_wrapper\"><a class=\"et_pb_button_1 et_pb_button et_pb_bg_layout_light et_pb_module et_block_module preset--module--divi-button--66e21551-3a27-4384-949b-337e5bd5b489\" href=\"https:\/\/chloebordils.com\/fr\/diseno-grafico\/\" data-icon=\"$\">Saber m\u00e1s <\/a><\/div>\n<\/div>\n<\/div>\n<\/div>\n\n<div class=\"et_pb_section_3 et_pb_section et_section_regular et_block_section\">\n<div class=\"et_pb_row_8 et_pb_row et_pb_gutters1 et_block_row\">\n<div class=\"et_pb_column_12 et_pb_column et_pb_column_4_4 et-last-child et_block_column et_pb_css_mix_blend_mode_passthrough\">\n<div class=\"et_pb_text_8 et_pb_text et_pb_bg_layout_light et_pb_module et_block_module\"><div class=\"et_pb_text_inner\"><h4><span>Cada proyecto es una colaboraci\u00f3n, cada dise\u00f1o tiene un prop\u00f3sito. \u00bfTrabajamos juntos?<\/span><\/h4>\n<\/div><\/div>\n<\/div>\n<\/div>\n\n<div class=\"et_pb_row_9 et_pb_row et_pb_gutters1 et_block_row\">\n<div class=\"et_pb_column_13 et_pb_column et_pb_column_4_4 et-last-child et_block_column et_pb_css_mix_blend_mode_passthrough\">\n<div class=\"et_pb_module et_pb_button_module_wrapper et_pb_button_2_wrapper preset--module--divi-button--66e21551-3a27-4384-949b-337e5bd5b489_wrapper\"><a class=\"et_pb_button_2 et_pb_button et_pb_bg_layout_light et_pb_module et_block_module preset--module--divi-button--66e21551-3a27-4384-949b-337e5bd5b489\" href=\"mailto:chloe@chloebordils.com\" data-icon=\"$\">Cont\u00e1ctame <\/a><\/div>\n<\/div>\n<\/div>\n<\/div>","protected":false},"excerpt":{"rendered":"<p>Maquetaci\u00f3n editorial freelance e ilustraci\u00f3n minimalista en blanco y negro. Dise\u00f1o gr\u00e1fico para agencias, editoriales y marcas con criterio visual.<\/p>","protected":false},"author":1,"featured_media":2033,"parent":0,"menu_order":0,"comment_status":"closed","ping_status":"closed","template":"","meta":{"footnotes":""},"class_list":["post-32","page","type-page","status-publish","has-post-thumbnail","hentry"],"yoast_head":"<!-- This site is optimized with the Yoast SEO plugin v27.5 - https:\/\/yoast.com\/product\/yoast-seo-wordpress\/ -->\n<title>Maquetaci\u00f3n editorial freelance e ilustraci\u00f3n minimalista<\/title>\n<meta name=\"description\" content=\"Maquetaci\u00f3n editorial freelance e ilustraci\u00f3n minimalista. Dise\u00f1o gr\u00e1fico para agencias, editoriales y marcas con criterio visual.\" \/>\n<meta name=\"robots\" content=\"index, follow, max-snippet:-1, max-image-preview:large, max-video-preview:-1\" \/>\n<link rel=\"canonical\" href=\"https:\/\/chloebordils.com\/fr\/about\/\" \/>\n<meta property=\"og:locale\" content=\"fr_FR\" \/>\n<meta property=\"og:type\" content=\"article\" \/>\n<meta property=\"og:title\" content=\"Dise\u00f1adora Gr\u00e1fica - Ilustradora\" \/>\n<meta property=\"og:description\" content=\"Dise\u00f1adora gr\u00e1fica especializada en maquetaci\u00f3n editorial e ilustradora. Creo arte para ti que valoras la sencillez con significado y vendo productos estampados de arte minimalista\" \/>\n<meta property=\"og:url\" content=\"https:\/\/chloebordils.com\/fr\/about\/\" \/>\n<meta property=\"og:site_name\" content=\"Chloe Bordils\" \/>\n<meta property=\"article:publisher\" content=\"https:\/\/www.facebook.com\/elvira.daudet.3\" \/>\n<meta property=\"article:modified_time\" content=\"2026-05-02T16:50:57+00:00\" \/>\n<meta property=\"og:image\" content=\"https:\/\/chloebordils.com\/wp-content\/uploads\/2025\/01\/chloe_bordils.jpg\" \/>\n\t<meta property=\"og:image:width\" content=\"500\" \/>\n\t<meta property=\"og:image:height\" content=\"500\" \/>\n\t<meta property=\"og:image:type\" content=\"image\/jpeg\" \/>\n<meta name=\"twitter:card\" content=\"summary_large_image\" \/>\n<meta name=\"twitter:label1\" content=\"Dur\u00e9e de lecture estim\u00e9e\" \/>\n\t<meta name=\"twitter:data1\" content=\"2 minutes\" \/>\n<script type=\"application\/ld+json\" class=\"yoast-schema-graph\">{\"@context\":\"https:\\\/\\\/schema.org\",\"@graph\":[{\"@type\":\"WebPage\",\"@id\":\"https:\\\/\\\/chloebordils.com\\\/about\\\/\",\"url\":\"https:\\\/\\\/chloebordils.com\\\/about\\\/\",\"name\":\"Maquetaci\u00f3n editorial freelance e ilustraci\u00f3n minimalista\",\"isPartOf\":{\"@id\":\"https:\\\/\\\/chloebordils.com\\\/#website\"},\"primaryImageOfPage\":{\"@id\":\"https:\\\/\\\/chloebordils.com\\\/about\\\/#primaryimage\"},\"image\":{\"@id\":\"https:\\\/\\\/chloebordils.com\\\/about\\\/#primaryimage\"},\"thumbnailUrl\":\"https:\\\/\\\/chloebordils.com\\\/wp-content\\\/uploads\\\/2025\\\/01\\\/vestido_largo_y_brazos_abiertos-scaled.jpg\",\"datePublished\":\"2023-07-13T10:04:47+00:00\",\"dateModified\":\"2026-05-02T16:50:57+00:00\",\"description\":\"Maquetaci\u00f3n editorial freelance e ilustraci\u00f3n minimalista. Dise\u00f1o gr\u00e1fico para agencias, editoriales y marcas con criterio visual.\",\"breadcrumb\":{\"@id\":\"https:\\\/\\\/chloebordils.com\\\/about\\\/#breadcrumb\"},\"inLanguage\":\"fr-FR\",\"potentialAction\":[{\"@type\":\"ReadAction\",\"target\":[\"https:\\\/\\\/chloebordils.com\\\/about\\\/\"]}]},{\"@type\":\"ImageObject\",\"inLanguage\":\"fr-FR\",\"@id\":\"https:\\\/\\\/chloebordils.com\\\/about\\\/#primaryimage\",\"url\":\"https:\\\/\\\/chloebordils.com\\\/wp-content\\\/uploads\\\/2025\\\/01\\\/vestido_largo_y_brazos_abiertos-scaled.jpg\",\"contentUrl\":\"https:\\\/\\\/chloebordils.com\\\/wp-content\\\/uploads\\\/2025\\\/01\\\/vestido_largo_y_brazos_abiertos-scaled.jpg\",\"width\":2560,\"height\":2560,\"caption\":\"Mi enfoque une lo t\u00e9cnico y lo po\u00e9tico. La ilustraci\u00f3n aporta sensibilidad; la maquetaci\u00f3n, estructura. Cada decisi\u00f3n tiene un prop\u00f3sito: hacer que el contenido funcione, que el mensaje llegue, que la lectura fluya.\"},{\"@type\":\"BreadcrumbList\",\"@id\":\"https:\\\/\\\/chloebordils.com\\\/about\\\/#breadcrumb\",\"itemListElement\":[{\"@type\":\"ListItem\",\"position\":1,\"name\":\"Portada\",\"item\":\"https:\\\/\\\/chloebordils.com\\\/\"},{\"@type\":\"ListItem\",\"position\":2,\"name\":\"Chloe Bordils &#8211; Dise\u00f1o Gr\u00e1fico E Ilustraci\u00f3n\"}]},{\"@type\":\"WebSite\",\"@id\":\"https:\\\/\\\/chloebordils.com\\\/#website\",\"url\":\"https:\\\/\\\/chloebordils.com\\\/\",\"name\":\"chloebordils.com\",\"description\":\"Ilustraci\u00f3n y dise\u00f1o gr\u00e1fico\",\"publisher\":{\"@id\":\"https:\\\/\\\/chloebordils.com\\\/#\\\/schema\\\/person\\\/d49ae91dabf2ecf396d2555ce8e1dfe3\"},\"alternateName\":\"Chloe Bordils ilustraci\u00f3n\",\"potentialAction\":[{\"@type\":\"SearchAction\",\"target\":{\"@type\":\"EntryPoint\",\"urlTemplate\":\"https:\\\/\\\/chloebordils.com\\\/?s={search_term_string}\"},\"query-input\":{\"@type\":\"PropertyValueSpecification\",\"valueRequired\":true,\"valueName\":\"search_term_string\"}}],\"inLanguage\":\"fr-FR\"},{\"@type\":[\"Person\",\"Organization\"],\"@id\":\"https:\\\/\\\/chloebordils.com\\\/#\\\/schema\\\/person\\\/d49ae91dabf2ecf396d2555ce8e1dfe3\",\"name\":\"Chloe Bordils ilustraci\u00f3n\",\"image\":{\"@type\":\"ImageObject\",\"inLanguage\":\"fr-FR\",\"@id\":\"https:\\\/\\\/chloebordils.com\\\/wp-content\\\/uploads\\\/2023\\\/07\\\/cropped-chloe_rond.png\",\"url\":\"https:\\\/\\\/chloebordils.com\\\/wp-content\\\/uploads\\\/2023\\\/07\\\/cropped-chloe_rond.png\",\"contentUrl\":\"https:\\\/\\\/chloebordils.com\\\/wp-content\\\/uploads\\\/2023\\\/07\\\/cropped-chloe_rond.png\",\"width\":512,\"height\":512,\"caption\":\"Chloe Bordils ilustraci\u00f3n\"},\"logo\":{\"@id\":\"https:\\\/\\\/chloebordils.com\\\/wp-content\\\/uploads\\\/2023\\\/07\\\/cropped-chloe_rond.png\"},\"description\":\"Ilustraci\u00f3n minimalista y productos estampados con dibujos sencillos de personajes so\u00f1adores para personas que buscan tranquilidad e inspiraci\u00f3n en este mundo tan ajetreado.\",\"sameAs\":[\"https:\\\/\\\/www.facebook.com\\\/elvira.daudet.3\",\"https:\\\/\\\/www.instagram.com\\\/chloe_bordils\\\/\",\"https:\\\/\\\/www.linkedin.com\\\/in\\\/chloe-bordils-883691312\\\/\",\"https:\\\/\\\/es.pinterest.com\\\/chloe_bordils\"]}]}<\/script>\n<!-- \/ Yoast SEO plugin. -->","yoast_head_json":{"title":"Maquetaci\u00f3n editorial freelance e ilustraci\u00f3n minimalista","description":"Maquetaci\u00f3n editorial freelance e ilustraci\u00f3n minimalista. Dise\u00f1o gr\u00e1fico para agencias, editoriales y marcas con criterio visual.","robots":{"index":"index","follow":"follow","max-snippet":"max-snippet:-1","max-image-preview":"max-image-preview:large","max-video-preview":"max-video-preview:-1"},"canonical":"https:\/\/chloebordils.com\/fr\/about\/","og_locale":"fr_FR","og_type":"article","og_title":"Dise\u00f1adora Gr\u00e1fica - Ilustradora","og_description":"Dise\u00f1adora gr\u00e1fica especializada en maquetaci\u00f3n editorial e ilustradora. Creo arte para ti que valoras la sencillez con significado y vendo productos estampados de arte minimalista","og_url":"https:\/\/chloebordils.com\/fr\/about\/","og_site_name":"Chloe Bordils","article_publisher":"https:\/\/www.facebook.com\/elvira.daudet.3","article_modified_time":"2026-05-02T16:50:57+00:00","og_image":[{"width":500,"height":500,"url":"https:\/\/chloebordils.com\/wp-content\/uploads\/2025\/01\/chloe_bordils.jpg","type":"image\/jpeg"}],"twitter_card":"summary_large_image","twitter_misc":{"Dur\u00e9e de lecture estim\u00e9e":"2 minutes"},"schema":{"@context":"https:\/\/schema.org","@graph":[{"@type":"WebPage","@id":"https:\/\/chloebordils.com\/about\/","url":"https:\/\/chloebordils.com\/about\/","name":"Maquetaci\u00f3n editorial freelance e ilustraci\u00f3n minimalista","isPartOf":{"@id":"https:\/\/chloebordils.com\/#website"},"primaryImageOfPage":{"@id":"https:\/\/chloebordils.com\/about\/#primaryimage"},"image":{"@id":"https:\/\/chloebordils.com\/about\/#primaryimage"},"thumbnailUrl":"https:\/\/chloebordils.com\/wp-content\/uploads\/2025\/01\/vestido_largo_y_brazos_abiertos-scaled.jpg","datePublished":"2023-07-13T10:04:47+00:00","dateModified":"2026-05-02T16:50:57+00:00","description":"Maquetaci\u00f3n editorial freelance e ilustraci\u00f3n minimalista. Dise\u00f1o gr\u00e1fico para agencias, editoriales y marcas con criterio visual.","breadcrumb":{"@id":"https:\/\/chloebordils.com\/about\/#breadcrumb"},"inLanguage":"fr-FR","potentialAction":[{"@type":"ReadAction","target":["https:\/\/chloebordils.com\/about\/"]}]},{"@type":"ImageObject","inLanguage":"fr-FR","@id":"https:\/\/chloebordils.com\/about\/#primaryimage","url":"https:\/\/chloebordils.com\/wp-content\/uploads\/2025\/01\/vestido_largo_y_brazos_abiertos-scaled.jpg","contentUrl":"https:\/\/chloebordils.com\/wp-content\/uploads\/2025\/01\/vestido_largo_y_brazos_abiertos-scaled.jpg","width":2560,"height":2560,"caption":"Mi enfoque une lo t\u00e9cnico y lo po\u00e9tico. La ilustraci\u00f3n aporta sensibilidad; la maquetaci\u00f3n, estructura. Cada decisi\u00f3n tiene un prop\u00f3sito: hacer que el contenido funcione, que el mensaje llegue, que la lectura fluya."},{"@type":"BreadcrumbList","@id":"https:\/\/chloebordils.com\/about\/#breadcrumb","itemListElement":[{"@type":"ListItem","position":1,"name":"Portada","item":"https:\/\/chloebordils.com\/"},{"@type":"ListItem","position":2,"name":"Chloe Bordils &#8211; Dise\u00f1o Gr\u00e1fico E Ilustraci\u00f3n"}]},{"@type":"WebSite","@id":"https:\/\/chloebordils.com\/#website","url":"https:\/\/chloebordils.com\/","name":"chloebordils.com","description":"Ilustraci\u00f3n y dise\u00f1o gr\u00e1fico","publisher":{"@id":"https:\/\/chloebordils.com\/#\/schema\/person\/d49ae91dabf2ecf396d2555ce8e1dfe3"},"alternateName":"Chloe Bordils ilustraci\u00f3n","potentialAction":[{"@type":"SearchAction","target":{"@type":"EntryPoint","urlTemplate":"https:\/\/chloebordils.com\/?s={search_term_string}"},"query-input":{"@type":"PropertyValueSpecification","valueRequired":true,"valueName":"search_term_string"}}],"inLanguage":"fr-FR"},{"@type":["Person","Organization"],"@id":"https:\/\/chloebordils.com\/#\/schema\/person\/d49ae91dabf2ecf396d2555ce8e1dfe3","name":"Chloe Bordils ilustraci\u00f3n","image":{"@type":"ImageObject","inLanguage":"fr-FR","@id":"https:\/\/chloebordils.com\/wp-content\/uploads\/2023\/07\/cropped-chloe_rond.png","url":"https:\/\/chloebordils.com\/wp-content\/uploads\/2023\/07\/cropped-chloe_rond.png","contentUrl":"https:\/\/chloebordils.com\/wp-content\/uploads\/2023\/07\/cropped-chloe_rond.png","width":512,"height":512,"caption":"Chloe Bordils ilustraci\u00f3n"},"logo":{"@id":"https:\/\/chloebordils.com\/wp-content\/uploads\/2023\/07\/cropped-chloe_rond.png"},"description":"Ilustraci\u00f3n minimalista y productos estampados con dibujos sencillos de personajes so\u00f1adores para personas que buscan tranquilidad e inspiraci\u00f3n en este mundo tan ajetreado.","sameAs":["https:\/\/www.facebook.com\/elvira.daudet.3","https:\/\/www.instagram.com\/chloe_bordils\/","https:\/\/www.linkedin.com\/in\/chloe-bordils-883691312\/","https:\/\/es.pinterest.com\/chloe_bordils"]}]}},"_links":{"self":[{"href":"https:\/\/chloebordils.com\/fr\/wp-json\/wp\/v2\/pages\/32","targetHints":{"allow":["GET"]}}],"collection":[{"href":"https:\/\/chloebordils.com\/fr\/wp-json\/wp\/v2\/pages"}],"about":[{"href":"https:\/\/chloebordils.com\/fr\/wp-json\/wp\/v2\/types\/page"}],"author":[{"embeddable":true,"href":"https:\/\/chloebordils.com\/fr\/wp-json\/wp\/v2\/users\/1"}],"replies":[{"embeddable":true,"href":"https:\/\/chloebordils.com\/fr\/wp-json\/wp\/v2\/comments?post=32"}],"version-history":[{"count":32,"href":"https:\/\/chloebordils.com\/fr\/wp-json\/wp\/v2\/pages\/32\/revisions"}],"predecessor-version":[{"id":3608,"href":"https:\/\/chloebordils.com\/fr\/wp-json\/wp\/v2\/pages\/32\/revisions\/3608"}],"wp:featuredmedia":[{"embeddable":true,"href":"https:\/\/chloebordils.com\/fr\/wp-json\/wp\/v2\/media\/2033"}],"wp:attachment":[{"href":"https:\/\/chloebordils.com\/fr\/wp-json\/wp\/v2\/media?parent=32"}],"curies":[{"name":"wp","href":"https:\/\/api.w.org\/{rel}","templated":true}]}}