{"id":3669,"date":"2026-05-03T10:51:31","date_gmt":"2026-05-03T08:51:31","guid":{"rendered":"https:\/\/chloebordils.com\/?page_id=3669"},"modified":"2026-05-03T10:52:40","modified_gmt":"2026-05-03T08:52:40","slug":"catalogo-gerardmer","status":"publish","type":"page","link":"https:\/\/chloebordils.com\/fr\/catalogo-gerardmer\/","title":{"rendered":"catalogo-gerardmer"},"content":{"rendered":"\r\n\r\n<div class=\"et_pb_section_0 et_pb_section et_section_regular et_block_section\">\r\n\r\n<div class=\"et_pb_row_0 et_pb_row et_block_row\">\r\n\r\n<div class=\"et_pb_column_0 et_pb_column et_pb_column_4_4 et-last-child et_block_column et_pb_css_mix_blend_mode_passthrough\">\r\n\r\n<div class=\"et_pb_text_0 et_pb_text et_pb_bg_layout_light et_pb_module et_flex_module\"><div class=\"et_pb_text_inner\"><h1><span>Cat\u00e1logo Festival de G\u00e9rardmer 2026<\/span><\/h1>\n<\/div><\/div><\/div><\/div>\r\n\r\n<div class=\"et_pb_row_1 et_pb_row et_flex_row\">\r\n\r\n<div class=\"et_pb_column_1 et_pb_column et_flex_column et_pb_css_mix_blend_mode_passthrough et_flex_column_6_24 et_flex_column_12_24_tablet et_flex_column_24_24_phone\">\r\n\r\n<div class=\"et_pb_image_0 et_pb_image et_pb_module et_flex_module\"><a href=\"https:\/\/chloebordils.com\/wp-content\/uploads\/2026\/05\/equipe-du-festival-gerardmer01.jpg\" title=\"equipe-du-festival-gerardmer01\" class=\"et_pb_lightbox_image\" alt=\"Ejemplo de doble pagina cat\u00e1logo del festival Gerardmer en indesign\"><span class=\"et_pb_image_wrap\"><img loading=\"lazy\" decoding=\"async\" src=\"https:\/\/chloebordils.com\/wp-content\/uploads\/2026\/05\/equipe-du-festival-gerardmer01.jpg\" alt=\"Ejemplo de doble pagina cat\u00e1logo del festival Gerardmer en indesign\" title=\"equipe-du-festival-gerardmer01\" width=\"600\" height=\"385\" srcset=\"https:\/\/chloebordils.com\/wp-content\/uploads\/2026\/05\/equipe-du-festival-gerardmer01.jpg 600w, https:\/\/chloebordils.com\/wp-content\/uploads\/2026\/05\/equipe-du-festival-gerardmer01-480x308.jpg 480w\" sizes=\"(min-width: 0px) and (max-width: 480px) 480px, (min-width: 481px) 600px, 100vw\" class=\"wp-image-3673\" \/><\/span><\/a><\/div><\/div>\r\n\r\n<div class=\"et_pb_column_2 et_pb_column et_flex_column et_pb_css_mix_blend_mode_passthrough et_flex_column_6_24 et_flex_column_12_24_tablet et_flex_column_24_24_phone\">\r\n\r\n<div class=\"et_pb_image_1 et_pb_image et_pb_module et_flex_module\"><a href=\"https:\/\/chloebordils.com\/wp-content\/uploads\/2026\/05\/pages-festival-gerardmer03.jpg\" title=\"pages-festival-gerardmer03\" class=\"et_pb_lightbox_image\" alt=\"Ejemplo de doble p\u00e1gina cat\u00e1logo del festival Gerardmer en indesign\"><span class=\"et_pb_image_wrap\"><img loading=\"lazy\" decoding=\"async\" src=\"https:\/\/chloebordils.com\/wp-content\/uploads\/2026\/05\/pages-festival-gerardmer03.jpg\" alt=\"Ejemplo de doble p\u00e1gina cat\u00e1logo del festival Gerardmer en indesign\" title=\"pages-festival-gerardmer03\" width=\"600\" height=\"396\" srcset=\"https:\/\/chloebordils.com\/wp-content\/uploads\/2026\/05\/pages-festival-gerardmer03.jpg 600w, https:\/\/chloebordils.com\/wp-content\/uploads\/2026\/05\/pages-festival-gerardmer03-480x317.jpg 480w\" sizes=\"(min-width: 0px) and (max-width: 480px) 480px, (min-width: 481px) 600px, 100vw\" class=\"wp-image-3677\" \/><\/span><\/a><\/div><\/div>\r\n\r\n<div class=\"et_pb_column_3 et_pb_column et_flex_column et_pb_css_mix_blend_mode_passthrough et_flex_column_6_24 et_flex_column_12_24_tablet et_flex_column_24_24_phone\">\r\n\r\n<div class=\"et_pb_image_2 et_pb_image et_pb_module et_flex_module\"><a href=\"https:\/\/chloebordils.com\/wp-content\/uploads\/2026\/05\/pages-festival-gerardmer02.jpg\" title=\"pages-festival-gerardmer02\" class=\"et_pb_lightbox_image\" alt=\"Ejemplo de doble p\u00e1gina cat\u00e1logo del festival Gerardmer en indesign\"><span class=\"et_pb_image_wrap\"><img loading=\"lazy\" decoding=\"async\" src=\"https:\/\/chloebordils.com\/wp-content\/uploads\/2026\/05\/pages-festival-gerardmer02.jpg\" alt=\"Ejemplo de doble p\u00e1gina cat\u00e1logo del festival Gerardmer en indesign\" title=\"pages-festival-gerardmer02\" width=\"600\" height=\"384\" srcset=\"https:\/\/chloebordils.com\/wp-content\/uploads\/2026\/05\/pages-festival-gerardmer02.jpg 600w, https:\/\/chloebordils.com\/wp-content\/uploads\/2026\/05\/pages-festival-gerardmer02-480x307.jpg 480w\" sizes=\"(min-width: 0px) and (max-width: 480px) 480px, (min-width: 481px) 600px, 100vw\" class=\"wp-image-3676\" \/><\/span><\/a><\/div><\/div>\r\n\r\n<div class=\"et_pb_column_4 et_pb_column et-last-child et_flex_column et_pb_css_mix_blend_mode_passthrough et_flex_column_6_24 et_flex_column_12_24_tablet et_flex_column_24_24_phone\">\r\n\r\n<div class=\"et_pb_image_3 et_pb_image et_pb_module et_flex_module\"><a href=\"https:\/\/chloebordils.com\/wp-content\/uploads\/2026\/05\/pages-festival-gerardmer01.jpg\" title=\"pages-festival-gerardmer01\" class=\"et_pb_lightbox_image\" alt=\"Ejemplo de p\u00e1ginas cat\u00e1logo del festival Gerardmer en indesign\"><span class=\"et_pb_image_wrap\"><img loading=\"lazy\" decoding=\"async\" src=\"https:\/\/chloebordils.com\/wp-content\/uploads\/2026\/05\/pages-festival-gerardmer01.jpg\" alt=\"Ejemplo de p\u00e1ginas cat\u00e1logo del festival Gerardmer en indesign\" title=\"pages-festival-gerardmer01\" width=\"600\" height=\"386\" srcset=\"https:\/\/chloebordils.com\/wp-content\/uploads\/2026\/05\/pages-festival-gerardmer01.jpg 600w, https:\/\/chloebordils.com\/wp-content\/uploads\/2026\/05\/pages-festival-gerardmer01-480x309.jpg 480w\" sizes=\"(min-width: 0px) and (max-width: 480px) 480px, (min-width: 481px) 600px, 100vw\" class=\"wp-image-3674\" \/><\/span><\/a><\/div><\/div><\/div>\r\n\r\n<div class=\"et_pb_row_2 et_pb_row et_flex_row\">\r\n\r\n<div class=\"et_pb_column_5 et_pb_column et-last-child et_flex_column et_pb_css_mix_blend_mode_passthrough et_flex_column_24_24 et_flex_column_24_24_tablet et_flex_column_24_24_phone\">\r\n\r\n<div class=\"et_pb_text_1 et_pb_text et_pb_bg_layout_light et_pb_module et_flex_module\"><div class=\"et_pb_text_inner\"><p><a href=\"https:\/\/chloebordils.com\" target=\"_blank\" rel=\"noopener\">Maquetaci\u00f3n editorial<\/a> del cat\u00e1logo oficial de la 33\u00aa edici\u00f3n del Festival Internacional de Cine Fant\u00e1stico de G\u00e9rardmer, el festival de referencia del cine de terror y fantas\u00eda en Francia. Una cita anual que re\u00fane en las Vosgas a realizadores, actores y apasionados del g\u00e9nero fant\u00e1stico en torno a proyecciones, retrospectivas y masterclasses.<\/p>\n<p class=\"font-claude-response-body break-words whitespace-normal leading-[1.7]\">El proyecto se realiz\u00f3 en colaboraci\u00f3n con <a href=\"https:\/\/slumberland.design\" target=\"_blank\" rel=\"noopener\">Slumberland<\/a> y <a href=\"https:\/\/hopscotchcinema.fr\" target=\"_blank\" rel=\"noopener\">Hopscotch Cin\u00e9ma<\/a>. El concepto creativo y la direcci\u00f3n art\u00edstica son de Slumberland. <strong>Mi funci\u00f3n ha sido la ejecuci\u00f3n editorial: maquetar <\/strong>la programaci\u00f3n completa, la selecci\u00f3n de films en competici\u00f3n, los jurados y los eventos de la edici\u00f3n 2026, respetando al detalle la identidad visual definida por el estudio.<\/p>\n<p class=\"font-claude-response-body break-words whitespace-normal leading-[1.7]\">Trabajo realizado con InDesign.<\/p>\n<\/div><\/div><\/div><\/div><\/div>","protected":false},"excerpt":{"rendered":"<p>Cat\u00e1logo Festival de G\u00e9rardmer 2026<br \/>\nMaquetaci\u00f3n editorial del cat\u00e1logo oficial de la 33\u00aa edici\u00f3n del Festival Internacional de Cine Fant\u00e1stico de G\u00e9rardmer, el festival de referencia del cine de terror y fantas\u00eda en Francia. Una cita anual que re\u00fane en las Vosgas a realizadores, actores y apasionados del g\u00e9nero fant\u00e1stico en torno a proyecciones, retrospectivas y masterclasses.<br \/>\nEl proyecto se realiz\u00f3 en colaboraci\u00f3n con Slumberland y Hopscotch Cin\u00e9ma. El concepto creativo y la direcci\u00f3n art\u00edstica son de Slumberland. Mi rol fue la ejecuci\u00f3n editorial: maquetar la programaci\u00f3n completa, la selecci\u00f3n de films en competici\u00f3n, los jurados y los eventos de la edici\u00f3n 2026, respetando al detalle la identidad visual definida por el estudio.<br \/>\nTrabajo realizado con InDesign<\/p>","protected":false},"author":2,"featured_media":3549,"parent":0,"menu_order":0,"comment_status":"closed","ping_status":"closed","template":"","meta":{"footnotes":""},"class_list":["post-3669","page","type-page","status-publish","has-post-thumbnail","hentry"],"yoast_head":"<!-- This site is optimized with the Yoast SEO plugin v27.5 - https:\/\/yoast.com\/product\/yoast-seo-wordpress\/ -->\n<title>Cat\u00e1logo festival de cine fant\u00e1stico: G\u00e9rardmer 2026<\/title>\n<meta name=\"description\" content=\"Cat\u00e1logo festival de cine fant\u00e1stico de G\u00e9rardmer 2026. Maquetaci\u00f3n editorial en InDesign para el festival de terror y fantas\u00eda de Francia.\" \/>\n<meta name=\"robots\" content=\"index, follow, max-snippet:-1, max-image-preview:large, max-video-preview:-1\" \/>\n<link rel=\"canonical\" href=\"https:\/\/chloebordils.com\/fr\/catalogo-gerardmer\/\" \/>\n<meta property=\"og:locale\" content=\"fr_FR\" \/>\n<meta property=\"og:type\" content=\"article\" \/>\n<meta property=\"og:title\" content=\"Cat\u00e1logo festival de cine fant\u00e1stico: G\u00e9rardmer 2026\" \/>\n<meta property=\"og:description\" content=\"Cat\u00e1logo festival de cine fant\u00e1stico de G\u00e9rardmer 2026. Maquetaci\u00f3n editorial en InDesign para la 33\u00aa edici\u00f3n del festival de terror y fantas\u00eda de Francia.\" \/>\n<meta property=\"og:url\" content=\"https:\/\/chloebordils.com\/fr\/catalogo-gerardmer\/\" \/>\n<meta property=\"og:site_name\" content=\"Chloe Bordils\" \/>\n<meta property=\"article:publisher\" content=\"https:\/\/www.facebook.com\/elvira.daudet.3\" \/>\n<meta property=\"article:modified_time\" content=\"2026-05-03T08:52:40+00:00\" \/>\n<meta property=\"og:image\" content=\"https:\/\/chloebordils.com\/wp-content\/uploads\/2026\/05\/maquetacion-editorial-chloe-bordils-ilustracion.jpg\" \/>\n\t<meta property=\"og:image:width\" content=\"281\" \/>\n\t<meta property=\"og:image:height\" content=\"200\" \/>\n\t<meta property=\"og:image:type\" content=\"image\/jpeg\" \/>\n<meta name=\"twitter:card\" content=\"summary_large_image\" \/>\n<meta name=\"twitter:label1\" content=\"Dur\u00e9e de lecture estim\u00e9e\" \/>\n\t<meta name=\"twitter:data1\" content=\"1 minute\" \/>\n<script type=\"application\/ld+json\" class=\"yoast-schema-graph\">{\"@context\":\"https:\\\/\\\/schema.org\",\"@graph\":[{\"@type\":\"WebPage\",\"@id\":\"https:\\\/\\\/chloebordils.com\\\/catalogo-gerardmer\\\/\",\"url\":\"https:\\\/\\\/chloebordils.com\\\/catalogo-gerardmer\\\/\",\"name\":\"Cat\u00e1logo festival de cine fant\u00e1stico: G\u00e9rardmer 2026\",\"isPartOf\":{\"@id\":\"https:\\\/\\\/chloebordils.com\\\/#website\"},\"primaryImageOfPage\":{\"@id\":\"https:\\\/\\\/chloebordils.com\\\/catalogo-gerardmer\\\/#primaryimage\"},\"image\":{\"@id\":\"https:\\\/\\\/chloebordils.com\\\/catalogo-gerardmer\\\/#primaryimage\"},\"thumbnailUrl\":\"https:\\\/\\\/chloebordils.com\\\/wp-content\\\/uploads\\\/2026\\\/05\\\/maquetacion-editorial-chloe-bordils-ilustracion.jpg\",\"datePublished\":\"2026-05-03T08:51:31+00:00\",\"dateModified\":\"2026-05-03T08:52:40+00:00\",\"description\":\"Cat\u00e1logo festival de cine fant\u00e1stico de G\u00e9rardmer 2026. Maquetaci\u00f3n editorial en InDesign para el festival de terror y fantas\u00eda de Francia.\",\"breadcrumb\":{\"@id\":\"https:\\\/\\\/chloebordils.com\\\/catalogo-gerardmer\\\/#breadcrumb\"},\"inLanguage\":\"fr-FR\",\"potentialAction\":[{\"@type\":\"ReadAction\",\"target\":[\"https:\\\/\\\/chloebordils.com\\\/catalogo-gerardmer\\\/\"]}]},{\"@type\":\"ImageObject\",\"inLanguage\":\"fr-FR\",\"@id\":\"https:\\\/\\\/chloebordils.com\\\/catalogo-gerardmer\\\/#primaryimage\",\"url\":\"https:\\\/\\\/chloebordils.com\\\/wp-content\\\/uploads\\\/2026\\\/05\\\/maquetacion-editorial-chloe-bordils-ilustracion.jpg\",\"contentUrl\":\"https:\\\/\\\/chloebordils.com\\\/wp-content\\\/uploads\\\/2026\\\/05\\\/maquetacion-editorial-chloe-bordils-ilustracion.jpg\",\"width\":281,\"height\":200,\"caption\":\"Maquetaci\u00f3n editorial freelance chloe bordils\"},{\"@type\":\"BreadcrumbList\",\"@id\":\"https:\\\/\\\/chloebordils.com\\\/catalogo-gerardmer\\\/#breadcrumb\",\"itemListElement\":[{\"@type\":\"ListItem\",\"position\":1,\"name\":\"Portada\",\"item\":\"https:\\\/\\\/chloebordils.com\\\/\"},{\"@type\":\"ListItem\",\"position\":2,\"name\":\"catalogo-gerardmer\"}]},{\"@type\":\"WebSite\",\"@id\":\"https:\\\/\\\/chloebordils.com\\\/#website\",\"url\":\"https:\\\/\\\/chloebordils.com\\\/\",\"name\":\"chloebordils.com\",\"description\":\"Ilustraci\u00f3n y dise\u00f1o gr\u00e1fico\",\"publisher\":{\"@id\":\"https:\\\/\\\/chloebordils.com\\\/#\\\/schema\\\/person\\\/d49ae91dabf2ecf396d2555ce8e1dfe3\"},\"alternateName\":\"Chloe Bordils ilustraci\u00f3n\",\"potentialAction\":[{\"@type\":\"SearchAction\",\"target\":{\"@type\":\"EntryPoint\",\"urlTemplate\":\"https:\\\/\\\/chloebordils.com\\\/?s={search_term_string}\"},\"query-input\":{\"@type\":\"PropertyValueSpecification\",\"valueRequired\":true,\"valueName\":\"search_term_string\"}}],\"inLanguage\":\"fr-FR\"},{\"@type\":[\"Person\",\"Organization\"],\"@id\":\"https:\\\/\\\/chloebordils.com\\\/#\\\/schema\\\/person\\\/d49ae91dabf2ecf396d2555ce8e1dfe3\",\"name\":\"Chloe Bordils ilustraci\u00f3n\",\"image\":{\"@type\":\"ImageObject\",\"inLanguage\":\"fr-FR\",\"@id\":\"https:\\\/\\\/chloebordils.com\\\/wp-content\\\/uploads\\\/2023\\\/07\\\/cropped-chloe_rond.png\",\"url\":\"https:\\\/\\\/chloebordils.com\\\/wp-content\\\/uploads\\\/2023\\\/07\\\/cropped-chloe_rond.png\",\"contentUrl\":\"https:\\\/\\\/chloebordils.com\\\/wp-content\\\/uploads\\\/2023\\\/07\\\/cropped-chloe_rond.png\",\"width\":512,\"height\":512,\"caption\":\"Chloe Bordils ilustraci\u00f3n\"},\"logo\":{\"@id\":\"https:\\\/\\\/chloebordils.com\\\/wp-content\\\/uploads\\\/2023\\\/07\\\/cropped-chloe_rond.png\"},\"description\":\"Ilustraci\u00f3n minimalista y productos estampados con dibujos sencillos de personajes so\u00f1adores para personas que buscan tranquilidad e inspiraci\u00f3n en este mundo tan ajetreado.\",\"sameAs\":[\"https:\\\/\\\/www.facebook.com\\\/elvira.daudet.3\",\"https:\\\/\\\/www.instagram.com\\\/chloe_bordils\\\/\",\"https:\\\/\\\/www.linkedin.com\\\/in\\\/chloe-bordils-883691312\\\/\",\"https:\\\/\\\/es.pinterest.com\\\/chloe_bordils\"]}]}<\/script>\n<!-- \/ Yoast SEO plugin. -->","yoast_head_json":{"title":"Cat\u00e1logo festival de cine fant\u00e1stico: G\u00e9rardmer 2026","description":"Cat\u00e1logo festival de cine fant\u00e1stico de G\u00e9rardmer 2026. Maquetaci\u00f3n editorial en InDesign para el festival de terror y fantas\u00eda de Francia.","robots":{"index":"index","follow":"follow","max-snippet":"max-snippet:-1","max-image-preview":"max-image-preview:large","max-video-preview":"max-video-preview:-1"},"canonical":"https:\/\/chloebordils.com\/fr\/catalogo-gerardmer\/","og_locale":"fr_FR","og_type":"article","og_title":"Cat\u00e1logo festival de cine fant\u00e1stico: G\u00e9rardmer 2026","og_description":"Cat\u00e1logo festival de cine fant\u00e1stico de G\u00e9rardmer 2026. Maquetaci\u00f3n editorial en InDesign para la 33\u00aa edici\u00f3n del festival de terror y fantas\u00eda de Francia.","og_url":"https:\/\/chloebordils.com\/fr\/catalogo-gerardmer\/","og_site_name":"Chloe Bordils","article_publisher":"https:\/\/www.facebook.com\/elvira.daudet.3","article_modified_time":"2026-05-03T08:52:40+00:00","og_image":[{"width":281,"height":200,"url":"https:\/\/chloebordils.com\/wp-content\/uploads\/2026\/05\/maquetacion-editorial-chloe-bordils-ilustracion.jpg","type":"image\/jpeg"}],"twitter_card":"summary_large_image","twitter_misc":{"Dur\u00e9e de lecture estim\u00e9e":"1 minute"},"schema":{"@context":"https:\/\/schema.org","@graph":[{"@type":"WebPage","@id":"https:\/\/chloebordils.com\/catalogo-gerardmer\/","url":"https:\/\/chloebordils.com\/catalogo-gerardmer\/","name":"Cat\u00e1logo festival de cine fant\u00e1stico: G\u00e9rardmer 2026","isPartOf":{"@id":"https:\/\/chloebordils.com\/#website"},"primaryImageOfPage":{"@id":"https:\/\/chloebordils.com\/catalogo-gerardmer\/#primaryimage"},"image":{"@id":"https:\/\/chloebordils.com\/catalogo-gerardmer\/#primaryimage"},"thumbnailUrl":"https:\/\/chloebordils.com\/wp-content\/uploads\/2026\/05\/maquetacion-editorial-chloe-bordils-ilustracion.jpg","datePublished":"2026-05-03T08:51:31+00:00","dateModified":"2026-05-03T08:52:40+00:00","description":"Cat\u00e1logo festival de cine fant\u00e1stico de G\u00e9rardmer 2026. Maquetaci\u00f3n editorial en InDesign para el festival de terror y fantas\u00eda de Francia.","breadcrumb":{"@id":"https:\/\/chloebordils.com\/catalogo-gerardmer\/#breadcrumb"},"inLanguage":"fr-FR","potentialAction":[{"@type":"ReadAction","target":["https:\/\/chloebordils.com\/catalogo-gerardmer\/"]}]},{"@type":"ImageObject","inLanguage":"fr-FR","@id":"https:\/\/chloebordils.com\/catalogo-gerardmer\/#primaryimage","url":"https:\/\/chloebordils.com\/wp-content\/uploads\/2026\/05\/maquetacion-editorial-chloe-bordils-ilustracion.jpg","contentUrl":"https:\/\/chloebordils.com\/wp-content\/uploads\/2026\/05\/maquetacion-editorial-chloe-bordils-ilustracion.jpg","width":281,"height":200,"caption":"Maquetaci\u00f3n editorial freelance chloe bordils"},{"@type":"BreadcrumbList","@id":"https:\/\/chloebordils.com\/catalogo-gerardmer\/#breadcrumb","itemListElement":[{"@type":"ListItem","position":1,"name":"Portada","item":"https:\/\/chloebordils.com\/"},{"@type":"ListItem","position":2,"name":"catalogo-gerardmer"}]},{"@type":"WebSite","@id":"https:\/\/chloebordils.com\/#website","url":"https:\/\/chloebordils.com\/","name":"chloebordils.com","description":"Ilustraci\u00f3n y dise\u00f1o gr\u00e1fico","publisher":{"@id":"https:\/\/chloebordils.com\/#\/schema\/person\/d49ae91dabf2ecf396d2555ce8e1dfe3"},"alternateName":"Chloe Bordils ilustraci\u00f3n","potentialAction":[{"@type":"SearchAction","target":{"@type":"EntryPoint","urlTemplate":"https:\/\/chloebordils.com\/?s={search_term_string}"},"query-input":{"@type":"PropertyValueSpecification","valueRequired":true,"valueName":"search_term_string"}}],"inLanguage":"fr-FR"},{"@type":["Person","Organization"],"@id":"https:\/\/chloebordils.com\/#\/schema\/person\/d49ae91dabf2ecf396d2555ce8e1dfe3","name":"Chloe Bordils ilustraci\u00f3n","image":{"@type":"ImageObject","inLanguage":"fr-FR","@id":"https:\/\/chloebordils.com\/wp-content\/uploads\/2023\/07\/cropped-chloe_rond.png","url":"https:\/\/chloebordils.com\/wp-content\/uploads\/2023\/07\/cropped-chloe_rond.png","contentUrl":"https:\/\/chloebordils.com\/wp-content\/uploads\/2023\/07\/cropped-chloe_rond.png","width":512,"height":512,"caption":"Chloe Bordils ilustraci\u00f3n"},"logo":{"@id":"https:\/\/chloebordils.com\/wp-content\/uploads\/2023\/07\/cropped-chloe_rond.png"},"description":"Ilustraci\u00f3n minimalista y productos estampados con dibujos sencillos de personajes so\u00f1adores para personas que buscan tranquilidad e inspiraci\u00f3n en este mundo tan ajetreado.","sameAs":["https:\/\/www.facebook.com\/elvira.daudet.3","https:\/\/www.instagram.com\/chloe_bordils\/","https:\/\/www.linkedin.com\/in\/chloe-bordils-883691312\/","https:\/\/es.pinterest.com\/chloe_bordils"]}]}},"_links":{"self":[{"href":"https:\/\/chloebordils.com\/fr\/wp-json\/wp\/v2\/pages\/3669","targetHints":{"allow":["GET"]}}],"collection":[{"href":"https:\/\/chloebordils.com\/fr\/wp-json\/wp\/v2\/pages"}],"about":[{"href":"https:\/\/chloebordils.com\/fr\/wp-json\/wp\/v2\/types\/page"}],"author":[{"embeddable":true,"href":"https:\/\/chloebordils.com\/fr\/wp-json\/wp\/v2\/users\/2"}],"replies":[{"embeddable":true,"href":"https:\/\/chloebordils.com\/fr\/wp-json\/wp\/v2\/comments?post=3669"}],"version-history":[{"count":8,"href":"https:\/\/chloebordils.com\/fr\/wp-json\/wp\/v2\/pages\/3669\/revisions"}],"predecessor-version":[{"id":3681,"href":"https:\/\/chloebordils.com\/fr\/wp-json\/wp\/v2\/pages\/3669\/revisions\/3681"}],"wp:featuredmedia":[{"embeddable":true,"href":"https:\/\/chloebordils.com\/fr\/wp-json\/wp\/v2\/media\/3549"}],"wp:attachment":[{"href":"https:\/\/chloebordils.com\/fr\/wp-json\/wp\/v2\/media?parent=3669"}],"curies":[{"name":"wp","href":"https:\/\/api.w.org\/{rel}","templated":true}]}}