{"id":3682,"date":"2026-05-03T16:28:01","date_gmt":"2026-05-03T14:28:01","guid":{"rendered":"https:\/\/chloebordils.com\/?page_id=3682"},"modified":"2026-05-03T16:28:01","modified_gmt":"2026-05-03T14:28:01","slug":"catalogo-film-festival","status":"publish","type":"page","link":"https:\/\/chloebordils.com\/fr\/catalogo-film-festival\/","title":{"rendered":"catalogo-film-festival"},"content":{"rendered":"\r\n\r\n<div class=\"et_pb_section_0 et_pb_section et_section_regular et_block_section\">\r\n\r\n<div class=\"et_pb_row_0 et_pb_row et_block_row\">\r\n\r\n<div class=\"et_pb_column_0 et_pb_column et_pb_column_4_4 et-last-child et_block_column et_pb_css_mix_blend_mode_passthrough\">\r\n\r\n<div class=\"et_pb_text_0 et_pb_text et_pb_bg_layout_light et_pb_module et_flex_module\"><div class=\"et_pb_text_inner\"><h1><span>Cat\u00e1logo Vincennes Film Festival<\/span><\/h1>\n<\/div><\/div><\/div><\/div>\r\n\r\n<div class=\"et_pb_row_1 et_pb_row et_flex_row\">\r\n\r\n<div class=\"et_pb_column_1 et_pb_column et_flex_column et_pb_css_mix_blend_mode_passthrough et_flex_column_12_24 et_flex_column_12_24_tablet et_flex_column_24_24_phone\">\r\n\r\n<div class=\"et_pb_image_0 et_pb_image et_pb_module et_flex_module\"><a href=\"https:\/\/chloebordils.com\/wp-content\/uploads\/2026\/05\/film-festival-03.jpg\" title=\"film-festival-03\" class=\"et_pb_lightbox_image\" alt=\"Ejemplo de p\u00e1ginas del cat\u00e1logo del film festival Vincennes con indesign\"><span class=\"et_pb_image_wrap\"><img loading=\"lazy\" decoding=\"async\" src=\"https:\/\/chloebordils.com\/wp-content\/uploads\/2026\/05\/film-festival-03.jpg\" alt=\"Ejemplo de p\u00e1ginas del cat\u00e1logo del film festival Vincennes con indesign\" title=\"film-festival-03\" width=\"600\" height=\"420\" srcset=\"https:\/\/chloebordils.com\/wp-content\/uploads\/2026\/05\/film-festival-03.jpg 600w, https:\/\/chloebordils.com\/wp-content\/uploads\/2026\/05\/film-festival-03-480x336.jpg 480w\" sizes=\"(min-width: 0px) and (max-width: 480px) 480px, (min-width: 481px) 600px, 100vw\" class=\"wp-image-3686\" \/><\/span><\/a><\/div><\/div>\r\n\r\n<div class=\"et_pb_column_2 et_pb_column et-last-child et_flex_column et_pb_css_mix_blend_mode_passthrough et_flex_column_12_24 et_flex_column_12_24_tablet et_flex_column_24_24_phone\">\r\n\r\n<div class=\"et_pb_image_1 et_pb_image et_pb_module et_flex_module\"><a href=\"https:\/\/chloebordils.com\/wp-content\/uploads\/2026\/05\/film-festival-02.jpg\" title=\"film-festival-02\" class=\"et_pb_lightbox_image\" alt=\"Ejemplo de doble p\u00e1gina cat\u00e1logo del film festival Vincennes con indesign\"><span class=\"et_pb_image_wrap\"><img loading=\"lazy\" decoding=\"async\" src=\"https:\/\/chloebordils.com\/wp-content\/uploads\/2026\/05\/film-festival-02.jpg\" alt=\"Ejemplo de doble p\u00e1gina cat\u00e1logo del film festival Vincennes con indesign\" title=\"film-festival-02\" width=\"600\" height=\"424\" srcset=\"https:\/\/chloebordils.com\/wp-content\/uploads\/2026\/05\/film-festival-02.jpg 600w, https:\/\/chloebordils.com\/wp-content\/uploads\/2026\/05\/film-festival-02-480x339.jpg 480w\" sizes=\"(min-width: 0px) and (max-width: 480px) 480px, (min-width: 481px) 600px, 100vw\" class=\"wp-image-3685\" \/><\/span><\/a><\/div><\/div><\/div>\r\n\r\n<div class=\"et_pb_row_2 et_pb_row et_flex_row\">\r\n\r\n<div class=\"et_pb_column_3 et_pb_column et-last-child et_flex_column et_pb_css_mix_blend_mode_passthrough et_flex_column_24_24 et_flex_column_24_24_tablet et_flex_column_24_24_phone\">\r\n\r\n<div class=\"et_pb_text_1 et_pb_text et_pb_bg_layout_light et_pb_module et_flex_module\"><div class=\"et_pb_text_inner\"><p class=\"font-claude-response-body break-words whitespace-normal leading-[1.7]\">Maquetaci\u00f3n editorial del cat\u00e1logo oficial del Vincennes Film Festival, festival de cine celebrado en la Maison des associations de Vincennes. Un evento cultural local que re\u00fane a los habitantes de la ciudad en torno al cine y la creaci\u00f3n cinematogr\u00e1fica.<\/p>\n<p class=\"font-claude-response-body break-words whitespace-normal leading-[1.7]\">Una particularidad de este proyecto es que la maquetaci\u00f3n se realiz\u00f3 con contenido incompleto: textos demasiado largos o demasiado cortos que hab\u00eda que encajar, e im\u00e1genes que a\u00fan no hab\u00edan llegado en el momento de trabajar. Una situaci\u00f3n habitual en proyectos editoriales con plazos ajustados, que requiere criterio, flexibilidad y capacidad de anticipar el resultado final antes de tener todos los elementos en mano.<\/p>\n<p class=\"font-claude-response-body break-words whitespace-normal leading-[1.7]\">El concepto creativo y la direcci\u00f3n art\u00edstica son de <a href=\"https:\/\/slumberland.design\" target=\"_blank\" rel=\"noopener\">Slumberland<\/a>. Mi funci\u00f3n ha sido la ejecuci\u00f3n editorial del cat\u00e1logo en InDesign, respetando al detalle la identidad visual definida por el estudio.<\/p>\n<\/div><\/div><\/div><\/div>\r\n\r\n<div class=\"et_pb_row_3 et_pb_row et_flex_row\">\r\n\r\n<div class=\"et_pb_column_4 et_pb_column et_flex_column et_pb_css_mix_blend_mode_passthrough et_flex_column_12_24 et_flex_column_12_24_tablet et_flex_column_24_24_phone\">\r\n\r\n<div class=\"et_pb_image_2 et_pb_image et_pb_module et_flex_module\"><a href=\"https:\/\/chloebordils.com\/wp-content\/uploads\/2026\/05\/film-festival-04.jpg\" title=\"film-festival-04\" class=\"et_pb_lightbox_image\" alt=\"Ejemplo de p\u00e1ginas del cat\u00e1logo del film festival Vincennes con indesign texto demasiado largos e imagenes a la espera\"><span class=\"et_pb_image_wrap\"><img loading=\"lazy\" decoding=\"async\" src=\"https:\/\/chloebordils.com\/wp-content\/uploads\/2026\/05\/film-festival-04.jpg\" alt=\"Ejemplo de p\u00e1ginas del cat\u00e1logo del film festival Vincennes con indesign texto demasiado largos e imagenes a la espera\" title=\"film-festival-04\" width=\"600\" height=\"367\" srcset=\"https:\/\/chloebordils.com\/wp-content\/uploads\/2026\/05\/film-festival-04.jpg 600w, https:\/\/chloebordils.com\/wp-content\/uploads\/2026\/05\/film-festival-04-480x294.jpg 480w\" sizes=\"(min-width: 0px) and (max-width: 480px) 480px, (min-width: 481px) 600px, 100vw\" class=\"wp-image-3687\" \/><\/span><\/a><\/div><\/div>\r\n\r\n<div class=\"et_pb_column_5 et_pb_column et-last-child et_flex_column et_pb_css_mix_blend_mode_passthrough et_flex_column_12_24 et_flex_column_12_24_tablet et_flex_column_24_24_phone\">\r\n\r\n<div class=\"et_pb_image_3 et_pb_image et_pb_module et_flex_module\"><a href=\"https:\/\/chloebordils.com\/wp-content\/uploads\/2026\/05\/film-festival-05.jpg\" title=\"film-festival-05\" class=\"et_pb_lightbox_image\" alt=\"Ejemplo de p\u00e1ginas del cat\u00e1logo del film festival Vincennes con indesign texto demasiado cortos e imagenes a la espera\"><span class=\"et_pb_image_wrap\"><img loading=\"lazy\" decoding=\"async\" src=\"https:\/\/chloebordils.com\/wp-content\/uploads\/2026\/05\/film-festival-05.jpg\" alt=\"Ejemplo de p\u00e1ginas del cat\u00e1logo del film festival Vincennes con indesign texto demasiado cortos e imagenes a la espera\" title=\"film-festival-05\" width=\"600\" height=\"434\" srcset=\"https:\/\/chloebordils.com\/wp-content\/uploads\/2026\/05\/film-festival-05.jpg 600w, https:\/\/chloebordils.com\/wp-content\/uploads\/2026\/05\/film-festival-05-480x347.jpg 480w\" sizes=\"(min-width: 0px) and (max-width: 480px) 480px, (min-width: 481px) 600px, 100vw\" class=\"wp-image-3688\" \/><\/span><\/a><\/div><\/div><\/div><\/div>","protected":false},"excerpt":{"rendered":"<p>Cat\u00e1logo Vincennes Film Festival<br \/>\nMaquetaci\u00f3n editorial del cat\u00e1logo oficial del Vincennes Film Festival, festival de cine celebrado en la Maison des associations de Vincennes. Un evento cultural local que re\u00fane a los habitantes de la ciudad en torno al cine y la creaci\u00f3n cinematogr\u00e1fica.<br \/>\nEl proyecto se realiz\u00f3 en colaboraci\u00f3n con Slumberland. El concepto creativo y la direcci\u00f3n art\u00edstica son de Slumberland. Mi rol fue la ejecuci\u00f3n editorial del cat\u00e1logo en InDesign, respetando al detalle la identidad visual definida por el estudio, con entrega lista para imprimir.<\/p>","protected":false},"author":2,"featured_media":3549,"parent":0,"menu_order":0,"comment_status":"closed","ping_status":"closed","template":"","meta":{"footnotes":""},"class_list":["post-3682","page","type-page","status-publish","has-post-thumbnail","hentry"],"yoast_head":"<!-- This site is optimized with the Yoast SEO plugin v27.5 - https:\/\/yoast.com\/product\/yoast-seo-wordpress\/ -->\n<title>Maquetaci\u00f3n cat\u00e1logo cultural: Vincennes Film Festival<\/title>\n<meta name=\"description\" content=\"Maquetaci\u00f3n cat\u00e1logo cultural para el Vincennes Film Festival. Dise\u00f1o editorial en InDesign en colaboraci\u00f3n con Slumberland.\" \/>\n<meta name=\"robots\" content=\"index, follow, max-snippet:-1, max-image-preview:large, max-video-preview:-1\" \/>\n<link rel=\"canonical\" href=\"https:\/\/chloebordils.com\/fr\/catalogo-film-festival\/\" \/>\n<meta property=\"og:locale\" content=\"fr_FR\" \/>\n<meta property=\"og:type\" content=\"article\" \/>\n<meta property=\"og:title\" content=\"Maquetaci\u00f3n cat\u00e1logo cultural: Vincennes Film Festival\" \/>\n<meta property=\"og:description\" content=\"Maquetaci\u00f3n cat\u00e1logo cultural para el Vincennes Film Festival. Dise\u00f1o editorial en InDesign en colaboraci\u00f3n con Slumberland.\" \/>\n<meta property=\"og:url\" content=\"https:\/\/chloebordils.com\/fr\/catalogo-film-festival\/\" \/>\n<meta property=\"og:site_name\" content=\"Chloe Bordils\" \/>\n<meta property=\"article:publisher\" content=\"https:\/\/www.facebook.com\/elvira.daudet.3\" \/>\n<meta property=\"og:image\" content=\"https:\/\/chloebordils.com\/wp-content\/uploads\/2026\/05\/maquetacion-editorial-chloe-bordils-ilustracion.jpg\" \/>\n\t<meta property=\"og:image:width\" content=\"281\" \/>\n\t<meta property=\"og:image:height\" content=\"200\" \/>\n\t<meta property=\"og:image:type\" content=\"image\/jpeg\" \/>\n<meta name=\"twitter:card\" content=\"summary_large_image\" \/>\n<meta name=\"twitter:label1\" content=\"Dur\u00e9e de lecture estim\u00e9e\" \/>\n\t<meta name=\"twitter:data1\" content=\"1 minute\" \/>\n<script type=\"application\/ld+json\" class=\"yoast-schema-graph\">{\"@context\":\"https:\\\/\\\/schema.org\",\"@graph\":[{\"@type\":\"WebPage\",\"@id\":\"https:\\\/\\\/chloebordils.com\\\/catalogo-film-festival\\\/\",\"url\":\"https:\\\/\\\/chloebordils.com\\\/catalogo-film-festival\\\/\",\"name\":\"Maquetaci\u00f3n cat\u00e1logo cultural: Vincennes Film Festival\",\"isPartOf\":{\"@id\":\"https:\\\/\\\/chloebordils.com\\\/#website\"},\"primaryImageOfPage\":{\"@id\":\"https:\\\/\\\/chloebordils.com\\\/catalogo-film-festival\\\/#primaryimage\"},\"image\":{\"@id\":\"https:\\\/\\\/chloebordils.com\\\/catalogo-film-festival\\\/#primaryimage\"},\"thumbnailUrl\":\"https:\\\/\\\/chloebordils.com\\\/wp-content\\\/uploads\\\/2026\\\/05\\\/maquetacion-editorial-chloe-bordils-ilustracion.jpg\",\"datePublished\":\"2026-05-03T14:28:01+00:00\",\"description\":\"Maquetaci\u00f3n cat\u00e1logo cultural para el Vincennes Film Festival. Dise\u00f1o editorial en InDesign en colaboraci\u00f3n con Slumberland.\",\"breadcrumb\":{\"@id\":\"https:\\\/\\\/chloebordils.com\\\/catalogo-film-festival\\\/#breadcrumb\"},\"inLanguage\":\"fr-FR\",\"potentialAction\":[{\"@type\":\"ReadAction\",\"target\":[\"https:\\\/\\\/chloebordils.com\\\/catalogo-film-festival\\\/\"]}]},{\"@type\":\"ImageObject\",\"inLanguage\":\"fr-FR\",\"@id\":\"https:\\\/\\\/chloebordils.com\\\/catalogo-film-festival\\\/#primaryimage\",\"url\":\"https:\\\/\\\/chloebordils.com\\\/wp-content\\\/uploads\\\/2026\\\/05\\\/maquetacion-editorial-chloe-bordils-ilustracion.jpg\",\"contentUrl\":\"https:\\\/\\\/chloebordils.com\\\/wp-content\\\/uploads\\\/2026\\\/05\\\/maquetacion-editorial-chloe-bordils-ilustracion.jpg\",\"width\":281,\"height\":200,\"caption\":\"Maquetaci\u00f3n editorial freelance chloe bordils\"},{\"@type\":\"BreadcrumbList\",\"@id\":\"https:\\\/\\\/chloebordils.com\\\/catalogo-film-festival\\\/#breadcrumb\",\"itemListElement\":[{\"@type\":\"ListItem\",\"position\":1,\"name\":\"Portada\",\"item\":\"https:\\\/\\\/chloebordils.com\\\/\"},{\"@type\":\"ListItem\",\"position\":2,\"name\":\"catalogo-film-festival\"}]},{\"@type\":\"WebSite\",\"@id\":\"https:\\\/\\\/chloebordils.com\\\/#website\",\"url\":\"https:\\\/\\\/chloebordils.com\\\/\",\"name\":\"chloebordils.com\",\"description\":\"Ilustraci\u00f3n y dise\u00f1o gr\u00e1fico\",\"publisher\":{\"@id\":\"https:\\\/\\\/chloebordils.com\\\/#\\\/schema\\\/person\\\/d49ae91dabf2ecf396d2555ce8e1dfe3\"},\"alternateName\":\"Chloe Bordils ilustraci\u00f3n\",\"potentialAction\":[{\"@type\":\"SearchAction\",\"target\":{\"@type\":\"EntryPoint\",\"urlTemplate\":\"https:\\\/\\\/chloebordils.com\\\/?s={search_term_string}\"},\"query-input\":{\"@type\":\"PropertyValueSpecification\",\"valueRequired\":true,\"valueName\":\"search_term_string\"}}],\"inLanguage\":\"fr-FR\"},{\"@type\":[\"Person\",\"Organization\"],\"@id\":\"https:\\\/\\\/chloebordils.com\\\/#\\\/schema\\\/person\\\/d49ae91dabf2ecf396d2555ce8e1dfe3\",\"name\":\"Chloe Bordils ilustraci\u00f3n\",\"image\":{\"@type\":\"ImageObject\",\"inLanguage\":\"fr-FR\",\"@id\":\"https:\\\/\\\/chloebordils.com\\\/wp-content\\\/uploads\\\/2023\\\/07\\\/cropped-chloe_rond.png\",\"url\":\"https:\\\/\\\/chloebordils.com\\\/wp-content\\\/uploads\\\/2023\\\/07\\\/cropped-chloe_rond.png\",\"contentUrl\":\"https:\\\/\\\/chloebordils.com\\\/wp-content\\\/uploads\\\/2023\\\/07\\\/cropped-chloe_rond.png\",\"width\":512,\"height\":512,\"caption\":\"Chloe Bordils ilustraci\u00f3n\"},\"logo\":{\"@id\":\"https:\\\/\\\/chloebordils.com\\\/wp-content\\\/uploads\\\/2023\\\/07\\\/cropped-chloe_rond.png\"},\"description\":\"Ilustraci\u00f3n minimalista y productos estampados con dibujos sencillos de personajes so\u00f1adores para personas que buscan tranquilidad e inspiraci\u00f3n en este mundo tan ajetreado.\",\"sameAs\":[\"https:\\\/\\\/www.facebook.com\\\/elvira.daudet.3\",\"https:\\\/\\\/www.instagram.com\\\/chloe_bordils\\\/\",\"https:\\\/\\\/www.linkedin.com\\\/in\\\/chloe-bordils-883691312\\\/\",\"https:\\\/\\\/es.pinterest.com\\\/chloe_bordils\"]}]}<\/script>\n<!-- \/ Yoast SEO plugin. -->","yoast_head_json":{"title":"Maquetaci\u00f3n cat\u00e1logo cultural: Vincennes Film Festival","description":"Maquetaci\u00f3n cat\u00e1logo cultural para el Vincennes Film Festival. Dise\u00f1o editorial en InDesign en colaboraci\u00f3n con Slumberland.","robots":{"index":"index","follow":"follow","max-snippet":"max-snippet:-1","max-image-preview":"max-image-preview:large","max-video-preview":"max-video-preview:-1"},"canonical":"https:\/\/chloebordils.com\/fr\/catalogo-film-festival\/","og_locale":"fr_FR","og_type":"article","og_title":"Maquetaci\u00f3n cat\u00e1logo cultural: Vincennes Film Festival","og_description":"Maquetaci\u00f3n cat\u00e1logo cultural para el Vincennes Film Festival. Dise\u00f1o editorial en InDesign en colaboraci\u00f3n con Slumberland.","og_url":"https:\/\/chloebordils.com\/fr\/catalogo-film-festival\/","og_site_name":"Chloe Bordils","article_publisher":"https:\/\/www.facebook.com\/elvira.daudet.3","og_image":[{"width":281,"height":200,"url":"https:\/\/chloebordils.com\/wp-content\/uploads\/2026\/05\/maquetacion-editorial-chloe-bordils-ilustracion.jpg","type":"image\/jpeg"}],"twitter_card":"summary_large_image","twitter_misc":{"Dur\u00e9e de lecture estim\u00e9e":"1 minute"},"schema":{"@context":"https:\/\/schema.org","@graph":[{"@type":"WebPage","@id":"https:\/\/chloebordils.com\/catalogo-film-festival\/","url":"https:\/\/chloebordils.com\/catalogo-film-festival\/","name":"Maquetaci\u00f3n cat\u00e1logo cultural: Vincennes Film Festival","isPartOf":{"@id":"https:\/\/chloebordils.com\/#website"},"primaryImageOfPage":{"@id":"https:\/\/chloebordils.com\/catalogo-film-festival\/#primaryimage"},"image":{"@id":"https:\/\/chloebordils.com\/catalogo-film-festival\/#primaryimage"},"thumbnailUrl":"https:\/\/chloebordils.com\/wp-content\/uploads\/2026\/05\/maquetacion-editorial-chloe-bordils-ilustracion.jpg","datePublished":"2026-05-03T14:28:01+00:00","description":"Maquetaci\u00f3n cat\u00e1logo cultural para el Vincennes Film Festival. Dise\u00f1o editorial en InDesign en colaboraci\u00f3n con Slumberland.","breadcrumb":{"@id":"https:\/\/chloebordils.com\/catalogo-film-festival\/#breadcrumb"},"inLanguage":"fr-FR","potentialAction":[{"@type":"ReadAction","target":["https:\/\/chloebordils.com\/catalogo-film-festival\/"]}]},{"@type":"ImageObject","inLanguage":"fr-FR","@id":"https:\/\/chloebordils.com\/catalogo-film-festival\/#primaryimage","url":"https:\/\/chloebordils.com\/wp-content\/uploads\/2026\/05\/maquetacion-editorial-chloe-bordils-ilustracion.jpg","contentUrl":"https:\/\/chloebordils.com\/wp-content\/uploads\/2026\/05\/maquetacion-editorial-chloe-bordils-ilustracion.jpg","width":281,"height":200,"caption":"Maquetaci\u00f3n editorial freelance chloe bordils"},{"@type":"BreadcrumbList","@id":"https:\/\/chloebordils.com\/catalogo-film-festival\/#breadcrumb","itemListElement":[{"@type":"ListItem","position":1,"name":"Portada","item":"https:\/\/chloebordils.com\/"},{"@type":"ListItem","position":2,"name":"catalogo-film-festival"}]},{"@type":"WebSite","@id":"https:\/\/chloebordils.com\/#website","url":"https:\/\/chloebordils.com\/","name":"chloebordils.com","description":"Ilustraci\u00f3n y dise\u00f1o gr\u00e1fico","publisher":{"@id":"https:\/\/chloebordils.com\/#\/schema\/person\/d49ae91dabf2ecf396d2555ce8e1dfe3"},"alternateName":"Chloe Bordils ilustraci\u00f3n","potentialAction":[{"@type":"SearchAction","target":{"@type":"EntryPoint","urlTemplate":"https:\/\/chloebordils.com\/?s={search_term_string}"},"query-input":{"@type":"PropertyValueSpecification","valueRequired":true,"valueName":"search_term_string"}}],"inLanguage":"fr-FR"},{"@type":["Person","Organization"],"@id":"https:\/\/chloebordils.com\/#\/schema\/person\/d49ae91dabf2ecf396d2555ce8e1dfe3","name":"Chloe Bordils ilustraci\u00f3n","image":{"@type":"ImageObject","inLanguage":"fr-FR","@id":"https:\/\/chloebordils.com\/wp-content\/uploads\/2023\/07\/cropped-chloe_rond.png","url":"https:\/\/chloebordils.com\/wp-content\/uploads\/2023\/07\/cropped-chloe_rond.png","contentUrl":"https:\/\/chloebordils.com\/wp-content\/uploads\/2023\/07\/cropped-chloe_rond.png","width":512,"height":512,"caption":"Chloe Bordils ilustraci\u00f3n"},"logo":{"@id":"https:\/\/chloebordils.com\/wp-content\/uploads\/2023\/07\/cropped-chloe_rond.png"},"description":"Ilustraci\u00f3n minimalista y productos estampados con dibujos sencillos de personajes so\u00f1adores para personas que buscan tranquilidad e inspiraci\u00f3n en este mundo tan ajetreado.","sameAs":["https:\/\/www.facebook.com\/elvira.daudet.3","https:\/\/www.instagram.com\/chloe_bordils\/","https:\/\/www.linkedin.com\/in\/chloe-bordils-883691312\/","https:\/\/es.pinterest.com\/chloe_bordils"]}]}},"_links":{"self":[{"href":"https:\/\/chloebordils.com\/fr\/wp-json\/wp\/v2\/pages\/3682","targetHints":{"allow":["GET"]}}],"collection":[{"href":"https:\/\/chloebordils.com\/fr\/wp-json\/wp\/v2\/pages"}],"about":[{"href":"https:\/\/chloebordils.com\/fr\/wp-json\/wp\/v2\/types\/page"}],"author":[{"embeddable":true,"href":"https:\/\/chloebordils.com\/fr\/wp-json\/wp\/v2\/users\/2"}],"replies":[{"embeddable":true,"href":"https:\/\/chloebordils.com\/fr\/wp-json\/wp\/v2\/comments?post=3682"}],"version-history":[{"count":4,"href":"https:\/\/chloebordils.com\/fr\/wp-json\/wp\/v2\/pages\/3682\/revisions"}],"predecessor-version":[{"id":3690,"href":"https:\/\/chloebordils.com\/fr\/wp-json\/wp\/v2\/pages\/3682\/revisions\/3690"}],"wp:featuredmedia":[{"embeddable":true,"href":"https:\/\/chloebordils.com\/fr\/wp-json\/wp\/v2\/media\/3549"}],"wp:attachment":[{"href":"https:\/\/chloebordils.com\/fr\/wp-json\/wp\/v2\/media?parent=3682"}],"curies":[{"name":"wp","href":"https:\/\/api.w.org\/{rel}","templated":true}]}}