{"id":3713,"date":"2026-05-03T17:23:23","date_gmt":"2026-05-03T15:23:23","guid":{"rendered":"https:\/\/chloebordils.com\/?page_id=3713"},"modified":"2026-05-03T17:57:35","modified_gmt":"2026-05-03T15:57:35","slug":"mural-restaurante","status":"publish","type":"page","link":"https:\/\/chloebordils.com\/fr\/mural-restaurante\/","title":{"rendered":"mural-restaurante"},"content":{"rendered":"<div class=\"et_pb_section_0 et_pb_section et_section_regular et_block_section\">\n<div class=\"et_pb_row_0 et_pb_row et_block_row\">\n<div class=\"et_pb_column_0 et_pb_column et_pb_column_4_4 et-last-child et_block_column et_pb_css_mix_blend_mode_passthrough\">\n<div class=\"et_pb_text_0 et_pb_text et_pb_bg_layout_light et_pb_module et_flex_module\"><div class=\"et_pb_text_inner\"><h1>Mural para el restaurante El Poco Loco en Par\u00eds<\/h1>\n<\/div><\/div>\n<\/div>\n<\/div>\n\n<div class=\"et_pb_row_1 et_pb_row et_flex_row\">\n<div class=\"et_pb_column_1 et_pb_column et_flex_column et_pb_css_mix_blend_mode_passthrough et_flex_column_6_24 et_flex_column_12_24_tablet et_flex_column_24_24_phone\">\n<div class=\"et_pb_image_0 et_pb_image et_pb_module et_flex_module\"><a href=\"https:\/\/chloebordils.com\/wp-content\/uploads\/2025\/01\/20030309-pared7.jpg\" title=\"20030309-pared7\" class=\"et_pb_lightbox_image\" alt=\"mural ilustraci\u00f3n espacio planetas restaurante Par\u00eds\"><span class=\"et_pb_image_wrap\"><img loading=\"lazy\" decoding=\"async\" src=\"https:\/\/chloebordils.com\/wp-content\/uploads\/2025\/01\/20030309-pared7.jpg\" alt=\"mural ilustraci\u00f3n espacio planetas restaurante Par\u00eds\" title=\"20030309-pared7\" width=\"640\" height=\"480\" srcset=\"https:\/\/chloebordils.com\/wp-content\/uploads\/2025\/01\/20030309-pared7.jpg 640w, https:\/\/chloebordils.com\/wp-content\/uploads\/2025\/01\/20030309-pared7-480x360.jpg 480w\" sizes=\"(min-width: 0px) and (max-width: 480px) 480px, (min-width: 481px) 640px, 100vw\" class=\"wp-image-2128\" \/><\/span><\/a><\/div>\n<\/div>\n\n<div class=\"et_pb_column_2 et_pb_column et_flex_column et_pb_css_mix_blend_mode_passthrough et_flex_column_6_24 et_flex_column_12_24_tablet et_flex_column_24_24_phone\">\n<div class=\"et_pb_image_1 et_pb_image et_pb_module et_flex_module\"><a href=\"https:\/\/chloebordils.com\/wp-content\/uploads\/2025\/01\/20030309-pared6.jpg\" title=\"20030309-pared6\" class=\"et_pb_lightbox_image\" alt=\"Chloe y Santiago Bordils realizando un mural en el restaurante El Poco Loco en Par\u00eds\"><span class=\"et_pb_image_wrap\"><img loading=\"lazy\" decoding=\"async\" src=\"https:\/\/chloebordils.com\/wp-content\/uploads\/2025\/01\/20030309-pared6.jpg\" alt=\"Chloe y Santiago Bordils realizando un mural en el restaurante El Poco Loco en Par\u00eds\" title=\"20030309-pared6\" width=\"640\" height=\"480\" srcset=\"https:\/\/chloebordils.com\/wp-content\/uploads\/2025\/01\/20030309-pared6.jpg 640w, https:\/\/chloebordils.com\/wp-content\/uploads\/2025\/01\/20030309-pared6-480x360.jpg 480w\" sizes=\"(min-width: 0px) and (max-width: 480px) 480px, (min-width: 481px) 640px, 100vw\" class=\"wp-image-2126\" \/><\/span><\/a><\/div>\n<\/div>\n\n<div class=\"et_pb_column_3 et_pb_column et_flex_column et_pb_css_mix_blend_mode_passthrough et_flex_column_6_24 et_flex_column_12_24_tablet et_flex_column_24_24_phone\">\n<div class=\"et_pb_image_2 et_pb_image et_pb_module et_flex_module\"><a href=\"https:\/\/chloebordils.com\/wp-content\/uploads\/2025\/01\/20030309-pared15.jpg\" title=\"20030309-pared15\" class=\"et_pb_lightbox_image\" alt=\"mural restaurante ilustraci\u00f3n colorida acr\u00edlico\"><span class=\"et_pb_image_wrap\"><img loading=\"lazy\" decoding=\"async\" src=\"https:\/\/chloebordils.com\/wp-content\/uploads\/2025\/01\/20030309-pared15.jpg\" alt=\"mural restaurante ilustraci\u00f3n colorida acr\u00edlico\" title=\"20030309-pared15\" width=\"640\" height=\"480\" srcset=\"https:\/\/chloebordils.com\/wp-content\/uploads\/2025\/01\/20030309-pared15.jpg 640w, https:\/\/chloebordils.com\/wp-content\/uploads\/2025\/01\/20030309-pared15-480x360.jpg 480w\" sizes=\"(min-width: 0px) and (max-width: 480px) 480px, (min-width: 481px) 640px, 100vw\" class=\"wp-image-2130\" \/><\/span><\/a><\/div>\n<\/div>\n\n<div class=\"et_pb_column_4 et_pb_column et-last-child et_flex_column et_pb_css_mix_blend_mode_passthrough et_flex_column_6_24 et_flex_column_12_24_tablet et_flex_column_24_24_phone\">\n<div class=\"et_pb_image_3 et_pb_image et_pb_module et_flex_module\"><a href=\"https:\/\/chloebordils.com\/wp-content\/uploads\/2025\/01\/20030309-pared4.jpg\" title=\"20030309-pared4\" class=\"et_pb_lightbox_image\" alt=\"Chloe y Santiago Bordils realizando un mural en el restaurante El Poco Loco en Par\u00eds\"><span class=\"et_pb_image_wrap\"><img loading=\"lazy\" decoding=\"async\" src=\"https:\/\/chloebordils.com\/wp-content\/uploads\/2025\/01\/20030309-pared4.jpg\" alt=\"Chloe y Santiago Bordils realizando un mural en el restaurante El Poco Loco en Par\u00eds\" title=\"20030309-pared4\" width=\"640\" height=\"480\" srcset=\"https:\/\/chloebordils.com\/wp-content\/uploads\/2025\/01\/20030309-pared4.jpg 640w, https:\/\/chloebordils.com\/wp-content\/uploads\/2025\/01\/20030309-pared4-480x360.jpg 480w\" sizes=\"(min-width: 0px) and (max-width: 480px) 480px, (min-width: 481px) 640px, 100vw\" class=\"wp-image-2124\" \/><\/span><\/a><\/div>\n<\/div>\n<\/div>\n\n<div class=\"et_pb_row_2 et_pb_row et_flex_row\">\n<div class=\"et_pb_column_5 et_pb_column et-last-child et_flex_column et_pb_css_mix_blend_mode_passthrough et_flex_column_24_24 et_flex_column_24_24_tablet et_flex_column_24_24_phone\">\n<div class=\"et_pb_text_1 et_pb_text et_pb_bg_layout_light et_pb_module et_flex_module\"><div class=\"et_pb_text_inner\"><p>Realizaci\u00f3n del mural de una pared del restaurante <a href=\"https:\/\/share.google\/4lBPv0W5JhOvOkM3l\" target=\"_blank\" rel=\"noopener\">El Poco Loco<\/a> en Paris con Santiago - 2003.<\/p>\n<p><strong>Mural sobre el tema del espacio<\/strong><\/p>\n<p class=\"font-claude-response-body break-words whitespace-normal leading-[1.7]\">En 2003 pint\u00e9 este mural ilustrado para el restaurante El Poco Loco en Par\u00eds, junto a mi hermano Santiago. Una colaboraci\u00f3n que mezclaba nuestros dos estilos en una sola pared.<\/p>\n<p class=\"font-claude-response-body break-words whitespace-normal leading-[1.7]\">El tema fue el espacio: planetas con etiquetas numeradas, cohetes, estrellas y personajes so\u00f1adores flotando en un fondo amarillo brillante. Muchos colores en los elementos, conservando ese amarillo de fondo que llenaba de energ\u00eda el espacio.<\/p>\n<p class=\"font-claude-response-body break-words whitespace-normal leading-[1.7]\">Fue un proyecto de concepci\u00f3n libre, donde la <a href=\"https:\/\/chloebordils.com\/ilustracion\/\" target=\"_blank\" rel=\"noopener\">ilustraci\u00f3n<\/a> naci\u00f3 directamente sobre la pared con pintura acr\u00edlica. Sin boceto previo trasladado a escala, sino con la libertad y la espontaneidad que da trabajar en gran formato.<\/p>\n<p class=\"font-claude-response-body break-words whitespace-normal leading-[1.7]\">Si tienes un restaurante, bar o espacio comercial y buscas un mural ilustrado con personalidad, cu\u00e9ntame tu proyecto.<\/p>\n<\/div><\/div>\n<\/div>\n<\/div>\n\n<div class=\"et_pb_row_3 et_pb_row et_flex_row\">\n<div class=\"et_pb_column_6 et_pb_column et_flex_column et_pb_css_mix_blend_mode_passthrough et_flex_column_6_24 et_flex_column_12_24_tablet et_flex_column_24_24_phone\">\n<div class=\"et_pb_image_4 et_pb_image et_pb_module et_flex_module\"><a href=\"https:\/\/chloebordils.com\/wp-content\/uploads\/2025\/01\/20030309-pared24.jpg\" title=\"20030309-pared24\" class=\"et_pb_lightbox_image\" alt=\"Chloe y Santiago Bordils realizando un mural en el restaurante El Poco Loco en Par\u00eds\"><span class=\"et_pb_image_wrap\"><img loading=\"lazy\" decoding=\"async\" src=\"https:\/\/chloebordils.com\/wp-content\/uploads\/2025\/01\/20030309-pared24.jpg\" alt=\"Chloe y Santiago Bordils realizando un mural en el restaurante El Poco Loco en Par\u00eds\" title=\"20030309-pared24\" width=\"640\" height=\"480\" srcset=\"https:\/\/chloebordils.com\/wp-content\/uploads\/2025\/01\/20030309-pared24.jpg 640w, https:\/\/chloebordils.com\/wp-content\/uploads\/2025\/01\/20030309-pared24-480x360.jpg 480w\" sizes=\"(min-width: 0px) and (max-width: 480px) 480px, (min-width: 481px) 640px, 100vw\" class=\"wp-image-2136\" \/><\/span><\/a><\/div>\n<\/div>\n\n<div class=\"et_pb_column_7 et_pb_column et_flex_column et_pb_css_mix_blend_mode_passthrough et_flex_column_6_24 et_flex_column_12_24_tablet et_flex_column_24_24_phone\">\n<div class=\"et_pb_image_5 et_pb_image et_pb_module et_flex_module\"><a href=\"https:\/\/chloebordils.com\/wp-content\/uploads\/2025\/01\/20030309-pared28.jpg\" title=\"20030309-pared28\" class=\"et_pb_lightbox_image\" alt=\"proceso mural ilustrado restaurante 2003\"><span class=\"et_pb_image_wrap\"><img loading=\"lazy\" decoding=\"async\" src=\"https:\/\/chloebordils.com\/wp-content\/uploads\/2025\/01\/20030309-pared28.jpg\" alt=\"proceso mural ilustrado restaurante 2003\" title=\"20030309-pared28\" width=\"640\" height=\"480\" srcset=\"https:\/\/chloebordils.com\/wp-content\/uploads\/2025\/01\/20030309-pared28.jpg 640w, https:\/\/chloebordils.com\/wp-content\/uploads\/2025\/01\/20030309-pared28-480x360.jpg 480w\" sizes=\"(min-width: 0px) and (max-width: 480px) 480px, (min-width: 481px) 640px, 100vw\" class=\"wp-image-2137\" \/><\/span><\/a><\/div>\n<\/div>\n\n<div class=\"et_pb_column_8 et_pb_column et_flex_column et_pb_css_mix_blend_mode_passthrough et_flex_column_6_24 et_flex_column_12_24_tablet et_flex_column_24_24_phone\">\n<div class=\"et_pb_image_6 et_pb_image et_pb_module et_flex_module\"><a href=\"https:\/\/chloebordils.com\/wp-content\/uploads\/2025\/01\/20030309-pared23.jpg\" title=\"20030309-pared23\" class=\"et_pb_lightbox_image\" alt=\"Chloe y Santiago Bordils realizando un mural en el restaurante El Poco Loco en Par\u00eds\"><span class=\"et_pb_image_wrap\"><img loading=\"lazy\" decoding=\"async\" src=\"https:\/\/chloebordils.com\/wp-content\/uploads\/2025\/01\/20030309-pared23.jpg\" alt=\"Chloe y Santiago Bordils realizando un mural en el restaurante El Poco Loco en Par\u00eds\" title=\"20030309-pared23\" width=\"640\" height=\"480\" srcset=\"https:\/\/chloebordils.com\/wp-content\/uploads\/2025\/01\/20030309-pared23.jpg 640w, https:\/\/chloebordils.com\/wp-content\/uploads\/2025\/01\/20030309-pared23-480x360.jpg 480w\" sizes=\"(min-width: 0px) and (max-width: 480px) 480px, (min-width: 481px) 640px, 100vw\" class=\"wp-image-2133\" \/><\/span><\/a><\/div>\n<\/div>\n\n<div class=\"et_pb_column_9 et_pb_column et-last-child et_flex_column et_pb_css_mix_blend_mode_passthrough et_flex_column_6_24 et_flex_column_12_24_tablet et_flex_column_24_24_phone\">\n<div class=\"et_pb_image_7 et_pb_image et_pb_module et_flex_module\"><a href=\"https:\/\/chloebordils.com\/wp-content\/uploads\/2025\/01\/20030309-pared20.jpg\" title=\"20030309-pared20\" class=\"et_pb_lightbox_image\" alt=\"detalle mural ilustraci\u00f3n planetas estrellas\"><span class=\"et_pb_image_wrap\"><img loading=\"lazy\" decoding=\"async\" src=\"https:\/\/chloebordils.com\/wp-content\/uploads\/2025\/01\/20030309-pared20.jpg\" alt=\"detalle mural ilustraci\u00f3n planetas estrellas\" title=\"20030309-pared20\" width=\"640\" height=\"480\" srcset=\"https:\/\/chloebordils.com\/wp-content\/uploads\/2025\/01\/20030309-pared20.jpg 640w, https:\/\/chloebordils.com\/wp-content\/uploads\/2025\/01\/20030309-pared20-480x360.jpg 480w\" sizes=\"(min-width: 0px) and (max-width: 480px) 480px, (min-width: 481px) 640px, 100vw\" class=\"wp-image-2131\" \/><\/span><\/a><\/div>\n<\/div>\n<\/div>\n<\/div>","protected":false},"excerpt":{"rendered":"<p>En 2003 pint\u00e9 este mural ilustrado para el restaurante El Poco Loco en Par\u00eds, junto a Santiago Bordils. Una colaboraci\u00f3n que mezclaba nuestros dos estilos en una sola pared.<br \/>\nEl tema fue el espacio: planetas con etiquetas numeradas, cohetes, estrellas y personajes so\u00f1adores flotando en un fondo amarillo brillante. Muchos colores en los elementos, conservando ese amarillo de fondo que llenaba de energ\u00eda el espacio.<br \/>\nFue un proyecto de concepci\u00f3n libre, donde la ilustraci\u00f3n naci\u00f3 directamente sobre la pared con pintura acr\u00edlica. Sin boceto previo trasladado a escala, sino con la libertad y la espontaneidad que da trabajar en gran formato.<br \/>\nSi tienes un restaurante, bar o espacio comercial y buscas un mural ilustrado con personalidad, cu\u00e9ntame tu proyecto.\u00bb<\/p>","protected":false},"author":2,"featured_media":226,"parent":0,"menu_order":0,"comment_status":"closed","ping_status":"closed","template":"","meta":{"footnotes":""},"class_list":["post-3713","page","type-page","status-publish","has-post-thumbnail","hentry"],"yoast_head":"<!-- This site is optimized with the Yoast SEO plugin v27.5 - https:\/\/yoast.com\/product\/yoast-seo-wordpress\/ -->\n<title>Mural ilustrado restaurante: El Poco Loco Par\u00eds<\/title>\n<meta name=\"description\" content=\"Mural ilustrado para el restaurante El Poco Loco en Par\u00eds. Ilustraci\u00f3n sobre el tema del espacio: planetas, cohetes y personajes so\u00f1adores.\" \/>\n<meta name=\"robots\" content=\"index, follow, max-snippet:-1, max-image-preview:large, max-video-preview:-1\" \/>\n<link rel=\"canonical\" href=\"https:\/\/chloebordils.com\/fr\/mural-restaurante\/\" \/>\n<meta property=\"og:locale\" content=\"fr_FR\" \/>\n<meta property=\"og:type\" content=\"article\" \/>\n<meta property=\"og:title\" content=\"Mural ilustrado restaurante: El Poco Loco Par\u00eds\" \/>\n<meta property=\"og:description\" content=\"Mural ilustrado para el restaurante El Poco Loco en Par\u00eds. Ilustraci\u00f3n sobre el tema del espacio: planetas, cohetes y personajes so\u00f1adores pintados con acr\u00edlico.\" \/>\n<meta property=\"og:url\" content=\"https:\/\/chloebordils.com\/fr\/mural-restaurante\/\" \/>\n<meta property=\"og:site_name\" content=\"Chloe Bordils\" \/>\n<meta property=\"article:publisher\" content=\"https:\/\/www.facebook.com\/elvira.daudet.3\" \/>\n<meta property=\"article:modified_time\" content=\"2026-05-03T15:57:35+00:00\" \/>\n<meta property=\"og:image\" content=\"https:\/\/chloebordils.com\/wp-content\/uploads\/2023\/07\/picto_poco_loco.png\" \/>\n\t<meta property=\"og:image:width\" content=\"867\" \/>\n\t<meta property=\"og:image:height\" content=\"867\" \/>\n\t<meta property=\"og:image:type\" content=\"image\/png\" \/>\n<meta name=\"twitter:card\" content=\"summary_large_image\" \/>\n<meta name=\"twitter:label1\" content=\"Dur\u00e9e de lecture estim\u00e9e\" \/>\n\t<meta name=\"twitter:data1\" content=\"1 minute\" \/>\n<script type=\"application\/ld+json\" class=\"yoast-schema-graph\">{\"@context\":\"https:\\\/\\\/schema.org\",\"@graph\":[{\"@type\":\"WebPage\",\"@id\":\"https:\\\/\\\/chloebordils.com\\\/mural-restaurante\\\/\",\"url\":\"https:\\\/\\\/chloebordils.com\\\/mural-restaurante\\\/\",\"name\":\"Mural ilustrado restaurante: El Poco Loco Par\u00eds\",\"isPartOf\":{\"@id\":\"https:\\\/\\\/chloebordils.com\\\/#website\"},\"primaryImageOfPage\":{\"@id\":\"https:\\\/\\\/chloebordils.com\\\/mural-restaurante\\\/#primaryimage\"},\"image\":{\"@id\":\"https:\\\/\\\/chloebordils.com\\\/mural-restaurante\\\/#primaryimage\"},\"thumbnailUrl\":\"https:\\\/\\\/chloebordils.com\\\/wp-content\\\/uploads\\\/2023\\\/07\\\/picto_poco_loco.png\",\"datePublished\":\"2026-05-03T15:23:23+00:00\",\"dateModified\":\"2026-05-03T15:57:35+00:00\",\"description\":\"Mural ilustrado para el restaurante El Poco Loco en Par\u00eds. Ilustraci\u00f3n sobre el tema del espacio: planetas, cohetes y personajes so\u00f1adores.\",\"breadcrumb\":{\"@id\":\"https:\\\/\\\/chloebordils.com\\\/mural-restaurante\\\/#breadcrumb\"},\"inLanguage\":\"fr-FR\",\"potentialAction\":[{\"@type\":\"ReadAction\",\"target\":[\"https:\\\/\\\/chloebordils.com\\\/mural-restaurante\\\/\"]}]},{\"@type\":\"ImageObject\",\"inLanguage\":\"fr-FR\",\"@id\":\"https:\\\/\\\/chloebordils.com\\\/mural-restaurante\\\/#primaryimage\",\"url\":\"https:\\\/\\\/chloebordils.com\\\/wp-content\\\/uploads\\\/2023\\\/07\\\/picto_poco_loco.png\",\"contentUrl\":\"https:\\\/\\\/chloebordils.com\\\/wp-content\\\/uploads\\\/2023\\\/07\\\/picto_poco_loco.png\",\"width\":867,\"height\":867,\"caption\":\"Ilustraci\u00f3n de una mujer sentada agarrandose las rodillas dentro de una burbuja\"},{\"@type\":\"BreadcrumbList\",\"@id\":\"https:\\\/\\\/chloebordils.com\\\/mural-restaurante\\\/#breadcrumb\",\"itemListElement\":[{\"@type\":\"ListItem\",\"position\":1,\"name\":\"Portada\",\"item\":\"https:\\\/\\\/chloebordils.com\\\/\"},{\"@type\":\"ListItem\",\"position\":2,\"name\":\"mural-restaurante\"}]},{\"@type\":\"WebSite\",\"@id\":\"https:\\\/\\\/chloebordils.com\\\/#website\",\"url\":\"https:\\\/\\\/chloebordils.com\\\/\",\"name\":\"chloebordils.com\",\"description\":\"Ilustraci\u00f3n y dise\u00f1o gr\u00e1fico\",\"publisher\":{\"@id\":\"https:\\\/\\\/chloebordils.com\\\/#\\\/schema\\\/person\\\/d49ae91dabf2ecf396d2555ce8e1dfe3\"},\"alternateName\":\"Chloe Bordils ilustraci\u00f3n\",\"potentialAction\":[{\"@type\":\"SearchAction\",\"target\":{\"@type\":\"EntryPoint\",\"urlTemplate\":\"https:\\\/\\\/chloebordils.com\\\/?s={search_term_string}\"},\"query-input\":{\"@type\":\"PropertyValueSpecification\",\"valueRequired\":true,\"valueName\":\"search_term_string\"}}],\"inLanguage\":\"fr-FR\"},{\"@type\":[\"Person\",\"Organization\"],\"@id\":\"https:\\\/\\\/chloebordils.com\\\/#\\\/schema\\\/person\\\/d49ae91dabf2ecf396d2555ce8e1dfe3\",\"name\":\"Chloe Bordils ilustraci\u00f3n\",\"image\":{\"@type\":\"ImageObject\",\"inLanguage\":\"fr-FR\",\"@id\":\"https:\\\/\\\/chloebordils.com\\\/wp-content\\\/uploads\\\/2023\\\/07\\\/cropped-chloe_rond.png\",\"url\":\"https:\\\/\\\/chloebordils.com\\\/wp-content\\\/uploads\\\/2023\\\/07\\\/cropped-chloe_rond.png\",\"contentUrl\":\"https:\\\/\\\/chloebordils.com\\\/wp-content\\\/uploads\\\/2023\\\/07\\\/cropped-chloe_rond.png\",\"width\":512,\"height\":512,\"caption\":\"Chloe Bordils ilustraci\u00f3n\"},\"logo\":{\"@id\":\"https:\\\/\\\/chloebordils.com\\\/wp-content\\\/uploads\\\/2023\\\/07\\\/cropped-chloe_rond.png\"},\"description\":\"Ilustraci\u00f3n minimalista y productos estampados con dibujos sencillos de personajes so\u00f1adores para personas que buscan tranquilidad e inspiraci\u00f3n en este mundo tan ajetreado.\",\"sameAs\":[\"https:\\\/\\\/www.facebook.com\\\/elvira.daudet.3\",\"https:\\\/\\\/www.instagram.com\\\/chloe_bordils\\\/\",\"https:\\\/\\\/www.linkedin.com\\\/in\\\/chloe-bordils-883691312\\\/\",\"https:\\\/\\\/es.pinterest.com\\\/chloe_bordils\"]}]}<\/script>\n<!-- \/ Yoast SEO plugin. -->","yoast_head_json":{"title":"Mural ilustrado restaurante: El Poco Loco Par\u00eds","description":"Mural ilustrado para el restaurante El Poco Loco en Par\u00eds. Ilustraci\u00f3n sobre el tema del espacio: planetas, cohetes y personajes so\u00f1adores.","robots":{"index":"index","follow":"follow","max-snippet":"max-snippet:-1","max-image-preview":"max-image-preview:large","max-video-preview":"max-video-preview:-1"},"canonical":"https:\/\/chloebordils.com\/fr\/mural-restaurante\/","og_locale":"fr_FR","og_type":"article","og_title":"Mural ilustrado restaurante: El Poco Loco Par\u00eds","og_description":"Mural ilustrado para el restaurante El Poco Loco en Par\u00eds. Ilustraci\u00f3n sobre el tema del espacio: planetas, cohetes y personajes so\u00f1adores pintados con acr\u00edlico.","og_url":"https:\/\/chloebordils.com\/fr\/mural-restaurante\/","og_site_name":"Chloe Bordils","article_publisher":"https:\/\/www.facebook.com\/elvira.daudet.3","article_modified_time":"2026-05-03T15:57:35+00:00","og_image":[{"width":867,"height":867,"url":"https:\/\/chloebordils.com\/wp-content\/uploads\/2023\/07\/picto_poco_loco.png","type":"image\/png"}],"twitter_card":"summary_large_image","twitter_misc":{"Dur\u00e9e de lecture estim\u00e9e":"1 minute"},"schema":{"@context":"https:\/\/schema.org","@graph":[{"@type":"WebPage","@id":"https:\/\/chloebordils.com\/mural-restaurante\/","url":"https:\/\/chloebordils.com\/mural-restaurante\/","name":"Mural ilustrado restaurante: El Poco Loco Par\u00eds","isPartOf":{"@id":"https:\/\/chloebordils.com\/#website"},"primaryImageOfPage":{"@id":"https:\/\/chloebordils.com\/mural-restaurante\/#primaryimage"},"image":{"@id":"https:\/\/chloebordils.com\/mural-restaurante\/#primaryimage"},"thumbnailUrl":"https:\/\/chloebordils.com\/wp-content\/uploads\/2023\/07\/picto_poco_loco.png","datePublished":"2026-05-03T15:23:23+00:00","dateModified":"2026-05-03T15:57:35+00:00","description":"Mural ilustrado para el restaurante El Poco Loco en Par\u00eds. Ilustraci\u00f3n sobre el tema del espacio: planetas, cohetes y personajes so\u00f1adores.","breadcrumb":{"@id":"https:\/\/chloebordils.com\/mural-restaurante\/#breadcrumb"},"inLanguage":"fr-FR","potentialAction":[{"@type":"ReadAction","target":["https:\/\/chloebordils.com\/mural-restaurante\/"]}]},{"@type":"ImageObject","inLanguage":"fr-FR","@id":"https:\/\/chloebordils.com\/mural-restaurante\/#primaryimage","url":"https:\/\/chloebordils.com\/wp-content\/uploads\/2023\/07\/picto_poco_loco.png","contentUrl":"https:\/\/chloebordils.com\/wp-content\/uploads\/2023\/07\/picto_poco_loco.png","width":867,"height":867,"caption":"Ilustraci\u00f3n de una mujer sentada agarrandose las rodillas dentro de una burbuja"},{"@type":"BreadcrumbList","@id":"https:\/\/chloebordils.com\/mural-restaurante\/#breadcrumb","itemListElement":[{"@type":"ListItem","position":1,"name":"Portada","item":"https:\/\/chloebordils.com\/"},{"@type":"ListItem","position":2,"name":"mural-restaurante"}]},{"@type":"WebSite","@id":"https:\/\/chloebordils.com\/#website","url":"https:\/\/chloebordils.com\/","name":"chloebordils.com","description":"Ilustraci\u00f3n y dise\u00f1o gr\u00e1fico","publisher":{"@id":"https:\/\/chloebordils.com\/#\/schema\/person\/d49ae91dabf2ecf396d2555ce8e1dfe3"},"alternateName":"Chloe Bordils ilustraci\u00f3n","potentialAction":[{"@type":"SearchAction","target":{"@type":"EntryPoint","urlTemplate":"https:\/\/chloebordils.com\/?s={search_term_string}"},"query-input":{"@type":"PropertyValueSpecification","valueRequired":true,"valueName":"search_term_string"}}],"inLanguage":"fr-FR"},{"@type":["Person","Organization"],"@id":"https:\/\/chloebordils.com\/#\/schema\/person\/d49ae91dabf2ecf396d2555ce8e1dfe3","name":"Chloe Bordils ilustraci\u00f3n","image":{"@type":"ImageObject","inLanguage":"fr-FR","@id":"https:\/\/chloebordils.com\/wp-content\/uploads\/2023\/07\/cropped-chloe_rond.png","url":"https:\/\/chloebordils.com\/wp-content\/uploads\/2023\/07\/cropped-chloe_rond.png","contentUrl":"https:\/\/chloebordils.com\/wp-content\/uploads\/2023\/07\/cropped-chloe_rond.png","width":512,"height":512,"caption":"Chloe Bordils ilustraci\u00f3n"},"logo":{"@id":"https:\/\/chloebordils.com\/wp-content\/uploads\/2023\/07\/cropped-chloe_rond.png"},"description":"Ilustraci\u00f3n minimalista y productos estampados con dibujos sencillos de personajes so\u00f1adores para personas que buscan tranquilidad e inspiraci\u00f3n en este mundo tan ajetreado.","sameAs":["https:\/\/www.facebook.com\/elvira.daudet.3","https:\/\/www.instagram.com\/chloe_bordils\/","https:\/\/www.linkedin.com\/in\/chloe-bordils-883691312\/","https:\/\/es.pinterest.com\/chloe_bordils"]}]}},"_links":{"self":[{"href":"https:\/\/chloebordils.com\/fr\/wp-json\/wp\/v2\/pages\/3713","targetHints":{"allow":["GET"]}}],"collection":[{"href":"https:\/\/chloebordils.com\/fr\/wp-json\/wp\/v2\/pages"}],"about":[{"href":"https:\/\/chloebordils.com\/fr\/wp-json\/wp\/v2\/types\/page"}],"author":[{"embeddable":true,"href":"https:\/\/chloebordils.com\/fr\/wp-json\/wp\/v2\/users\/2"}],"replies":[{"embeddable":true,"href":"https:\/\/chloebordils.com\/fr\/wp-json\/wp\/v2\/comments?post=3713"}],"version-history":[{"count":10,"href":"https:\/\/chloebordils.com\/fr\/wp-json\/wp\/v2\/pages\/3713\/revisions"}],"predecessor-version":[{"id":3725,"href":"https:\/\/chloebordils.com\/fr\/wp-json\/wp\/v2\/pages\/3713\/revisions\/3725"}],"wp:featuredmedia":[{"embeddable":true,"href":"https:\/\/chloebordils.com\/fr\/wp-json\/wp\/v2\/media\/226"}],"wp:attachment":[{"href":"https:\/\/chloebordils.com\/fr\/wp-json\/wp\/v2\/media?parent=3713"}],"curies":[{"name":"wp","href":"https:\/\/api.w.org\/{rel}","templated":true}]}}