{"id":3726,"date":"2026-05-03T18:20:47","date_gmt":"2026-05-03T16:20:47","guid":{"rendered":"https:\/\/chloebordils.com\/?page_id=3726"},"modified":"2026-05-03T18:25:49","modified_gmt":"2026-05-03T16:25:49","slug":"mural-madrid","status":"publish","type":"page","link":"https:\/\/chloebordils.com\/fr\/mural-madrid\/","title":{"rendered":"Mural infantil habitaci\u00f3n de ni\u00f1o: tema del mar"},"content":{"rendered":"\r\n\r\n<div class=\"et_pb_section_0 et_pb_section et_section_regular et_block_section\">\r\n\r\n<div class=\"et_pb_row_0 et_pb_row et_block_row\">\r\n\r\n<div class=\"et_pb_column_0 et_pb_column et_pb_column_4_4 et-last-child et_block_column et_pb_css_mix_blend_mode_passthrough\">\r\n\r\n<div class=\"et_pb_text_0 et_pb_text et_pb_bg_layout_light et_pb_module et_flex_module\"><div class=\"et_pb_text_inner\"><h1>Mural en habitaci\u00f3n infantil en Madrid<\/h1>\n<\/div><\/div><\/div><\/div>\r\n\r\n<div class=\"et_pb_row_1 et_pb_row et_flex_row\">\r\n\r\n<div class=\"et_pb_column_1 et_pb_column et_flex_column et_pb_css_mix_blend_mode_passthrough et_flex_column_8_24 et_flex_column_8_24_tablet et_flex_column_24_24_phone\">\r\n\r\n<div class=\"et_pb_image_0 et_pb_image et_pb_module et_flex_module\"><a href=\"https:\/\/chloebordils.com\/wp-content\/uploads\/2025\/01\/madrid_04.jpg\" title=\"madrid_04\" class=\"et_pb_lightbox_image\" alt=\"ilustraci\u00f3n mural peces palmeras playa infantil\"><span class=\"et_pb_image_wrap\"><img loading=\"lazy\" decoding=\"async\" src=\"https:\/\/chloebordils.com\/wp-content\/uploads\/2025\/01\/madrid_04.jpg\" alt=\"ilustraci\u00f3n mural peces palmeras playa infantil\" title=\"madrid_04\" width=\"1200\" height=\"1103\" srcset=\"https:\/\/chloebordils.com\/wp-content\/uploads\/2025\/01\/madrid_04.jpg 1200w, https:\/\/chloebordils.com\/wp-content\/uploads\/2025\/01\/madrid_04-980x901.jpg 980w, https:\/\/chloebordils.com\/wp-content\/uploads\/2025\/01\/madrid_04-480x441.jpg 480w\" sizes=\"(min-width: 0px) and (max-width: 480px) 480px, (min-width: 481px) and (max-width: 980px) 980px, (min-width: 981px) 1200px, 100vw\" class=\"wp-image-2116\" \/><\/span><\/a><\/div><\/div>\r\n\r\n<div class=\"et_pb_column_2 et_pb_column et_flex_column et_pb_css_mix_blend_mode_passthrough et_flex_column_8_24 et_flex_column_8_24_tablet et_flex_column_24_24_phone\">\r\n\r\n<div class=\"et_pb_image_1 et_pb_image et_pb_module et_flex_module\"><a href=\"https:\/\/chloebordils.com\/wp-content\/uploads\/2025\/01\/madrid_05.jpg\" title=\"madrid_05\" class=\"et_pb_lightbox_image\" alt=\"Mural de una habitaci\u00f3n de ni\u00f1o en Madrid - Chloe Bordils\"><span class=\"et_pb_image_wrap\"><img loading=\"lazy\" decoding=\"async\" src=\"https:\/\/chloebordils.com\/wp-content\/uploads\/2025\/01\/madrid_05.jpg\" alt=\"Mural de una habitaci\u00f3n de ni\u00f1o en Madrid - Chloe Bordils\" title=\"madrid_05\" width=\"1200\" height=\"733\" srcset=\"https:\/\/chloebordils.com\/wp-content\/uploads\/2025\/01\/madrid_05.jpg 1200w, https:\/\/chloebordils.com\/wp-content\/uploads\/2025\/01\/madrid_05-980x599.jpg 980w, https:\/\/chloebordils.com\/wp-content\/uploads\/2025\/01\/madrid_05-480x293.jpg 480w\" sizes=\"(min-width: 0px) and (max-width: 480px) 480px, (min-width: 481px) and (max-width: 980px) 980px, (min-width: 981px) 1200px, 100vw\" class=\"wp-image-2118\" \/><\/span><\/a><\/div><\/div>\r\n\r\n<div class=\"et_pb_column_3 et_pb_column et-last-child et_flex_column et_pb_css_mix_blend_mode_passthrough et_flex_column_8_24 et_flex_column_8_24_tablet et_flex_column_24_24_phone\">\r\n\r\n<div class=\"et_pb_image_2 et_pb_image et_pb_module et_flex_module\"><a href=\"https:\/\/chloebordils.com\/wp-content\/uploads\/2025\/01\/madrid_03.jpg\" title=\"madrid_03\" class=\"et_pb_lightbox_image\" alt=\"Mural de una habitaci\u00f3n de ni\u00f1o en Madrid - Chloe Bordils\"><span class=\"et_pb_image_wrap\"><img loading=\"lazy\" decoding=\"async\" src=\"https:\/\/chloebordils.com\/wp-content\/uploads\/2025\/01\/madrid_03.jpg\" alt=\"Mural de una habitaci\u00f3n de ni\u00f1o en Madrid - Chloe Bordils\" title=\"madrid_03\" width=\"1200\" height=\"867\" srcset=\"https:\/\/chloebordils.com\/wp-content\/uploads\/2025\/01\/madrid_03.jpg 1200w, https:\/\/chloebordils.com\/wp-content\/uploads\/2025\/01\/madrid_03-980x708.jpg 980w, https:\/\/chloebordils.com\/wp-content\/uploads\/2025\/01\/madrid_03-480x347.jpg 480w\" sizes=\"(min-width: 0px) and (max-width: 480px) 480px, (min-width: 481px) and (max-width: 980px) 980px, (min-width: 981px) 1200px, 100vw\" class=\"wp-image-2114\" \/><\/span><\/a><\/div><\/div><\/div>\r\n\r\n<div class=\"et_pb_row_2 et_pb_row et_flex_row\">\r\n\r\n<div class=\"et_pb_column_4 et_pb_column et-last-child et_flex_column et_pb_css_mix_blend_mode_passthrough et_flex_column_24_24 et_flex_column_24_24_tablet et_flex_column_24_24_phone\">\r\n\r\n<div class=\"et_pb_text_1 et_pb_text et_pb_bg_layout_light et_pb_module et_flex_module\"><div class=\"et_pb_text_inner\"><p><strong>Mural de habitaci\u00f3n de ni\u00f1o - Madrid 2017<\/strong><\/p>\n<p class=\"font-claude-response-body break-words whitespace-normal leading-[1.7]\">En 2017 pint\u00e9 este mural infantil para la habitaci\u00f3n de un ni\u00f1o en Madrid. Un friso que recorre varias paredes con un solo tema: el mar.<\/p>\n<p class=\"font-claude-response-body break-words whitespace-normal leading-[1.7]\">Faros, gaviotas, peces, palmeras y playa se distribuyen por las paredes creando un paisaje marino continuo. Y entre los elementos, varios personajes so\u00f1adores con jersey a rayas, esos personajes tan caracter\u00edsticos de mi universo ilustrado, contemplando el horizonte o flotando entre las olas.<\/p>\n<p class=\"font-claude-response-body break-words whitespace-normal leading-[1.7]\">La paleta es sencilla y muy definida: azul marino y blanco. Dos colores que hacen que la habitaci\u00f3n respire calma y coherencia visual sin saturar.<\/p>\n<p class=\"font-claude-response-body break-words whitespace-normal leading-[1.7]\">Pintado con acr\u00edlico directamente sobre las paredes, de concepci\u00f3n propia, adaptando la ilustraci\u00f3n al espacio real de la habitaci\u00f3n.<\/p>\n<p class=\"font-claude-response-body break-words whitespace-normal leading-[1.7]\">Si buscas un mural para la habitaci\u00f3n de tu hijo, <a href=\"mailto:chloe@chloebordils.com\">cu\u00e9ntame<\/a> qu\u00e9 imaginas y lo creamos juntos.<\/p>\n<\/div><\/div><\/div><\/div>\r\n\r\n<div class=\"et_pb_row_3 et_pb_row et_flex_row\">\r\n\r\n<div class=\"et_pb_column_5 et_pb_column et_flex_column et_pb_css_mix_blend_mode_passthrough et_flex_column_12_24 et_flex_column_12_24_tablet et_flex_column_24_24_phone\">\r\n\r\n<div class=\"et_pb_image_3 et_pb_image et_pb_module et_flex_module\"><a href=\"https:\/\/chloebordils.com\/wp-content\/uploads\/2025\/01\/madrid_07.jpg\" title=\"madrid_07\" class=\"et_pb_lightbox_image\" alt=\"Mural de una habitaci\u00f3n de ni\u00f1o en Madrid - Chloe Bordils\"><span class=\"et_pb_image_wrap\"><img loading=\"lazy\" decoding=\"async\" src=\"https:\/\/chloebordils.com\/wp-content\/uploads\/2025\/01\/madrid_07.jpg\" alt=\"Mural de una habitaci\u00f3n de ni\u00f1o en Madrid - Chloe Bordils\" title=\"madrid_07\" width=\"1200\" height=\"1600\" srcset=\"https:\/\/chloebordils.com\/wp-content\/uploads\/2025\/01\/madrid_07.jpg 1200w, https:\/\/chloebordils.com\/wp-content\/uploads\/2025\/01\/madrid_07-980x1307.jpg 980w, https:\/\/chloebordils.com\/wp-content\/uploads\/2025\/01\/madrid_07-480x640.jpg 480w\" sizes=\"(min-width: 0px) and (max-width: 480px) 480px, (min-width: 481px) and (max-width: 980px) 980px, (min-width: 981px) 1200px, 100vw\" class=\"wp-image-2122\" \/><\/span><\/a><\/div><\/div>\r\n\r\n<div class=\"et_pb_column_6 et_pb_column et-last-child et_flex_column et_pb_css_mix_blend_mode_passthrough et_flex_column_12_24 et_flex_column_12_24_tablet et_flex_column_24_24_phone\">\r\n\r\n<div class=\"et_pb_image_4 et_pb_image et_pb_module et_flex_module\"><a href=\"https:\/\/chloebordils.com\/wp-content\/uploads\/2025\/01\/madrid_06.jpg\" title=\"madrid_06\" class=\"et_pb_lightbox_image\" alt=\"Mural de una habitaci\u00f3n de ni\u00f1o en Madrid - Chloe Bordils\"><span class=\"et_pb_image_wrap\"><img loading=\"lazy\" decoding=\"async\" src=\"https:\/\/chloebordils.com\/wp-content\/uploads\/2025\/01\/madrid_06.jpg\" alt=\"Mural de una habitaci\u00f3n de ni\u00f1o en Madrid - Chloe Bordils\" title=\"madrid_06\" width=\"1200\" height=\"1600\" srcset=\"https:\/\/chloebordils.com\/wp-content\/uploads\/2025\/01\/madrid_06.jpg 1200w, https:\/\/chloebordils.com\/wp-content\/uploads\/2025\/01\/madrid_06-980x1307.jpg 980w, https:\/\/chloebordils.com\/wp-content\/uploads\/2025\/01\/madrid_06-480x640.jpg 480w\" sizes=\"(min-width: 0px) and (max-width: 480px) 480px, (min-width: 481px) and (max-width: 980px) 980px, (min-width: 981px) 1200px, 100vw\" class=\"wp-image-2120\" \/><\/span><\/a><\/div><\/div><\/div><\/div>","protected":false},"excerpt":{"rendered":"<p>En 2017 pint\u00e9 este mural infantil para la habitaci\u00f3n de un ni\u00f1o en Madrid. Un friso que recorre varias paredes con un solo tema: el mar.<br \/>\nFaros, gaviotas, peces, palmeras y playa se distribuyen por las paredes creando un paisaje marino continuo. Y entre los elementos, varios personajes so\u00f1adores con jersey a rayas, esos personajes tan caracter\u00edsticos de mi universo ilustrado, contemplando el horizonte o flotando entre las olas.<br \/>\nLa paleta es sencilla y muy definida: azul marino y blanco. Dos colores que hacen que la habitaci\u00f3n respire calma y coherencia visual sin saturar.<br \/>\nPintado con acr\u00edlico directamente sobre las paredes, de concepci\u00f3n propia, adaptando la ilustraci\u00f3n al espacio real de la habitaci\u00f3n.<br \/>\nSi buscas un mural para la habitaci\u00f3n de tu hijo, cu\u00e9ntame qu\u00e9 imaginas y lo creamos juntos.<\/p>","protected":false},"author":2,"featured_media":0,"parent":0,"menu_order":0,"comment_status":"closed","ping_status":"closed","template":"","meta":{"footnotes":""},"class_list":["post-3726","page","type-page","status-publish","hentry"],"yoast_head":"<!-- This site is optimized with the Yoast SEO plugin v27.5 - https:\/\/yoast.com\/product\/yoast-seo-wordpress\/ -->\n<title>Mural infantil habitaci\u00f3n ni\u00f1o: tema del mar Madrid<\/title>\n<meta name=\"description\" content=\"Mural infantil para habitaci\u00f3n de ni\u00f1o en Madrid. Sobre el tema del mar con faro, gaviotas, peces y personajes so\u00f1adores en azul y blanco.\" \/>\n<meta name=\"robots\" content=\"index, follow, max-snippet:-1, max-image-preview:large, max-video-preview:-1\" \/>\n<link rel=\"canonical\" href=\"https:\/\/chloebordils.com\/fr\/mural-madrid\/\" \/>\n<meta property=\"og:locale\" content=\"fr_FR\" \/>\n<meta property=\"og:type\" content=\"article\" \/>\n<meta property=\"og:title\" content=\"Mural infantil habitaci\u00f3n ni\u00f1o: tema del mar Madrid\" \/>\n<meta property=\"og:description\" content=\"Mural infantil para habitaci\u00f3n de ni\u00f1o en Madrid. Sobre el tema del mar con faro, gaviotas, peces y personajes so\u00f1adores en azul y blanco.\" \/>\n<meta property=\"og:url\" content=\"https:\/\/chloebordils.com\/fr\/mural-madrid\/\" \/>\n<meta property=\"og:site_name\" content=\"Chloe Bordils\" \/>\n<meta property=\"article:publisher\" content=\"https:\/\/www.facebook.com\/elvira.daudet.3\" \/>\n<meta property=\"article:modified_time\" content=\"2026-05-03T16:25:49+00:00\" \/>\n<meta property=\"og:image\" content=\"https:\/\/chloebordils.com\/wp-content\/uploads\/2025\/01\/imagen_web_chloe_bordils_ilustracion.jpg\" \/>\n\t<meta property=\"og:image:width\" content=\"1200\" \/>\n\t<meta property=\"og:image:height\" content=\"675\" \/>\n\t<meta property=\"og:image:type\" content=\"image\/jpeg\" \/>\n<meta name=\"twitter:card\" content=\"summary_large_image\" \/>\n<script type=\"application\/ld+json\" class=\"yoast-schema-graph\">{\"@context\":\"https:\\\/\\\/schema.org\",\"@graph\":[{\"@type\":\"WebPage\",\"@id\":\"https:\\\/\\\/chloebordils.com\\\/mural-madrid\\\/\",\"url\":\"https:\\\/\\\/chloebordils.com\\\/mural-madrid\\\/\",\"name\":\"Mural infantil habitaci\u00f3n ni\u00f1o: tema del mar Madrid\",\"isPartOf\":{\"@id\":\"https:\\\/\\\/chloebordils.com\\\/#website\"},\"datePublished\":\"2026-05-03T16:20:47+00:00\",\"dateModified\":\"2026-05-03T16:25:49+00:00\",\"description\":\"Mural infantil para habitaci\u00f3n de ni\u00f1o en Madrid. Sobre el tema del mar con faro, gaviotas, peces y personajes so\u00f1adores en azul y blanco.\",\"breadcrumb\":{\"@id\":\"https:\\\/\\\/chloebordils.com\\\/mural-madrid\\\/#breadcrumb\"},\"inLanguage\":\"fr-FR\",\"potentialAction\":[{\"@type\":\"ReadAction\",\"target\":[\"https:\\\/\\\/chloebordils.com\\\/mural-madrid\\\/\"]}]},{\"@type\":\"BreadcrumbList\",\"@id\":\"https:\\\/\\\/chloebordils.com\\\/mural-madrid\\\/#breadcrumb\",\"itemListElement\":[{\"@type\":\"ListItem\",\"position\":1,\"name\":\"Portada\",\"item\":\"https:\\\/\\\/chloebordils.com\\\/\"},{\"@type\":\"ListItem\",\"position\":2,\"name\":\"Mural infantil habitaci\u00f3n de ni\u00f1o: tema del mar\"}]},{\"@type\":\"WebSite\",\"@id\":\"https:\\\/\\\/chloebordils.com\\\/#website\",\"url\":\"https:\\\/\\\/chloebordils.com\\\/\",\"name\":\"chloebordils.com\",\"description\":\"Ilustraci\u00f3n y dise\u00f1o gr\u00e1fico\",\"publisher\":{\"@id\":\"https:\\\/\\\/chloebordils.com\\\/#\\\/schema\\\/person\\\/d49ae91dabf2ecf396d2555ce8e1dfe3\"},\"alternateName\":\"Chloe Bordils ilustraci\u00f3n\",\"potentialAction\":[{\"@type\":\"SearchAction\",\"target\":{\"@type\":\"EntryPoint\",\"urlTemplate\":\"https:\\\/\\\/chloebordils.com\\\/?s={search_term_string}\"},\"query-input\":{\"@type\":\"PropertyValueSpecification\",\"valueRequired\":true,\"valueName\":\"search_term_string\"}}],\"inLanguage\":\"fr-FR\"},{\"@type\":[\"Person\",\"Organization\"],\"@id\":\"https:\\\/\\\/chloebordils.com\\\/#\\\/schema\\\/person\\\/d49ae91dabf2ecf396d2555ce8e1dfe3\",\"name\":\"Chloe Bordils ilustraci\u00f3n\",\"image\":{\"@type\":\"ImageObject\",\"inLanguage\":\"fr-FR\",\"@id\":\"https:\\\/\\\/chloebordils.com\\\/wp-content\\\/uploads\\\/2023\\\/07\\\/cropped-chloe_rond.png\",\"url\":\"https:\\\/\\\/chloebordils.com\\\/wp-content\\\/uploads\\\/2023\\\/07\\\/cropped-chloe_rond.png\",\"contentUrl\":\"https:\\\/\\\/chloebordils.com\\\/wp-content\\\/uploads\\\/2023\\\/07\\\/cropped-chloe_rond.png\",\"width\":512,\"height\":512,\"caption\":\"Chloe Bordils ilustraci\u00f3n\"},\"logo\":{\"@id\":\"https:\\\/\\\/chloebordils.com\\\/wp-content\\\/uploads\\\/2023\\\/07\\\/cropped-chloe_rond.png\"},\"description\":\"Ilustraci\u00f3n minimalista y productos estampados con dibujos sencillos de personajes so\u00f1adores para personas que buscan tranquilidad e inspiraci\u00f3n en este mundo tan ajetreado.\",\"sameAs\":[\"https:\\\/\\\/www.facebook.com\\\/elvira.daudet.3\",\"https:\\\/\\\/www.instagram.com\\\/chloe_bordils\\\/\",\"https:\\\/\\\/www.linkedin.com\\\/in\\\/chloe-bordils-883691312\\\/\",\"https:\\\/\\\/es.pinterest.com\\\/chloe_bordils\"]}]}<\/script>\n<!-- \/ Yoast SEO plugin. -->","yoast_head_json":{"title":"Mural infantil habitaci\u00f3n ni\u00f1o: tema del mar Madrid","description":"Mural infantil para habitaci\u00f3n de ni\u00f1o en Madrid. Sobre el tema del mar con faro, gaviotas, peces y personajes so\u00f1adores en azul y blanco.","robots":{"index":"index","follow":"follow","max-snippet":"max-snippet:-1","max-image-preview":"max-image-preview:large","max-video-preview":"max-video-preview:-1"},"canonical":"https:\/\/chloebordils.com\/fr\/mural-madrid\/","og_locale":"fr_FR","og_type":"article","og_title":"Mural infantil habitaci\u00f3n ni\u00f1o: tema del mar Madrid","og_description":"Mural infantil para habitaci\u00f3n de ni\u00f1o en Madrid. Sobre el tema del mar con faro, gaviotas, peces y personajes so\u00f1adores en azul y blanco.","og_url":"https:\/\/chloebordils.com\/fr\/mural-madrid\/","og_site_name":"Chloe Bordils","article_publisher":"https:\/\/www.facebook.com\/elvira.daudet.3","article_modified_time":"2026-05-03T16:25:49+00:00","og_image":[{"width":1200,"height":675,"url":"https:\/\/chloebordils.com\/wp-content\/uploads\/2025\/01\/imagen_web_chloe_bordils_ilustracion.jpg","type":"image\/jpeg"}],"twitter_card":"summary_large_image","schema":{"@context":"https:\/\/schema.org","@graph":[{"@type":"WebPage","@id":"https:\/\/chloebordils.com\/mural-madrid\/","url":"https:\/\/chloebordils.com\/mural-madrid\/","name":"Mural infantil habitaci\u00f3n ni\u00f1o: tema del mar Madrid","isPartOf":{"@id":"https:\/\/chloebordils.com\/#website"},"datePublished":"2026-05-03T16:20:47+00:00","dateModified":"2026-05-03T16:25:49+00:00","description":"Mural infantil para habitaci\u00f3n de ni\u00f1o en Madrid. Sobre el tema del mar con faro, gaviotas, peces y personajes so\u00f1adores en azul y blanco.","breadcrumb":{"@id":"https:\/\/chloebordils.com\/mural-madrid\/#breadcrumb"},"inLanguage":"fr-FR","potentialAction":[{"@type":"ReadAction","target":["https:\/\/chloebordils.com\/mural-madrid\/"]}]},{"@type":"BreadcrumbList","@id":"https:\/\/chloebordils.com\/mural-madrid\/#breadcrumb","itemListElement":[{"@type":"ListItem","position":1,"name":"Portada","item":"https:\/\/chloebordils.com\/"},{"@type":"ListItem","position":2,"name":"Mural infantil habitaci\u00f3n de ni\u00f1o: tema del mar"}]},{"@type":"WebSite","@id":"https:\/\/chloebordils.com\/#website","url":"https:\/\/chloebordils.com\/","name":"chloebordils.com","description":"Ilustraci\u00f3n y dise\u00f1o gr\u00e1fico","publisher":{"@id":"https:\/\/chloebordils.com\/#\/schema\/person\/d49ae91dabf2ecf396d2555ce8e1dfe3"},"alternateName":"Chloe Bordils ilustraci\u00f3n","potentialAction":[{"@type":"SearchAction","target":{"@type":"EntryPoint","urlTemplate":"https:\/\/chloebordils.com\/?s={search_term_string}"},"query-input":{"@type":"PropertyValueSpecification","valueRequired":true,"valueName":"search_term_string"}}],"inLanguage":"fr-FR"},{"@type":["Person","Organization"],"@id":"https:\/\/chloebordils.com\/#\/schema\/person\/d49ae91dabf2ecf396d2555ce8e1dfe3","name":"Chloe Bordils ilustraci\u00f3n","image":{"@type":"ImageObject","inLanguage":"fr-FR","@id":"https:\/\/chloebordils.com\/wp-content\/uploads\/2023\/07\/cropped-chloe_rond.png","url":"https:\/\/chloebordils.com\/wp-content\/uploads\/2023\/07\/cropped-chloe_rond.png","contentUrl":"https:\/\/chloebordils.com\/wp-content\/uploads\/2023\/07\/cropped-chloe_rond.png","width":512,"height":512,"caption":"Chloe Bordils ilustraci\u00f3n"},"logo":{"@id":"https:\/\/chloebordils.com\/wp-content\/uploads\/2023\/07\/cropped-chloe_rond.png"},"description":"Ilustraci\u00f3n minimalista y productos estampados con dibujos sencillos de personajes so\u00f1adores para personas que buscan tranquilidad e inspiraci\u00f3n en este mundo tan ajetreado.","sameAs":["https:\/\/www.facebook.com\/elvira.daudet.3","https:\/\/www.instagram.com\/chloe_bordils\/","https:\/\/www.linkedin.com\/in\/chloe-bordils-883691312\/","https:\/\/es.pinterest.com\/chloe_bordils"]}]}},"_links":{"self":[{"href":"https:\/\/chloebordils.com\/fr\/wp-json\/wp\/v2\/pages\/3726","targetHints":{"allow":["GET"]}}],"collection":[{"href":"https:\/\/chloebordils.com\/fr\/wp-json\/wp\/v2\/pages"}],"about":[{"href":"https:\/\/chloebordils.com\/fr\/wp-json\/wp\/v2\/types\/page"}],"author":[{"embeddable":true,"href":"https:\/\/chloebordils.com\/fr\/wp-json\/wp\/v2\/users\/2"}],"replies":[{"embeddable":true,"href":"https:\/\/chloebordils.com\/fr\/wp-json\/wp\/v2\/comments?post=3726"}],"version-history":[{"count":8,"href":"https:\/\/chloebordils.com\/fr\/wp-json\/wp\/v2\/pages\/3726\/revisions"}],"predecessor-version":[{"id":3735,"href":"https:\/\/chloebordils.com\/fr\/wp-json\/wp\/v2\/pages\/3726\/revisions\/3735"}],"wp:attachment":[{"href":"https:\/\/chloebordils.com\/fr\/wp-json\/wp\/v2\/media?parent=3726"}],"curies":[{"name":"wp","href":"https:\/\/api.w.org\/{rel}","templated":true}]}}