{"id":3739,"date":"2026-05-03T18:43:29","date_gmt":"2026-05-03T16:43:29","guid":{"rendered":"https:\/\/chloebordils.com\/?page_id=3739"},"modified":"2026-05-03T19:02:41","modified_gmt":"2026-05-03T17:02:41","slug":"saint-paul","status":"publish","type":"page","link":"https:\/\/chloebordils.com\/fr\/saint-paul\/","title":{"rendered":"saint-paul"},"content":{"rendered":"\r\n\r\n<div class=\"et_pb_section_0 et_pb_section et_section_regular et_block_section\">\r\n\r\n<div class=\"et_pb_row_0 et_pb_row et_block_row\">\r\n\r\n<div class=\"et_pb_column_0 et_pb_column et_pb_column_4_4 et-last-child et_block_column et_pb_css_mix_blend_mode_passthrough\">\r\n\r\n<div class=\"et_pb_text_0 et_pb_text et_pb_bg_layout_light et_pb_module et_flex_module\"><div class=\"et_pb_text_inner\"><h1>Ilustraciones para el libro Saint Paul<\/h1>\n<\/div><\/div><\/div><\/div>\r\n\r\n<div class=\"et_pb_row_1 et_pb_row et_flex_row\">\r\n\r\n<div class=\"et_pb_column_1 et_pb_column et_flex_column et_pb_css_mix_blend_mode_passthrough et_flex_column_8_24 et_flex_column_8_24_tablet et_flex_column_24_24_phone\">\r\n\r\n<div class=\"et_pb_image_0 et_pb_image et_pb_module et_flex_module\"><span class=\"et_pb_image_wrap\"><img loading=\"lazy\" decoding=\"async\" src=\"https:\/\/chloebordils.com\/wp-content\/uploads\/2025\/01\/saintpaul-05.jpg\" alt=\"ilustraci\u00f3n infantil Antoine no quiere crecer\" title=\"saintpaul-05\" width=\"1000\" height=\"909\" srcset=\"https:\/\/chloebordils.com\/wp-content\/uploads\/2025\/01\/saintpaul-05.jpg 1000w, https:\/\/chloebordils.com\/wp-content\/uploads\/2025\/01\/saintpaul-05-980x891.jpg 980w, https:\/\/chloebordils.com\/wp-content\/uploads\/2025\/01\/saintpaul-05-480x436.jpg 480w\" sizes=\"(min-width: 0px) and (max-width: 480px) 480px, (min-width: 481px) and (max-width: 980px) 980px, (min-width: 981px) 1000px, 100vw\" class=\"wp-image-2106\" \/><\/span><\/div><\/div>\r\n\r\n<div class=\"et_pb_column_2 et_pb_column et_flex_column et_pb_css_mix_blend_mode_passthrough et_flex_column_8_24 et_flex_column_8_24_tablet et_flex_column_24_24_phone\">\r\n\r\n<div class=\"et_pb_image_1 et_pb_image et_pb_module et_flex_module\"><span class=\"et_pb_image_wrap\"><img loading=\"lazy\" decoding=\"async\" src=\"https:\/\/chloebordils.com\/wp-content\/uploads\/2025\/01\/saintpaul-04.jpg\" alt=\"ilustraci\u00f3n l\u00e1piz escaneado Photoshop libro\" title=\"saintpaul-04\" width=\"1200\" height=\"1091\" srcset=\"https:\/\/chloebordils.com\/wp-content\/uploads\/2025\/01\/saintpaul-04.jpg 1200w, https:\/\/chloebordils.com\/wp-content\/uploads\/2025\/01\/saintpaul-04-980x891.jpg 980w, https:\/\/chloebordils.com\/wp-content\/uploads\/2025\/01\/saintpaul-04-480x436.jpg 480w\" sizes=\"(min-width: 0px) and (max-width: 480px) 480px, (min-width: 481px) and (max-width: 980px) 980px, (min-width: 981px) 1200px, 100vw\" class=\"wp-image-2104\" \/><\/span><\/div><\/div>\r\n\r\n<div class=\"et_pb_column_3 et_pb_column et-last-child et_flex_column et_pb_css_mix_blend_mode_passthrough et_flex_column_8_24 et_flex_column_8_24_tablet et_flex_column_24_24_phone\">\r\n\r\n<div class=\"et_pb_image_2 et_pb_image et_pb_module et_flex_module\"><span class=\"et_pb_image_wrap\"><img loading=\"lazy\" decoding=\"async\" src=\"https:\/\/chloebordils.com\/wp-content\/uploads\/2025\/01\/saintpaul-03.jpg\" alt=\"Ilustraci\u00f3n de Chloe Bordils para el libro Saint Paul de Aur\u00e9lien Daudet\" title=\"saintpaul-03\" width=\"1200\" height=\"1091\" srcset=\"https:\/\/chloebordils.com\/wp-content\/uploads\/2025\/01\/saintpaul-03.jpg 1200w, https:\/\/chloebordils.com\/wp-content\/uploads\/2025\/01\/saintpaul-03-980x891.jpg 980w, https:\/\/chloebordils.com\/wp-content\/uploads\/2025\/01\/saintpaul-03-480x436.jpg 480w\" sizes=\"(min-width: 0px) and (max-width: 480px) 480px, (min-width: 481px) and (max-width: 980px) 980px, (min-width: 981px) 1200px, 100vw\" class=\"wp-image-2102\" \/><\/span><\/div><\/div><\/div>\r\n\r\n<div class=\"et_pb_row_2 et_pb_row et_flex_row\">\r\n\r\n<div class=\"et_pb_column_4 et_pb_column et-last-child et_flex_column et_pb_css_mix_blend_mode_passthrough et_flex_column_24_24 et_flex_column_24_24_tablet et_flex_column_24_24_phone\">\r\n\r\n<div class=\"et_pb_text_1 et_pb_text et_pb_bg_layout_light et_pb_module et_flex_module\"><div class=\"et_pb_text_inner\"><p class=\"font-claude-response-body break-words whitespace-normal leading-[1.7]\">Saint Paul es el libro de <a href=\"https:\/\/www.aureliendaudet.com\" target=\"_blank\" rel=\"noopener\">Aur\u00e9lien Daudet<\/a> sobre Antoine, un ni\u00f1o que no quiere crecer. Una historia sencilla y emotiva que ped\u00eda ilustraciones a la altura de esa sensibilidad.<\/p>\n<p class=\"font-claude-response-body break-words whitespace-normal leading-[1.7]\">Para este proyecto de ilustraci\u00f3n de libro infantil trabaj\u00e9 con l\u00e1piz sobre papel, buscando un trazo limpio y org\u00e1nico que acompa\u00f1ara la narrativa sin imponerse. Cada dibujo naci\u00f3 a mano, fue escaneado y tratado en Photoshop para obtener una l\u00ednea final clara y coherente en todas las p\u00e1ginas.<\/p>\n<p class=\"font-claude-response-body break-words whitespace-normal leading-[1.7]\">El resultado son ilustraciones minimalistas en blanco y negro donde los personajes so\u00f1adores, tan propios de mi universo, encuentran su lugar natural en una historia sobre la infancia y el tiempo que pasa.<\/p>\n<p class=\"font-claude-response-body break-words whitespace-normal leading-[1.7]\">Si tienes un proyecto de ilustraci\u00f3n para libro, <a href=\"mailto:chloe@chloebordils.com\">cu\u00e9ntame<\/a>.<\/p>\n<\/div><\/div><\/div><\/div>\r\n\r\n<div class=\"et_pb_row_3 et_pb_row et_flex_row\">\r\n\r\n<div class=\"et_pb_column_5 et_pb_column et_flex_column et_pb_css_mix_blend_mode_passthrough et_flex_column_8_24 et_flex_column_8_24_tablet et_flex_column_24_24_phone\">\r\n\r\n<div class=\"et_pb_image_3 et_pb_image et_pb_module et_flex_module\"><span class=\"et_pb_image_wrap\"><img loading=\"lazy\" decoding=\"async\" src=\"https:\/\/chloebordils.com\/wp-content\/uploads\/2025\/01\/saintpaul-02.jpg\" alt=\"Ilustraci\u00f3n de Chloe Bordils para el libro Saint Paul de Aur\u00e9lien Daudet\" title=\"saintpaul-02\" width=\"1200\" height=\"1091\" srcset=\"https:\/\/chloebordils.com\/wp-content\/uploads\/2025\/01\/saintpaul-02.jpg 1200w, https:\/\/chloebordils.com\/wp-content\/uploads\/2025\/01\/saintpaul-02-980x891.jpg 980w, https:\/\/chloebordils.com\/wp-content\/uploads\/2025\/01\/saintpaul-02-480x436.jpg 480w\" sizes=\"(min-width: 0px) and (max-width: 480px) 480px, (min-width: 481px) and (max-width: 980px) 980px, (min-width: 981px) 1200px, 100vw\" class=\"wp-image-2100\" \/><\/span><\/div><\/div>\r\n\r\n<div class=\"et_pb_column_6 et_pb_column et_flex_column et_pb_css_mix_blend_mode_passthrough et_flex_column_8_24 et_flex_column_8_24_tablet et_flex_column_24_24_phone\">\r\n\r\n<div class=\"et_pb_image_4 et_pb_image et_pb_module et_flex_module\"><span class=\"et_pb_image_wrap\"><img loading=\"lazy\" decoding=\"async\" src=\"https:\/\/chloebordils.com\/wp-content\/uploads\/2023\/07\/saintpaul1.jpg\" title=\"Portada de libro Saint Paul\" width=\"498\" height=\"453\" srcset=\"https:\/\/chloebordils.com\/wp-content\/uploads\/2023\/07\/saintpaul1.jpg 498w, https:\/\/chloebordils.com\/wp-content\/uploads\/2023\/07\/saintpaul1-480x437.jpg 480w\" sizes=\"(min-width: 0px) and (max-width: 480px) 480px, (min-width: 481px) 498px, 100vw\" class=\"wp-image-379\" \/><\/span><\/div><\/div>\r\n\r\n<div class=\"et_pb_column_7 et_pb_column et-last-child et_flex_column et_pb_css_mix_blend_mode_passthrough et_flex_column_8_24 et_flex_column_8_24_tablet et_flex_column_24_24_phone\">\r\n\r\n<div class=\"et_pb_image_5 et_pb_image et_pb_module et_flex_module\"><span class=\"et_pb_image_wrap\"><img loading=\"lazy\" decoding=\"async\" src=\"https:\/\/chloebordils.com\/wp-content\/uploads\/2025\/01\/saintpaul-01.jpg\" alt=\"dibujo minimalista blanco y negro libro infantil\" title=\"saintpaul-01\" width=\"1200\" height=\"1091\" srcset=\"https:\/\/chloebordils.com\/wp-content\/uploads\/2025\/01\/saintpaul-01.jpg 1200w, https:\/\/chloebordils.com\/wp-content\/uploads\/2025\/01\/saintpaul-01-980x891.jpg 980w, https:\/\/chloebordils.com\/wp-content\/uploads\/2025\/01\/saintpaul-01-480x436.jpg 480w\" sizes=\"(min-width: 0px) and (max-width: 480px) 480px, (min-width: 481px) and (max-width: 980px) 980px, (min-width: 981px) 1200px, 100vw\" class=\"wp-image-2097\" \/><\/span><\/div><\/div><\/div><\/div>","protected":false},"excerpt":{"rendered":"<p>Saint Paul es el libro de Aur\u00e9lien Daudet sobre Antoine, un ni\u00f1o que no quiere crecer. Una historia sencilla y emotiva que ped\u00eda ilustraciones a la altura de esa sensibilidad.<br \/>\nPara este proyecto de ilustraci\u00f3n de libro infantil trabaj\u00e9 con l\u00e1piz sobre papel, buscando un trazo limpio y org\u00e1nico que acompa\u00f1ara la narrativa sin imponerse. Cada dibujo naci\u00f3 a mano, fue escaneado y tratado en Photoshop para obtener una l\u00ednea final clara y coherente en todas las p\u00e1ginas.<br \/>\nEl resultado son ilustraciones minimalistas en blanco y negro donde los personajes so\u00f1adores, tan propios de mi universo, encuentran su lugar natural en una historia sobre la infancia y el tiempo que pasa.<br \/>\nSi tienes un proyecto de ilustraci\u00f3n para libro, cu\u00e9ntame.<\/p>","protected":false},"author":2,"featured_media":379,"parent":0,"menu_order":0,"comment_status":"closed","ping_status":"closed","template":"","meta":{"footnotes":""},"class_list":["post-3739","page","type-page","status-publish","has-post-thumbnail","hentry"],"yoast_head":"<!-- This site is optimized with the Yoast SEO plugin v27.5 - https:\/\/yoast.com\/product\/yoast-seo-wordpress\/ -->\n<title>Ilustraci\u00f3n libro infantil: Saint Paul de Aur\u00e9lien Daudet<\/title>\n<meta name=\"description\" content=\"Ilustraci\u00f3n libro infantil para Saint Paul de Aur\u00e9lien Daudet. La historia de Antoine, el ni\u00f1o que no quiere crecer, ilustrada a l\u00e1piz.\" \/>\n<meta name=\"robots\" content=\"index, follow, max-snippet:-1, max-image-preview:large, max-video-preview:-1\" \/>\n<link rel=\"canonical\" href=\"https:\/\/chloebordils.com\/fr\/saint-paul\/\" \/>\n<meta property=\"og:locale\" content=\"fr_FR\" \/>\n<meta property=\"og:type\" content=\"article\" \/>\n<meta property=\"og:title\" content=\"Ilustraci\u00f3n libro infantil: Saint Paul de Aur\u00e9lien Daudet\" \/>\n<meta property=\"og:description\" content=\"Ilustraci\u00f3n libro infantil para Saint Paul de Aur\u00e9lien Daudet. La historia de Antoine, el ni\u00f1o que no quiere crecer, ilustrada a l\u00e1piz.\" \/>\n<meta property=\"og:url\" content=\"https:\/\/chloebordils.com\/fr\/saint-paul\/\" \/>\n<meta property=\"og:site_name\" content=\"Chloe Bordils\" \/>\n<meta property=\"article:publisher\" content=\"https:\/\/www.facebook.com\/elvira.daudet.3\" \/>\n<meta property=\"article:modified_time\" content=\"2026-05-03T17:02:41+00:00\" \/>\n<meta property=\"og:image\" content=\"https:\/\/chloebordils.com\/wp-content\/uploads\/2023\/07\/saintpaul1.jpg\" \/>\n\t<meta property=\"og:image:width\" content=\"498\" \/>\n\t<meta property=\"og:image:height\" content=\"453\" \/>\n\t<meta property=\"og:image:type\" content=\"image\/jpeg\" \/>\n<meta name=\"twitter:card\" content=\"summary_large_image\" \/>\n<meta name=\"twitter:label1\" content=\"Dur\u00e9e de lecture estim\u00e9e\" \/>\n\t<meta name=\"twitter:data1\" content=\"1 minute\" \/>\n<script type=\"application\/ld+json\" class=\"yoast-schema-graph\">{\"@context\":\"https:\\\/\\\/schema.org\",\"@graph\":[{\"@type\":\"WebPage\",\"@id\":\"https:\\\/\\\/chloebordils.com\\\/saint-paul\\\/\",\"url\":\"https:\\\/\\\/chloebordils.com\\\/saint-paul\\\/\",\"name\":\"Ilustraci\u00f3n libro infantil: Saint Paul de Aur\u00e9lien Daudet\",\"isPartOf\":{\"@id\":\"https:\\\/\\\/chloebordils.com\\\/#website\"},\"primaryImageOfPage\":{\"@id\":\"https:\\\/\\\/chloebordils.com\\\/saint-paul\\\/#primaryimage\"},\"image\":{\"@id\":\"https:\\\/\\\/chloebordils.com\\\/saint-paul\\\/#primaryimage\"},\"thumbnailUrl\":\"https:\\\/\\\/chloebordils.com\\\/wp-content\\\/uploads\\\/2023\\\/07\\\/saintpaul1.jpg\",\"datePublished\":\"2026-05-03T16:43:29+00:00\",\"dateModified\":\"2026-05-03T17:02:41+00:00\",\"description\":\"Ilustraci\u00f3n libro infantil para Saint Paul de Aur\u00e9lien Daudet. La historia de Antoine, el ni\u00f1o que no quiere crecer, ilustrada a l\u00e1piz.\",\"breadcrumb\":{\"@id\":\"https:\\\/\\\/chloebordils.com\\\/saint-paul\\\/#breadcrumb\"},\"inLanguage\":\"fr-FR\",\"potentialAction\":[{\"@type\":\"ReadAction\",\"target\":[\"https:\\\/\\\/chloebordils.com\\\/saint-paul\\\/\"]}]},{\"@type\":\"ImageObject\",\"inLanguage\":\"fr-FR\",\"@id\":\"https:\\\/\\\/chloebordils.com\\\/saint-paul\\\/#primaryimage\",\"url\":\"https:\\\/\\\/chloebordils.com\\\/wp-content\\\/uploads\\\/2023\\\/07\\\/saintpaul1.jpg\",\"contentUrl\":\"https:\\\/\\\/chloebordils.com\\\/wp-content\\\/uploads\\\/2023\\\/07\\\/saintpaul1.jpg\",\"width\":498,\"height\":453,\"caption\":\"Portada de libro Saint Paul\"},{\"@type\":\"BreadcrumbList\",\"@id\":\"https:\\\/\\\/chloebordils.com\\\/saint-paul\\\/#breadcrumb\",\"itemListElement\":[{\"@type\":\"ListItem\",\"position\":1,\"name\":\"Portada\",\"item\":\"https:\\\/\\\/chloebordils.com\\\/\"},{\"@type\":\"ListItem\",\"position\":2,\"name\":\"saint-paul\"}]},{\"@type\":\"WebSite\",\"@id\":\"https:\\\/\\\/chloebordils.com\\\/#website\",\"url\":\"https:\\\/\\\/chloebordils.com\\\/\",\"name\":\"chloebordils.com\",\"description\":\"Ilustraci\u00f3n y dise\u00f1o gr\u00e1fico\",\"publisher\":{\"@id\":\"https:\\\/\\\/chloebordils.com\\\/#\\\/schema\\\/person\\\/d49ae91dabf2ecf396d2555ce8e1dfe3\"},\"alternateName\":\"Chloe Bordils ilustraci\u00f3n\",\"potentialAction\":[{\"@type\":\"SearchAction\",\"target\":{\"@type\":\"EntryPoint\",\"urlTemplate\":\"https:\\\/\\\/chloebordils.com\\\/?s={search_term_string}\"},\"query-input\":{\"@type\":\"PropertyValueSpecification\",\"valueRequired\":true,\"valueName\":\"search_term_string\"}}],\"inLanguage\":\"fr-FR\"},{\"@type\":[\"Person\",\"Organization\"],\"@id\":\"https:\\\/\\\/chloebordils.com\\\/#\\\/schema\\\/person\\\/d49ae91dabf2ecf396d2555ce8e1dfe3\",\"name\":\"Chloe Bordils ilustraci\u00f3n\",\"image\":{\"@type\":\"ImageObject\",\"inLanguage\":\"fr-FR\",\"@id\":\"https:\\\/\\\/chloebordils.com\\\/wp-content\\\/uploads\\\/2023\\\/07\\\/cropped-chloe_rond.png\",\"url\":\"https:\\\/\\\/chloebordils.com\\\/wp-content\\\/uploads\\\/2023\\\/07\\\/cropped-chloe_rond.png\",\"contentUrl\":\"https:\\\/\\\/chloebordils.com\\\/wp-content\\\/uploads\\\/2023\\\/07\\\/cropped-chloe_rond.png\",\"width\":512,\"height\":512,\"caption\":\"Chloe Bordils ilustraci\u00f3n\"},\"logo\":{\"@id\":\"https:\\\/\\\/chloebordils.com\\\/wp-content\\\/uploads\\\/2023\\\/07\\\/cropped-chloe_rond.png\"},\"description\":\"Ilustraci\u00f3n minimalista y productos estampados con dibujos sencillos de personajes so\u00f1adores para personas que buscan tranquilidad e inspiraci\u00f3n en este mundo tan ajetreado.\",\"sameAs\":[\"https:\\\/\\\/www.facebook.com\\\/elvira.daudet.3\",\"https:\\\/\\\/www.instagram.com\\\/chloe_bordils\\\/\",\"https:\\\/\\\/www.linkedin.com\\\/in\\\/chloe-bordils-883691312\\\/\",\"https:\\\/\\\/es.pinterest.com\\\/chloe_bordils\"]}]}<\/script>\n<!-- \/ Yoast SEO plugin. -->","yoast_head_json":{"title":"Ilustraci\u00f3n libro infantil: Saint Paul de Aur\u00e9lien Daudet","description":"Ilustraci\u00f3n libro infantil para Saint Paul de Aur\u00e9lien Daudet. La historia de Antoine, el ni\u00f1o que no quiere crecer, ilustrada a l\u00e1piz.","robots":{"index":"index","follow":"follow","max-snippet":"max-snippet:-1","max-image-preview":"max-image-preview:large","max-video-preview":"max-video-preview:-1"},"canonical":"https:\/\/chloebordils.com\/fr\/saint-paul\/","og_locale":"fr_FR","og_type":"article","og_title":"Ilustraci\u00f3n libro infantil: Saint Paul de Aur\u00e9lien Daudet","og_description":"Ilustraci\u00f3n libro infantil para Saint Paul de Aur\u00e9lien Daudet. La historia de Antoine, el ni\u00f1o que no quiere crecer, ilustrada a l\u00e1piz.","og_url":"https:\/\/chloebordils.com\/fr\/saint-paul\/","og_site_name":"Chloe Bordils","article_publisher":"https:\/\/www.facebook.com\/elvira.daudet.3","article_modified_time":"2026-05-03T17:02:41+00:00","og_image":[{"width":498,"height":453,"url":"https:\/\/chloebordils.com\/wp-content\/uploads\/2023\/07\/saintpaul1.jpg","type":"image\/jpeg"}],"twitter_card":"summary_large_image","twitter_misc":{"Dur\u00e9e de lecture estim\u00e9e":"1 minute"},"schema":{"@context":"https:\/\/schema.org","@graph":[{"@type":"WebPage","@id":"https:\/\/chloebordils.com\/saint-paul\/","url":"https:\/\/chloebordils.com\/saint-paul\/","name":"Ilustraci\u00f3n libro infantil: Saint Paul de Aur\u00e9lien Daudet","isPartOf":{"@id":"https:\/\/chloebordils.com\/#website"},"primaryImageOfPage":{"@id":"https:\/\/chloebordils.com\/saint-paul\/#primaryimage"},"image":{"@id":"https:\/\/chloebordils.com\/saint-paul\/#primaryimage"},"thumbnailUrl":"https:\/\/chloebordils.com\/wp-content\/uploads\/2023\/07\/saintpaul1.jpg","datePublished":"2026-05-03T16:43:29+00:00","dateModified":"2026-05-03T17:02:41+00:00","description":"Ilustraci\u00f3n libro infantil para Saint Paul de Aur\u00e9lien Daudet. La historia de Antoine, el ni\u00f1o que no quiere crecer, ilustrada a l\u00e1piz.","breadcrumb":{"@id":"https:\/\/chloebordils.com\/saint-paul\/#breadcrumb"},"inLanguage":"fr-FR","potentialAction":[{"@type":"ReadAction","target":["https:\/\/chloebordils.com\/saint-paul\/"]}]},{"@type":"ImageObject","inLanguage":"fr-FR","@id":"https:\/\/chloebordils.com\/saint-paul\/#primaryimage","url":"https:\/\/chloebordils.com\/wp-content\/uploads\/2023\/07\/saintpaul1.jpg","contentUrl":"https:\/\/chloebordils.com\/wp-content\/uploads\/2023\/07\/saintpaul1.jpg","width":498,"height":453,"caption":"Portada de libro Saint Paul"},{"@type":"BreadcrumbList","@id":"https:\/\/chloebordils.com\/saint-paul\/#breadcrumb","itemListElement":[{"@type":"ListItem","position":1,"name":"Portada","item":"https:\/\/chloebordils.com\/"},{"@type":"ListItem","position":2,"name":"saint-paul"}]},{"@type":"WebSite","@id":"https:\/\/chloebordils.com\/#website","url":"https:\/\/chloebordils.com\/","name":"chloebordils.com","description":"Ilustraci\u00f3n y dise\u00f1o gr\u00e1fico","publisher":{"@id":"https:\/\/chloebordils.com\/#\/schema\/person\/d49ae91dabf2ecf396d2555ce8e1dfe3"},"alternateName":"Chloe Bordils ilustraci\u00f3n","potentialAction":[{"@type":"SearchAction","target":{"@type":"EntryPoint","urlTemplate":"https:\/\/chloebordils.com\/?s={search_term_string}"},"query-input":{"@type":"PropertyValueSpecification","valueRequired":true,"valueName":"search_term_string"}}],"inLanguage":"fr-FR"},{"@type":["Person","Organization"],"@id":"https:\/\/chloebordils.com\/#\/schema\/person\/d49ae91dabf2ecf396d2555ce8e1dfe3","name":"Chloe Bordils ilustraci\u00f3n","image":{"@type":"ImageObject","inLanguage":"fr-FR","@id":"https:\/\/chloebordils.com\/wp-content\/uploads\/2023\/07\/cropped-chloe_rond.png","url":"https:\/\/chloebordils.com\/wp-content\/uploads\/2023\/07\/cropped-chloe_rond.png","contentUrl":"https:\/\/chloebordils.com\/wp-content\/uploads\/2023\/07\/cropped-chloe_rond.png","width":512,"height":512,"caption":"Chloe Bordils ilustraci\u00f3n"},"logo":{"@id":"https:\/\/chloebordils.com\/wp-content\/uploads\/2023\/07\/cropped-chloe_rond.png"},"description":"Ilustraci\u00f3n minimalista y productos estampados con dibujos sencillos de personajes so\u00f1adores para personas que buscan tranquilidad e inspiraci\u00f3n en este mundo tan ajetreado.","sameAs":["https:\/\/www.facebook.com\/elvira.daudet.3","https:\/\/www.instagram.com\/chloe_bordils\/","https:\/\/www.linkedin.com\/in\/chloe-bordils-883691312\/","https:\/\/es.pinterest.com\/chloe_bordils"]}]}},"_links":{"self":[{"href":"https:\/\/chloebordils.com\/fr\/wp-json\/wp\/v2\/pages\/3739","targetHints":{"allow":["GET"]}}],"collection":[{"href":"https:\/\/chloebordils.com\/fr\/wp-json\/wp\/v2\/pages"}],"about":[{"href":"https:\/\/chloebordils.com\/fr\/wp-json\/wp\/v2\/types\/page"}],"author":[{"embeddable":true,"href":"https:\/\/chloebordils.com\/fr\/wp-json\/wp\/v2\/users\/2"}],"replies":[{"embeddable":true,"href":"https:\/\/chloebordils.com\/fr\/wp-json\/wp\/v2\/comments?post=3739"}],"version-history":[{"count":9,"href":"https:\/\/chloebordils.com\/fr\/wp-json\/wp\/v2\/pages\/3739\/revisions"}],"predecessor-version":[{"id":3750,"href":"https:\/\/chloebordils.com\/fr\/wp-json\/wp\/v2\/pages\/3739\/revisions\/3750"}],"wp:featuredmedia":[{"embeddable":true,"href":"https:\/\/chloebordils.com\/fr\/wp-json\/wp\/v2\/media\/379"}],"wp:attachment":[{"href":"https:\/\/chloebordils.com\/fr\/wp-json\/wp\/v2\/media?parent=3739"}],"curies":[{"name":"wp","href":"https:\/\/api.w.org\/{rel}","templated":true}]}}