{"id":1459,"date":"2023-12-15T16:44:58","date_gmt":"2023-12-15T15:44:58","guid":{"rendered":"https:\/\/chloebordils.com\/?post_type=product&#038;p=1459"},"modified":"2026-01-09T21:39:21","modified_gmt":"2026-01-09T20:39:21","slug":"tote-bag-negro-estampado-en-blanco-personaje-con-vestido-largo-y-brazos-abiertos","status":"publish","type":"product","link":"https:\/\/chloebordils.com\/fr\/produit\/tote-bag-negro-estampado-en-blanco-personaje-con-vestido-largo-y-brazos-abiertos\/","title":{"rendered":"tote bag negro &#8211; personaje con vestido largo"},"content":{"rendered":"<p>Tote bag negro de tela reciclada estampado en blanco con un personaje con brazos abiertos<\/p>\n<p>Te presento este tote bag minimalista ilustrado, la combinaci\u00f3n perfecta de simplicidad y elegancia.<\/p>\n<p>Elaborado con sumo cuidado, a partir de telas recicladas, lo que garantiza comodidad y sostenibilidad.<\/p>\n<p>Su color negro, irradia un encanto elegante que complementa sin esfuerzo cualquier conjunto.<\/p>\n<p>El dise\u00f1o minimalista y una sutil, a\u00f1ade un toque art\u00edstico a su atractivo general y te permite usarlo como bolso cotidiano.<\/p>\n<p>Su espacioso interior le permite tambi\u00e9n llevar todo lo que quieras con facilidad, lo que lo convierte en un compa\u00f1ero ideal para compras o viajes.<\/p>\n<p>Esta bolsa, elaborada pensando en la sostenibilidad, est\u00e1 dise\u00f1ado para resistir la prueba del tiempo, lo que garantiza que ser\u00e1 un accesorio fiable en los a\u00f1os venideros.<\/p>\n<p>Su tejido reciclado le da suavidad y va con tus valores de conciencia ecol\u00f3gica.<\/p>\n<p>Ya sea que vayas al supermercado o te re\u00fanas con amigos para tomar un caf\u00e9, este sencillo pero elegante bolso realza tu apariencia urbana y original.<\/p>\n<p>Di adi\u00f3s a las bolsas de pl\u00e1stico y adopta esta alternativa sostenible que muestra tu compromiso tanto con la moda como con el planeta.<\/p>\n<p>Totebag para tus compras y todo lo que quieras, sostenible, resistente, es una buena alternativa a las bolsas en pl\u00e1stico, estampado de arte minimalista, dibujo sencillo con trazo fino en blanco de Chloe Bordils que representa una personaje con brazos abiertos hacia las estrellas, para volar con ellas o so\u00f1ar en ellas.<\/p>\n<p>&#8211; 280 g\/m\u00b2.<br \/>\n&#8211; Edici\u00f3n limitada: fabricada con retales textiles ecol\u00f3gicos<br \/>\n&#8211; 80% algod\u00f3n peinado reciclado \/ 20% poli\u00e9ster reciclado (etiqueta GOTS)<br \/>\n&#8211; Asas largas con cruces de refuerzo<br \/>\n&#8211; Bordes superiores de la bolsa con acabado remetido para mayor resistencia y calidad<br \/>\n&#8211; Costuras en la parte inferior de la bolsa para crear volumen<\/p>\n<p>\u00a1\u00a1P\u00eddelo ya!!<\/p>\n<div style=\"width: 600px;\" class=\"wp-video\"><video class=\"wp-video-shortcode\" id=\"video-1459-1\" width=\"600\" height=\"600\" preload=\"metadata\" controls=\"controls\"><source type=\"video\/mp4\" src=\"https:\/\/chloebordils.com\/wp-content\/uploads\/2024\/03\/totebag_negro_volando.mp4?_=1\" \/><a href=\"https:\/\/chloebordils.com\/wp-content\/uploads\/2024\/03\/totebag_negro_volando.mp4\">https:\/\/chloebordils.com\/wp-content\/uploads\/2024\/03\/totebag_negro_volando.mp4<\/a><\/video><\/div>\n<p>&nbsp;<\/p>\n<div style=\"width: 600px;\" class=\"wp-video\"><video class=\"wp-video-shortcode\" id=\"video-1459-2\" width=\"600\" height=\"600\" preload=\"metadata\" controls=\"controls\"><source type=\"video\/mp4\" src=\"https:\/\/chloebordils.com\/wp-content\/uploads\/2023\/12\/epaisseur_totebag.mp4?_=2\" \/><a href=\"https:\/\/chloebordils.com\/wp-content\/uploads\/2023\/12\/epaisseur_totebag.mp4\">https:\/\/chloebordils.com\/wp-content\/uploads\/2023\/12\/epaisseur_totebag.mp4<\/a><\/video><\/div>","protected":false},"excerpt":{"rendered":"<p>Tote bag sostenible y resistente para tus compras<\/p>","protected":false},"featured_media":1478,"comment_status":"closed","ping_status":"closed","template":"","meta":[],"product_brand":[],"product_cat":[137],"product_tag":[],"class_list":{"0":"post-1459","1":"product","2":"type-product","3":"status-publish","4":"has-post-thumbnail","6":"product_cat-tote-bag","8":"first","9":"instock","10":"taxable","11":"shipping-taxable","12":"purchasable","13":"product-type-simple"},"yoast_head":"<!-- This site is optimized with the Yoast SEO plugin v27.5 - https:\/\/yoast.com\/product\/yoast-seo-wordpress\/ -->\n<title>Tote bag negra estampada de un so\u00f1ador - Chloe Bordils<\/title>\n<meta name=\"description\" content=\"Tote bag negro de tela reciclada estampado en blanco con una ilustraci\u00f3n de arte minimalista, bolsa pr\u00e1ctica, simple y elegante.Tote bag sostenible y resistente para todo lo que quieras\" \/>\n<meta name=\"robots\" content=\"index, follow, max-snippet:-1, max-image-preview:large, max-video-preview:-1\" \/>\n<link rel=\"canonical\" href=\"https:\/\/chloebordils.com\/fr\/produit\/tote-bag-negro-estampado-en-blanco-personaje-con-vestido-largo-y-brazos-abiertos\/\" \/>\n<meta property=\"og:locale\" content=\"fr_FR\" \/>\n<meta property=\"og:type\" content=\"article\" \/>\n<meta property=\"og:title\" content=\"Tote bag negra estampada de un personaje so\u00f1ador en blanco\" \/>\n<meta property=\"og:description\" content=\"Tote bag negro de tela reciclada estampado en blanco con una ilustraci\u00f3n de arte minimalista, bolsa pr\u00e1ctica, simple y elegante.Tote bag sostenible y resistente para todo lo que quieras\" \/>\n<meta property=\"og:url\" content=\"https:\/\/chloebordils.com\/fr\/produit\/tote-bag-negro-estampado-en-blanco-personaje-con-vestido-largo-y-brazos-abiertos\/\" \/>\n<meta property=\"og:site_name\" content=\"Chloe Bordils\" \/>\n<meta property=\"article:publisher\" content=\"https:\/\/www.facebook.com\/elvira.daudet.3\" \/>\n<meta property=\"article:modified_time\" content=\"2026-01-09T20:39:21+00:00\" \/>\n<meta property=\"og:image\" content=\"https:\/\/chloebordils.com\/wp-content\/uploads\/2023\/12\/totebag_negro_vestido_largo_web.jpg\" \/>\n\t<meta property=\"og:image:width\" content=\"663\" \/>\n\t<meta property=\"og:image:height\" content=\"663\" \/>\n\t<meta property=\"og:image:type\" content=\"image\/jpeg\" \/>\n<meta name=\"twitter:card\" content=\"summary_large_image\" \/>\n<meta name=\"twitter:label1\" content=\"Dur\u00e9e de lecture estim\u00e9e\" \/>\n\t<meta name=\"twitter:data1\" content=\"2 minutes\" \/>\n<script type=\"application\/ld+json\" class=\"yoast-schema-graph\">{\"@context\":\"https:\\\/\\\/schema.org\",\"@graph\":[{\"@type\":\"WebPage\",\"@id\":\"https:\\\/\\\/chloebordils.com\\\/producto\\\/tote-bag-negro-estampado-en-blanco-personaje-con-vestido-largo-y-brazos-abiertos\\\/\",\"url\":\"https:\\\/\\\/chloebordils.com\\\/producto\\\/tote-bag-negro-estampado-en-blanco-personaje-con-vestido-largo-y-brazos-abiertos\\\/\",\"name\":\"Tote bag negra estampada de un so\u00f1ador - Chloe Bordils\",\"isPartOf\":{\"@id\":\"https:\\\/\\\/chloebordils.com\\\/#website\"},\"primaryImageOfPage\":{\"@id\":\"https:\\\/\\\/chloebordils.com\\\/producto\\\/tote-bag-negro-estampado-en-blanco-personaje-con-vestido-largo-y-brazos-abiertos\\\/#primaryimage\"},\"image\":{\"@id\":\"https:\\\/\\\/chloebordils.com\\\/producto\\\/tote-bag-negro-estampado-en-blanco-personaje-con-vestido-largo-y-brazos-abiertos\\\/#primaryimage\"},\"thumbnailUrl\":\"https:\\\/\\\/chloebordils.com\\\/wp-content\\\/uploads\\\/2023\\\/12\\\/totebag_negro_vestido_largo_web.jpg\",\"datePublished\":\"2023-12-15T15:44:58+00:00\",\"dateModified\":\"2026-01-09T20:39:21+00:00\",\"description\":\"Tote bag negro de tela reciclada estampado en blanco con una ilustraci\u00f3n de arte minimalista, bolsa pr\u00e1ctica, simple y elegante.Tote bag sostenible y resistente para todo lo que quieras\",\"breadcrumb\":{\"@id\":\"https:\\\/\\\/chloebordils.com\\\/producto\\\/tote-bag-negro-estampado-en-blanco-personaje-con-vestido-largo-y-brazos-abiertos\\\/#breadcrumb\"},\"inLanguage\":\"fr-FR\",\"potentialAction\":[{\"@type\":\"ReadAction\",\"target\":[\"https:\\\/\\\/chloebordils.com\\\/producto\\\/tote-bag-negro-estampado-en-blanco-personaje-con-vestido-largo-y-brazos-abiertos\\\/\"]}]},{\"@type\":\"ImageObject\",\"inLanguage\":\"fr-FR\",\"@id\":\"https:\\\/\\\/chloebordils.com\\\/producto\\\/tote-bag-negro-estampado-en-blanco-personaje-con-vestido-largo-y-brazos-abiertos\\\/#primaryimage\",\"url\":\"https:\\\/\\\/chloebordils.com\\\/wp-content\\\/uploads\\\/2023\\\/12\\\/totebag_negro_vestido_largo_web.jpg\",\"contentUrl\":\"https:\\\/\\\/chloebordils.com\\\/wp-content\\\/uploads\\\/2023\\\/12\\\/totebag_negro_vestido_largo_web.jpg\",\"width\":663,\"height\":663,\"caption\":\"Tote bag negro estampado de ilustraci\u00f3n en blanco de personaje con vestido largo y brazos abiertos - chloe bordils\"},{\"@type\":\"BreadcrumbList\",\"@id\":\"https:\\\/\\\/chloebordils.com\\\/producto\\\/tote-bag-negro-estampado-en-blanco-personaje-con-vestido-largo-y-brazos-abiertos\\\/#breadcrumb\",\"itemListElement\":[{\"@type\":\"ListItem\",\"position\":1,\"name\":\"Portada\",\"item\":\"https:\\\/\\\/chloebordils.com\\\/\"},{\"@type\":\"ListItem\",\"position\":2,\"name\":\"Tienda\",\"item\":\"https:\\\/\\\/chloebordils.com\\\/tienda-old\\\/\"},{\"@type\":\"ListItem\",\"position\":3,\"name\":\"tote bag negro &#8211; personaje con vestido largo\"}]},{\"@type\":\"WebSite\",\"@id\":\"https:\\\/\\\/chloebordils.com\\\/#website\",\"url\":\"https:\\\/\\\/chloebordils.com\\\/\",\"name\":\"chloebordils.com\",\"description\":\"Ilustraci\u00f3n y dise\u00f1o gr\u00e1fico\",\"publisher\":{\"@id\":\"https:\\\/\\\/chloebordils.com\\\/#\\\/schema\\\/person\\\/d49ae91dabf2ecf396d2555ce8e1dfe3\"},\"alternateName\":\"Chloe Bordils ilustraci\u00f3n\",\"potentialAction\":[{\"@type\":\"SearchAction\",\"target\":{\"@type\":\"EntryPoint\",\"urlTemplate\":\"https:\\\/\\\/chloebordils.com\\\/?s={search_term_string}\"},\"query-input\":{\"@type\":\"PropertyValueSpecification\",\"valueRequired\":true,\"valueName\":\"search_term_string\"}}],\"inLanguage\":\"fr-FR\"},{\"@type\":[\"Person\",\"Organization\"],\"@id\":\"https:\\\/\\\/chloebordils.com\\\/#\\\/schema\\\/person\\\/d49ae91dabf2ecf396d2555ce8e1dfe3\",\"name\":\"Chloe Bordils ilustraci\u00f3n\",\"image\":{\"@type\":\"ImageObject\",\"inLanguage\":\"fr-FR\",\"@id\":\"https:\\\/\\\/chloebordils.com\\\/wp-content\\\/uploads\\\/2023\\\/07\\\/cropped-chloe_rond.png\",\"url\":\"https:\\\/\\\/chloebordils.com\\\/wp-content\\\/uploads\\\/2023\\\/07\\\/cropped-chloe_rond.png\",\"contentUrl\":\"https:\\\/\\\/chloebordils.com\\\/wp-content\\\/uploads\\\/2023\\\/07\\\/cropped-chloe_rond.png\",\"width\":512,\"height\":512,\"caption\":\"Chloe Bordils ilustraci\u00f3n\"},\"logo\":{\"@id\":\"https:\\\/\\\/chloebordils.com\\\/wp-content\\\/uploads\\\/2023\\\/07\\\/cropped-chloe_rond.png\"},\"description\":\"Ilustraci\u00f3n minimalista y productos estampados con dibujos sencillos de personajes so\u00f1adores para personas que buscan tranquilidad e inspiraci\u00f3n en este mundo tan ajetreado.\",\"sameAs\":[\"https:\\\/\\\/www.facebook.com\\\/elvira.daudet.3\",\"https:\\\/\\\/www.instagram.com\\\/chloe_bordils\\\/\",\"https:\\\/\\\/www.linkedin.com\\\/in\\\/chloe-bordils-883691312\\\/\",\"https:\\\/\\\/es.pinterest.com\\\/chloe_bordils\"]}]}<\/script>\n<!-- \/ Yoast SEO plugin. -->","yoast_head_json":{"title":"Tote bag negra estampada de un so\u00f1ador - Chloe Bordils","description":"Tote bag negro de tela reciclada estampado en blanco con una ilustraci\u00f3n de arte minimalista, bolsa pr\u00e1ctica, simple y elegante.Tote bag sostenible y resistente para todo lo que quieras","robots":{"index":"index","follow":"follow","max-snippet":"max-snippet:-1","max-image-preview":"max-image-preview:large","max-video-preview":"max-video-preview:-1"},"canonical":"https:\/\/chloebordils.com\/fr\/produit\/tote-bag-negro-estampado-en-blanco-personaje-con-vestido-largo-y-brazos-abiertos\/","og_locale":"fr_FR","og_type":"article","og_title":"Tote bag negra estampada de un personaje so\u00f1ador en blanco","og_description":"Tote bag negro de tela reciclada estampado en blanco con una ilustraci\u00f3n de arte minimalista, bolsa pr\u00e1ctica, simple y elegante.Tote bag sostenible y resistente para todo lo que quieras","og_url":"https:\/\/chloebordils.com\/fr\/produit\/tote-bag-negro-estampado-en-blanco-personaje-con-vestido-largo-y-brazos-abiertos\/","og_site_name":"Chloe Bordils","article_publisher":"https:\/\/www.facebook.com\/elvira.daudet.3","article_modified_time":"2026-01-09T20:39:21+00:00","og_image":[{"width":663,"height":663,"url":"https:\/\/chloebordils.com\/wp-content\/uploads\/2023\/12\/totebag_negro_vestido_largo_web.jpg","type":"image\/jpeg"}],"twitter_card":"summary_large_image","twitter_misc":{"Dur\u00e9e de lecture estim\u00e9e":"2 minutes"},"schema":{"@context":"https:\/\/schema.org","@graph":[{"@type":"WebPage","@id":"https:\/\/chloebordils.com\/producto\/tote-bag-negro-estampado-en-blanco-personaje-con-vestido-largo-y-brazos-abiertos\/","url":"https:\/\/chloebordils.com\/producto\/tote-bag-negro-estampado-en-blanco-personaje-con-vestido-largo-y-brazos-abiertos\/","name":"Tote bag negra estampada de un so\u00f1ador - Chloe Bordils","isPartOf":{"@id":"https:\/\/chloebordils.com\/#website"},"primaryImageOfPage":{"@id":"https:\/\/chloebordils.com\/producto\/tote-bag-negro-estampado-en-blanco-personaje-con-vestido-largo-y-brazos-abiertos\/#primaryimage"},"image":{"@id":"https:\/\/chloebordils.com\/producto\/tote-bag-negro-estampado-en-blanco-personaje-con-vestido-largo-y-brazos-abiertos\/#primaryimage"},"thumbnailUrl":"https:\/\/chloebordils.com\/wp-content\/uploads\/2023\/12\/totebag_negro_vestido_largo_web.jpg","datePublished":"2023-12-15T15:44:58+00:00","dateModified":"2026-01-09T20:39:21+00:00","description":"Tote bag negro de tela reciclada estampado en blanco con una ilustraci\u00f3n de arte minimalista, bolsa pr\u00e1ctica, simple y elegante.Tote bag sostenible y resistente para todo lo que quieras","breadcrumb":{"@id":"https:\/\/chloebordils.com\/producto\/tote-bag-negro-estampado-en-blanco-personaje-con-vestido-largo-y-brazos-abiertos\/#breadcrumb"},"inLanguage":"fr-FR","potentialAction":[{"@type":"ReadAction","target":["https:\/\/chloebordils.com\/producto\/tote-bag-negro-estampado-en-blanco-personaje-con-vestido-largo-y-brazos-abiertos\/"]}]},{"@type":"ImageObject","inLanguage":"fr-FR","@id":"https:\/\/chloebordils.com\/producto\/tote-bag-negro-estampado-en-blanco-personaje-con-vestido-largo-y-brazos-abiertos\/#primaryimage","url":"https:\/\/chloebordils.com\/wp-content\/uploads\/2023\/12\/totebag_negro_vestido_largo_web.jpg","contentUrl":"https:\/\/chloebordils.com\/wp-content\/uploads\/2023\/12\/totebag_negro_vestido_largo_web.jpg","width":663,"height":663,"caption":"Tote bag negro estampado de ilustraci\u00f3n en blanco de personaje con vestido largo y brazos abiertos - chloe bordils"},{"@type":"BreadcrumbList","@id":"https:\/\/chloebordils.com\/producto\/tote-bag-negro-estampado-en-blanco-personaje-con-vestido-largo-y-brazos-abiertos\/#breadcrumb","itemListElement":[{"@type":"ListItem","position":1,"name":"Portada","item":"https:\/\/chloebordils.com\/"},{"@type":"ListItem","position":2,"name":"Tienda","item":"https:\/\/chloebordils.com\/tienda-old\/"},{"@type":"ListItem","position":3,"name":"tote bag negro &#8211; personaje con vestido largo"}]},{"@type":"WebSite","@id":"https:\/\/chloebordils.com\/#website","url":"https:\/\/chloebordils.com\/","name":"chloebordils.com","description":"Ilustraci\u00f3n y dise\u00f1o gr\u00e1fico","publisher":{"@id":"https:\/\/chloebordils.com\/#\/schema\/person\/d49ae91dabf2ecf396d2555ce8e1dfe3"},"alternateName":"Chloe Bordils ilustraci\u00f3n","potentialAction":[{"@type":"SearchAction","target":{"@type":"EntryPoint","urlTemplate":"https:\/\/chloebordils.com\/?s={search_term_string}"},"query-input":{"@type":"PropertyValueSpecification","valueRequired":true,"valueName":"search_term_string"}}],"inLanguage":"fr-FR"},{"@type":["Person","Organization"],"@id":"https:\/\/chloebordils.com\/#\/schema\/person\/d49ae91dabf2ecf396d2555ce8e1dfe3","name":"Chloe Bordils ilustraci\u00f3n","image":{"@type":"ImageObject","inLanguage":"fr-FR","@id":"https:\/\/chloebordils.com\/wp-content\/uploads\/2023\/07\/cropped-chloe_rond.png","url":"https:\/\/chloebordils.com\/wp-content\/uploads\/2023\/07\/cropped-chloe_rond.png","contentUrl":"https:\/\/chloebordils.com\/wp-content\/uploads\/2023\/07\/cropped-chloe_rond.png","width":512,"height":512,"caption":"Chloe Bordils ilustraci\u00f3n"},"logo":{"@id":"https:\/\/chloebordils.com\/wp-content\/uploads\/2023\/07\/cropped-chloe_rond.png"},"description":"Ilustraci\u00f3n minimalista y productos estampados con dibujos sencillos de personajes so\u00f1adores para personas que buscan tranquilidad e inspiraci\u00f3n en este mundo tan ajetreado.","sameAs":["https:\/\/www.facebook.com\/elvira.daudet.3","https:\/\/www.instagram.com\/chloe_bordils\/","https:\/\/www.linkedin.com\/in\/chloe-bordils-883691312\/","https:\/\/es.pinterest.com\/chloe_bordils"]}]}},"_links":{"self":[{"href":"https:\/\/chloebordils.com\/fr\/wp-json\/wp\/v2\/product\/1459","targetHints":{"allow":["GET"]}}],"collection":[{"href":"https:\/\/chloebordils.com\/fr\/wp-json\/wp\/v2\/product"}],"about":[{"href":"https:\/\/chloebordils.com\/fr\/wp-json\/wp\/v2\/types\/product"}],"replies":[{"embeddable":true,"href":"https:\/\/chloebordils.com\/fr\/wp-json\/wp\/v2\/comments?post=1459"}],"wp:featuredmedia":[{"embeddable":true,"href":"https:\/\/chloebordils.com\/fr\/wp-json\/wp\/v2\/media\/1478"}],"wp:attachment":[{"href":"https:\/\/chloebordils.com\/fr\/wp-json\/wp\/v2\/media?parent=1459"}],"wp:term":[{"taxonomy":"product_brand","embeddable":true,"href":"https:\/\/chloebordils.com\/fr\/wp-json\/wp\/v2\/product_brand?post=1459"},{"taxonomy":"product_cat","embeddable":true,"href":"https:\/\/chloebordils.com\/fr\/wp-json\/wp\/v2\/product_cat?post=1459"},{"taxonomy":"product_tag","embeddable":true,"href":"https:\/\/chloebordils.com\/fr\/wp-json\/wp\/v2\/product_tag?post=1459"}],"curies":[{"name":"wp","href":"https:\/\/api.w.org\/{rel}","templated":true}]}}