{"id":1596,"date":"2024-03-29T16:00:46","date_gmt":"2024-03-29T15:00:46","guid":{"rendered":"https:\/\/chloebordils.com\/?post_type=product&#038;p=1596"},"modified":"2026-01-09T21:39:04","modified_gmt":"2026-01-09T20:39:04","slug":"tote-bag-negro-de-tela-reciclada-estampado-en-blanco-con-un-personaje-femenino-volando","status":"publish","type":"product","link":"https:\/\/chloebordils.com\/fr\/produit\/tote-bag-negro-de-tela-reciclada-estampado-en-blanco-con-un-personaje-femenino-volando\/","title":{"rendered":"tote bag negro &#8211; personaje volando"},"content":{"rendered":"<p>Tote bag negro de tela reciclada estampado en blanco con un personaje femenino volando<\/p>\n<p>Te presento este tote bag minimalista ilustrado, la combinaci\u00f3n perfecta de simplicidad y sofisticaci\u00f3n. Elaborado con sumo cuidado, esta bolsa est\u00e1 elaborada con tejidos reciclados, lo que garantiza comodidad y sostenibilidad.<\/p>\n<p>De color negro, irradia un encanto elegante que complementa sin esfuerzo cualquier conjunto.<\/p>\n<p>El dise\u00f1o minimalista de esta bolsa es una sutil ilustraci\u00f3n, que a\u00f1ade un toque art\u00edstico a su atractivo general y te permite usarlo como bolso de todos los d\u00edas.<\/p>\n<p>Su espacioso interior le permite llevar todo con facilidad, lo que lo convierte en un compa\u00f1ero ideal para viajes, para compras o para viajar. Esta bolsa, elaborada pensando en la sostenibilidad, est\u00e1 dise\u00f1ada para resistir la prueba del tiempo, ser\u00e1 un accesorio fiable en los a\u00f1os venideros.<\/p>\n<p>Su tela es suave y agradable de llevar sobre tu piel y se alinea con tus valores de conciencia ecol\u00f3gica.<\/p>\n<p>Di adi\u00f3s a las bolsas de pl\u00e1stico y adopta esta alternativa sostenible que muestra tu compromiso tanto con la moda como con el planeta.<\/p>\n<p>Transforma tu experiencia de compras a\u00f1adiendo un toque de arte y creatividad a tu d\u00eda a d\u00eda.<\/p>\n<p>&#8211; 280 g\/m\u00b2.<br \/>\n&#8211; Edici\u00f3n limitada: fabricada con retales textiles ecol\u00f3gicos<br \/>\n&#8211; 80% algod\u00f3n peinado reciclado \/ 20% poli\u00e9ster reciclado (etiqueta GOTS)<br \/>\n&#8211; Asas largas con cruces de refuerzo<br \/>\n&#8211; Bordes superiores de la bolsa con acabado remetido para mayor resistencia y calidad<br \/>\n&#8211; Costuras en la parte inferior de la bolsa para crear volumen<\/p>\n<p>\u00a1Enc\u00e1rgalo ahora!<\/p>\n<div style=\"width: 600px;\" class=\"wp-video\"><video class=\"wp-video-shortcode\" id=\"video-1596-1\" width=\"600\" height=\"600\" preload=\"metadata\" controls=\"controls\"><source type=\"video\/mp4\" src=\"https:\/\/chloebordils.com\/wp-content\/uploads\/2024\/03\/totebag_negro_volando.mp4?_=1\" \/><a href=\"https:\/\/chloebordils.com\/wp-content\/uploads\/2024\/03\/totebag_negro_volando.mp4\">https:\/\/chloebordils.com\/wp-content\/uploads\/2024\/03\/totebag_negro_volando.mp4<\/a><\/video><\/div>\n<p>&nbsp;<\/p>\n<div style=\"width: 600px;\" class=\"wp-video\"><video class=\"wp-video-shortcode\" id=\"video-1596-2\" width=\"600\" height=\"600\" preload=\"metadata\" controls=\"controls\"><source type=\"video\/mp4\" src=\"https:\/\/chloebordils.com\/wp-content\/uploads\/2023\/12\/epaisseur_totebag.mp4?_=2\" \/><a href=\"https:\/\/chloebordils.com\/wp-content\/uploads\/2023\/12\/epaisseur_totebag.mp4\">https:\/\/chloebordils.com\/wp-content\/uploads\/2023\/12\/epaisseur_totebag.mp4<\/a><\/video><\/div>","protected":false},"excerpt":{"rendered":"<p>Tote bag negro de tela reciclada estampado en blanco con una ilustraci\u00f3n de arte minimalista, bolsa pr\u00e1ctica, simple y elegante.<br \/>\nTote bag sostenible y resistente para todo lo que quieras<\/p>","protected":false},"featured_media":1616,"comment_status":"closed","ping_status":"closed","template":"","meta":[],"product_brand":[],"product_cat":[137],"product_tag":[],"class_list":{"0":"post-1596","1":"product","2":"type-product","3":"status-publish","4":"has-post-thumbnail","6":"product_cat-tote-bag","8":"first","9":"instock","10":"taxable","11":"shipping-taxable","12":"purchasable","13":"product-type-simple"},"yoast_head":"<!-- This site is optimized with the Yoast SEO plugin v27.5 - https:\/\/yoast.com\/product\/yoast-seo-wordpress\/ -->\n<title>Tote bag negra estampada de un personaje femenino volando<\/title>\n<meta name=\"description\" content=\"Tote bag negro de tela reciclada estampado en blanco con una ilustraci\u00f3n de arte minimalista, bolsa pr\u00e1ctica, simple y elegante\" \/>\n<meta name=\"robots\" content=\"index, follow, max-snippet:-1, max-image-preview:large, max-video-preview:-1\" \/>\n<link rel=\"canonical\" href=\"https:\/\/chloebordils.com\/fr\/produit\/tote-bag-negro-de-tela-reciclada-estampado-en-blanco-con-un-personaje-femenino-volando\/\" \/>\n<meta property=\"og:locale\" content=\"fr_FR\" \/>\n<meta property=\"og:type\" content=\"article\" \/>\n<meta property=\"og:title\" content=\"Tote bag negra estampada de un personaje femenino volando\" \/>\n<meta property=\"og:description\" content=\"Tote bag negro de tela reciclada estampado en blanco con una ilustraci\u00f3n de arte minimalista, bolsa pr\u00e1ctica, simple y elegante\" \/>\n<meta property=\"og:url\" content=\"https:\/\/chloebordils.com\/fr\/produit\/tote-bag-negro-de-tela-reciclada-estampado-en-blanco-con-un-personaje-femenino-volando\/\" \/>\n<meta property=\"og:site_name\" content=\"Chloe Bordils\" \/>\n<meta property=\"article:publisher\" content=\"https:\/\/www.facebook.com\/elvira.daudet.3\" \/>\n<meta property=\"article:modified_time\" content=\"2026-01-09T20:39:04+00:00\" \/>\n<meta property=\"og:image\" content=\"https:\/\/chloebordils.com\/wp-content\/uploads\/2024\/03\/totebag_negro_volando-1.jpg\" \/>\n\t<meta property=\"og:image:width\" content=\"656\" \/>\n\t<meta property=\"og:image:height\" content=\"662\" \/>\n\t<meta property=\"og:image:type\" content=\"image\/jpeg\" \/>\n<meta name=\"twitter:card\" content=\"summary_large_image\" \/>\n<meta name=\"twitter:label1\" content=\"Dur\u00e9e de lecture estim\u00e9e\" \/>\n\t<meta name=\"twitter:data1\" content=\"2 minutes\" \/>\n<script type=\"application\/ld+json\" class=\"yoast-schema-graph\">{\"@context\":\"https:\\\/\\\/schema.org\",\"@graph\":[{\"@type\":\"WebPage\",\"@id\":\"https:\\\/\\\/chloebordils.com\\\/producto\\\/tote-bag-negro-de-tela-reciclada-estampado-en-blanco-con-un-personaje-femenino-volando\\\/\",\"url\":\"https:\\\/\\\/chloebordils.com\\\/producto\\\/tote-bag-negro-de-tela-reciclada-estampado-en-blanco-con-un-personaje-femenino-volando\\\/\",\"name\":\"Tote bag negra estampada de un personaje femenino volando\",\"isPartOf\":{\"@id\":\"https:\\\/\\\/chloebordils.com\\\/#website\"},\"primaryImageOfPage\":{\"@id\":\"https:\\\/\\\/chloebordils.com\\\/producto\\\/tote-bag-negro-de-tela-reciclada-estampado-en-blanco-con-un-personaje-femenino-volando\\\/#primaryimage\"},\"image\":{\"@id\":\"https:\\\/\\\/chloebordils.com\\\/producto\\\/tote-bag-negro-de-tela-reciclada-estampado-en-blanco-con-un-personaje-femenino-volando\\\/#primaryimage\"},\"thumbnailUrl\":\"https:\\\/\\\/chloebordils.com\\\/wp-content\\\/uploads\\\/2024\\\/03\\\/totebag_negro_volando-1.jpg\",\"datePublished\":\"2024-03-29T15:00:46+00:00\",\"dateModified\":\"2026-01-09T20:39:04+00:00\",\"description\":\"Tote bag negro de tela reciclada estampado en blanco con una ilustraci\u00f3n de arte minimalista, bolsa pr\u00e1ctica, simple y elegante\",\"breadcrumb\":{\"@id\":\"https:\\\/\\\/chloebordils.com\\\/producto\\\/tote-bag-negro-de-tela-reciclada-estampado-en-blanco-con-un-personaje-femenino-volando\\\/#breadcrumb\"},\"inLanguage\":\"fr-FR\",\"potentialAction\":[{\"@type\":\"ReadAction\",\"target\":[\"https:\\\/\\\/chloebordils.com\\\/producto\\\/tote-bag-negro-de-tela-reciclada-estampado-en-blanco-con-un-personaje-femenino-volando\\\/\"]}]},{\"@type\":\"ImageObject\",\"inLanguage\":\"fr-FR\",\"@id\":\"https:\\\/\\\/chloebordils.com\\\/producto\\\/tote-bag-negro-de-tela-reciclada-estampado-en-blanco-con-un-personaje-femenino-volando\\\/#primaryimage\",\"url\":\"https:\\\/\\\/chloebordils.com\\\/wp-content\\\/uploads\\\/2024\\\/03\\\/totebag_negro_volando-1.jpg\",\"contentUrl\":\"https:\\\/\\\/chloebordils.com\\\/wp-content\\\/uploads\\\/2024\\\/03\\\/totebag_negro_volando-1.jpg\",\"width\":656,\"height\":662,\"caption\":\"Tote bag negro estampado de ilustraci\u00f3n en blanco de personaje femenino volando - chloe bordils\"},{\"@type\":\"BreadcrumbList\",\"@id\":\"https:\\\/\\\/chloebordils.com\\\/producto\\\/tote-bag-negro-de-tela-reciclada-estampado-en-blanco-con-un-personaje-femenino-volando\\\/#breadcrumb\",\"itemListElement\":[{\"@type\":\"ListItem\",\"position\":1,\"name\":\"Portada\",\"item\":\"https:\\\/\\\/chloebordils.com\\\/\"},{\"@type\":\"ListItem\",\"position\":2,\"name\":\"Tienda\",\"item\":\"https:\\\/\\\/chloebordils.com\\\/tienda-old\\\/\"},{\"@type\":\"ListItem\",\"position\":3,\"name\":\"tote bag negro &#8211; personaje volando\"}]},{\"@type\":\"WebSite\",\"@id\":\"https:\\\/\\\/chloebordils.com\\\/#website\",\"url\":\"https:\\\/\\\/chloebordils.com\\\/\",\"name\":\"chloebordils.com\",\"description\":\"Ilustraci\u00f3n y dise\u00f1o gr\u00e1fico\",\"publisher\":{\"@id\":\"https:\\\/\\\/chloebordils.com\\\/#\\\/schema\\\/person\\\/d49ae91dabf2ecf396d2555ce8e1dfe3\"},\"alternateName\":\"Chloe Bordils ilustraci\u00f3n\",\"potentialAction\":[{\"@type\":\"SearchAction\",\"target\":{\"@type\":\"EntryPoint\",\"urlTemplate\":\"https:\\\/\\\/chloebordils.com\\\/?s={search_term_string}\"},\"query-input\":{\"@type\":\"PropertyValueSpecification\",\"valueRequired\":true,\"valueName\":\"search_term_string\"}}],\"inLanguage\":\"fr-FR\"},{\"@type\":[\"Person\",\"Organization\"],\"@id\":\"https:\\\/\\\/chloebordils.com\\\/#\\\/schema\\\/person\\\/d49ae91dabf2ecf396d2555ce8e1dfe3\",\"name\":\"Chloe Bordils ilustraci\u00f3n\",\"image\":{\"@type\":\"ImageObject\",\"inLanguage\":\"fr-FR\",\"@id\":\"https:\\\/\\\/chloebordils.com\\\/wp-content\\\/uploads\\\/2023\\\/07\\\/cropped-chloe_rond.png\",\"url\":\"https:\\\/\\\/chloebordils.com\\\/wp-content\\\/uploads\\\/2023\\\/07\\\/cropped-chloe_rond.png\",\"contentUrl\":\"https:\\\/\\\/chloebordils.com\\\/wp-content\\\/uploads\\\/2023\\\/07\\\/cropped-chloe_rond.png\",\"width\":512,\"height\":512,\"caption\":\"Chloe Bordils ilustraci\u00f3n\"},\"logo\":{\"@id\":\"https:\\\/\\\/chloebordils.com\\\/wp-content\\\/uploads\\\/2023\\\/07\\\/cropped-chloe_rond.png\"},\"description\":\"Ilustraci\u00f3n minimalista y productos estampados con dibujos sencillos de personajes so\u00f1adores para personas que buscan tranquilidad e inspiraci\u00f3n en este mundo tan ajetreado.\",\"sameAs\":[\"https:\\\/\\\/www.facebook.com\\\/elvira.daudet.3\",\"https:\\\/\\\/www.instagram.com\\\/chloe_bordils\\\/\",\"https:\\\/\\\/www.linkedin.com\\\/in\\\/chloe-bordils-883691312\\\/\",\"https:\\\/\\\/es.pinterest.com\\\/chloe_bordils\"]}]}<\/script>\n<!-- \/ Yoast SEO plugin. -->","yoast_head_json":{"title":"Tote bag negra estampada de un personaje femenino volando","description":"Tote bag negro de tela reciclada estampado en blanco con una ilustraci\u00f3n de arte minimalista, bolsa pr\u00e1ctica, simple y elegante","robots":{"index":"index","follow":"follow","max-snippet":"max-snippet:-1","max-image-preview":"max-image-preview:large","max-video-preview":"max-video-preview:-1"},"canonical":"https:\/\/chloebordils.com\/fr\/produit\/tote-bag-negro-de-tela-reciclada-estampado-en-blanco-con-un-personaje-femenino-volando\/","og_locale":"fr_FR","og_type":"article","og_title":"Tote bag negra estampada de un personaje femenino volando","og_description":"Tote bag negro de tela reciclada estampado en blanco con una ilustraci\u00f3n de arte minimalista, bolsa pr\u00e1ctica, simple y elegante","og_url":"https:\/\/chloebordils.com\/fr\/produit\/tote-bag-negro-de-tela-reciclada-estampado-en-blanco-con-un-personaje-femenino-volando\/","og_site_name":"Chloe Bordils","article_publisher":"https:\/\/www.facebook.com\/elvira.daudet.3","article_modified_time":"2026-01-09T20:39:04+00:00","og_image":[{"width":656,"height":662,"url":"https:\/\/chloebordils.com\/wp-content\/uploads\/2024\/03\/totebag_negro_volando-1.jpg","type":"image\/jpeg"}],"twitter_card":"summary_large_image","twitter_misc":{"Dur\u00e9e de lecture estim\u00e9e":"2 minutes"},"schema":{"@context":"https:\/\/schema.org","@graph":[{"@type":"WebPage","@id":"https:\/\/chloebordils.com\/producto\/tote-bag-negro-de-tela-reciclada-estampado-en-blanco-con-un-personaje-femenino-volando\/","url":"https:\/\/chloebordils.com\/producto\/tote-bag-negro-de-tela-reciclada-estampado-en-blanco-con-un-personaje-femenino-volando\/","name":"Tote bag negra estampada de un personaje femenino volando","isPartOf":{"@id":"https:\/\/chloebordils.com\/#website"},"primaryImageOfPage":{"@id":"https:\/\/chloebordils.com\/producto\/tote-bag-negro-de-tela-reciclada-estampado-en-blanco-con-un-personaje-femenino-volando\/#primaryimage"},"image":{"@id":"https:\/\/chloebordils.com\/producto\/tote-bag-negro-de-tela-reciclada-estampado-en-blanco-con-un-personaje-femenino-volando\/#primaryimage"},"thumbnailUrl":"https:\/\/chloebordils.com\/wp-content\/uploads\/2024\/03\/totebag_negro_volando-1.jpg","datePublished":"2024-03-29T15:00:46+00:00","dateModified":"2026-01-09T20:39:04+00:00","description":"Tote bag negro de tela reciclada estampado en blanco con una ilustraci\u00f3n de arte minimalista, bolsa pr\u00e1ctica, simple y elegante","breadcrumb":{"@id":"https:\/\/chloebordils.com\/producto\/tote-bag-negro-de-tela-reciclada-estampado-en-blanco-con-un-personaje-femenino-volando\/#breadcrumb"},"inLanguage":"fr-FR","potentialAction":[{"@type":"ReadAction","target":["https:\/\/chloebordils.com\/producto\/tote-bag-negro-de-tela-reciclada-estampado-en-blanco-con-un-personaje-femenino-volando\/"]}]},{"@type":"ImageObject","inLanguage":"fr-FR","@id":"https:\/\/chloebordils.com\/producto\/tote-bag-negro-de-tela-reciclada-estampado-en-blanco-con-un-personaje-femenino-volando\/#primaryimage","url":"https:\/\/chloebordils.com\/wp-content\/uploads\/2024\/03\/totebag_negro_volando-1.jpg","contentUrl":"https:\/\/chloebordils.com\/wp-content\/uploads\/2024\/03\/totebag_negro_volando-1.jpg","width":656,"height":662,"caption":"Tote bag negro estampado de ilustraci\u00f3n en blanco de personaje femenino volando - chloe bordils"},{"@type":"BreadcrumbList","@id":"https:\/\/chloebordils.com\/producto\/tote-bag-negro-de-tela-reciclada-estampado-en-blanco-con-un-personaje-femenino-volando\/#breadcrumb","itemListElement":[{"@type":"ListItem","position":1,"name":"Portada","item":"https:\/\/chloebordils.com\/"},{"@type":"ListItem","position":2,"name":"Tienda","item":"https:\/\/chloebordils.com\/tienda-old\/"},{"@type":"ListItem","position":3,"name":"tote bag negro &#8211; personaje volando"}]},{"@type":"WebSite","@id":"https:\/\/chloebordils.com\/#website","url":"https:\/\/chloebordils.com\/","name":"chloebordils.com","description":"Ilustraci\u00f3n y dise\u00f1o gr\u00e1fico","publisher":{"@id":"https:\/\/chloebordils.com\/#\/schema\/person\/d49ae91dabf2ecf396d2555ce8e1dfe3"},"alternateName":"Chloe Bordils ilustraci\u00f3n","potentialAction":[{"@type":"SearchAction","target":{"@type":"EntryPoint","urlTemplate":"https:\/\/chloebordils.com\/?s={search_term_string}"},"query-input":{"@type":"PropertyValueSpecification","valueRequired":true,"valueName":"search_term_string"}}],"inLanguage":"fr-FR"},{"@type":["Person","Organization"],"@id":"https:\/\/chloebordils.com\/#\/schema\/person\/d49ae91dabf2ecf396d2555ce8e1dfe3","name":"Chloe Bordils ilustraci\u00f3n","image":{"@type":"ImageObject","inLanguage":"fr-FR","@id":"https:\/\/chloebordils.com\/wp-content\/uploads\/2023\/07\/cropped-chloe_rond.png","url":"https:\/\/chloebordils.com\/wp-content\/uploads\/2023\/07\/cropped-chloe_rond.png","contentUrl":"https:\/\/chloebordils.com\/wp-content\/uploads\/2023\/07\/cropped-chloe_rond.png","width":512,"height":512,"caption":"Chloe Bordils ilustraci\u00f3n"},"logo":{"@id":"https:\/\/chloebordils.com\/wp-content\/uploads\/2023\/07\/cropped-chloe_rond.png"},"description":"Ilustraci\u00f3n minimalista y productos estampados con dibujos sencillos de personajes so\u00f1adores para personas que buscan tranquilidad e inspiraci\u00f3n en este mundo tan ajetreado.","sameAs":["https:\/\/www.facebook.com\/elvira.daudet.3","https:\/\/www.instagram.com\/chloe_bordils\/","https:\/\/www.linkedin.com\/in\/chloe-bordils-883691312\/","https:\/\/es.pinterest.com\/chloe_bordils"]}]}},"_links":{"self":[{"href":"https:\/\/chloebordils.com\/fr\/wp-json\/wp\/v2\/product\/1596","targetHints":{"allow":["GET"]}}],"collection":[{"href":"https:\/\/chloebordils.com\/fr\/wp-json\/wp\/v2\/product"}],"about":[{"href":"https:\/\/chloebordils.com\/fr\/wp-json\/wp\/v2\/types\/product"}],"replies":[{"embeddable":true,"href":"https:\/\/chloebordils.com\/fr\/wp-json\/wp\/v2\/comments?post=1596"}],"wp:featuredmedia":[{"embeddable":true,"href":"https:\/\/chloebordils.com\/fr\/wp-json\/wp\/v2\/media\/1616"}],"wp:attachment":[{"href":"https:\/\/chloebordils.com\/fr\/wp-json\/wp\/v2\/media?parent=1596"}],"wp:term":[{"taxonomy":"product_brand","embeddable":true,"href":"https:\/\/chloebordils.com\/fr\/wp-json\/wp\/v2\/product_brand?post=1596"},{"taxonomy":"product_cat","embeddable":true,"href":"https:\/\/chloebordils.com\/fr\/wp-json\/wp\/v2\/product_cat?post=1596"},{"taxonomy":"product_tag","embeddable":true,"href":"https:\/\/chloebordils.com\/fr\/wp-json\/wp\/v2\/product_tag?post=1596"}],"curies":[{"name":"wp","href":"https:\/\/api.w.org\/{rel}","templated":true}]}}