{"id":2904,"date":"2025-07-06T11:51:11","date_gmt":"2025-07-06T09:51:11","guid":{"rendered":"https:\/\/chloebordils.com\/producto\/tote-bag-negra-sonadora-con-estrella\/"},"modified":"2025-11-21T11:06:54","modified_gmt":"2025-11-21T10:06:54","slug":"tote-bag-negra-sonadora-con-estrella","status":"publish","type":"product","link":"https:\/\/chloebordils.com\/fr\/produit\/tote-bag-negra-sonadora-con-estrella\/","title":{"rendered":"Tote bag negra &#8211; So\u00f1adora con estrella"},"content":{"rendered":"<p>Tote bag negro de tela reciclada estampado en blanco con un personaje femenino so\u00f1ando con una estrella en la cabeza.<\/p>\n<p>Te presento este tote bag simple ilustrado que es la combinaci\u00f3n perfecta de minimalismo y elegancia.<\/p>\n<p>Elaborado con sumo cuidado, a partir de telas recicladas, que garantiza comodidad y sostenibilidad.<\/p>\n<p>Su color negro, irradia un encanto elegante que complementa sin esfuerzo cualquier conjunto que lleves.<\/p>\n<p>Su espacioso interior le permite tambi\u00e9n llevar todo lo que quieras con facilidad, lo que lo convierte en un compa\u00f1ero ideal para compras o viajes.<\/p>\n<p>Esta bolsa, elaborada pensando en la sostenibilidad, est\u00e1 dise\u00f1ado para resistir la prueba del tiempo, lo que garantiza que ser\u00e1 un accesorio fiable en los a\u00f1os venideros.<\/p>\n<p>Ya sea que vayas al supermercado o te re\u00fanas con amigos para tomar un caf\u00e9, este sencillo pero elegante bolso realza tu apariencia urbana y original.<\/p>\n<p>Di adi\u00f3s a las bolsas de pl\u00e1stico y adopta esta alternativa sostenible que muestra tu compromiso tanto con la moda como con el planeta.<\/p>\n<p>Totebag para tus compras y todo lo que quieras, sostenible, resistente, es una buena alternativa a las bolsas en pl\u00e1stico, estampado de arte minimalista, dibujo sencillo con trazo fino en blanco de Chloe Bordils que representa un personaje femenino so\u00f1ando con una estrella en la cabeza.<\/p>\n<p>&#8211; 70 % algod\u00f3n reciclado, 30 % poli\u00e9ster reciclado<br \/>\n&#8211; Bolsa gruesa (285 g\/m2)<br \/>\n&#8211; Etiqueta AWARE<br \/>\n&#8211; Talla \u00fanica<br \/>\n&#8211; Agua ahorrada: 902 L<\/p>","protected":false},"excerpt":{"rendered":"<p>Tote bag negro de tela reciclada estampado en blanco con un personaje femenino so\u00f1ando con una estrella en la cabeza. Te presento este tote bag simple ilustrado que es la combinaci\u00f3n perfecta de minimalismo y elegancia. Elaborado con sumo cuidado, a partir de telas recicladas, que garantiza comodidad y sostenibilidad. Su color negro, irradia un [&hellip;]<\/p>\n","protected":false},"featured_media":2903,"comment_status":"open","ping_status":"closed","template":"","meta":[],"product_brand":[],"product_cat":[137],"product_tag":[],"class_list":{"0":"post-2904","1":"product","2":"type-product","3":"status-publish","4":"has-post-thumbnail","6":"product_cat-tote-bag","8":"first","9":"instock","10":"taxable","11":"shipping-taxable","12":"purchasable","13":"product-type-simple"},"yoast_head":"<!-- This site is optimized with the Yoast SEO plugin v27.5 - https:\/\/yoast.com\/product\/yoast-seo-wordpress\/ -->\n<title>Tote bag negra - So\u00f1adora con estrella - Chloe Bordils<\/title>\n<meta name=\"description\" content=\"Tote bag negro de tela reciclada estampado en blanco con una ilustraci\u00f3n de arte minimalista de Chloe Bordils, bolsa pr\u00e1ctica, simple y elegante.\" \/>\n<meta name=\"robots\" content=\"index, follow, max-snippet:-1, max-image-preview:large, max-video-preview:-1\" \/>\n<link rel=\"canonical\" href=\"https:\/\/chloebordils.com\/fr\/produit\/tote-bag-negra-sonadora-con-estrella\/\" \/>\n<meta property=\"og:locale\" content=\"fr_FR\" \/>\n<meta property=\"og:type\" content=\"article\" \/>\n<meta property=\"og:title\" content=\"Tote Bag Negra Estampada So\u00f1adora Con Estrella\" \/>\n<meta property=\"og:description\" content=\"Tote bag negro de tela reciclada estampado en blanco con una ilustraci\u00f3n de arte minimalista de Chloe Bordils, bolsa pr\u00e1ctica, simple y elegante\" \/>\n<meta property=\"og:url\" content=\"https:\/\/chloebordils.com\/fr\/produit\/tote-bag-negra-sonadora-con-estrella\/\" \/>\n<meta property=\"og:site_name\" content=\"Chloe Bordils\" \/>\n<meta property=\"article:publisher\" content=\"https:\/\/www.facebook.com\/elvira.daudet.3\" \/>\n<meta property=\"article:modified_time\" content=\"2025-11-21T10:06:54+00:00\" \/>\n<meta property=\"og:image\" content=\"https:\/\/chloebordils.com\/wp-content\/uploads\/2025\/07\/face_noir_2590124191.jpg\" \/>\n\t<meta property=\"og:image:width\" content=\"1200\" \/>\n\t<meta property=\"og:image:height\" content=\"1200\" \/>\n\t<meta property=\"og:image:type\" content=\"image\/jpeg\" \/>\n<meta name=\"twitter:card\" content=\"summary_large_image\" \/>\n<meta name=\"twitter:label1\" content=\"Dur\u00e9e de lecture estim\u00e9e\" \/>\n\t<meta name=\"twitter:data1\" content=\"2 minutes\" \/>\n<script type=\"application\/ld+json\" class=\"yoast-schema-graph\">{\"@context\":\"https:\\\/\\\/schema.org\",\"@graph\":[{\"@type\":\"WebPage\",\"@id\":\"https:\\\/\\\/chloebordils.com\\\/producto\\\/tote-bag-negra-sonadora-con-estrella\\\/\",\"url\":\"https:\\\/\\\/chloebordils.com\\\/producto\\\/tote-bag-negra-sonadora-con-estrella\\\/\",\"name\":\"Tote bag negra - So\u00f1adora con estrella - Chloe Bordils\",\"isPartOf\":{\"@id\":\"https:\\\/\\\/chloebordils.com\\\/#website\"},\"primaryImageOfPage\":{\"@id\":\"https:\\\/\\\/chloebordils.com\\\/producto\\\/tote-bag-negra-sonadora-con-estrella\\\/#primaryimage\"},\"image\":{\"@id\":\"https:\\\/\\\/chloebordils.com\\\/producto\\\/tote-bag-negra-sonadora-con-estrella\\\/#primaryimage\"},\"thumbnailUrl\":\"https:\\\/\\\/chloebordils.com\\\/wp-content\\\/uploads\\\/2025\\\/07\\\/face_noir_2590124191.jpg\",\"datePublished\":\"2025-07-06T09:51:11+00:00\",\"dateModified\":\"2025-11-21T10:06:54+00:00\",\"description\":\"Tote bag negro de tela reciclada estampado en blanco con una ilustraci\u00f3n de arte minimalista de Chloe Bordils, bolsa pr\u00e1ctica, simple y elegante.\",\"breadcrumb\":{\"@id\":\"https:\\\/\\\/chloebordils.com\\\/producto\\\/tote-bag-negra-sonadora-con-estrella\\\/#breadcrumb\"},\"inLanguage\":\"fr-FR\",\"potentialAction\":[{\"@type\":\"ReadAction\",\"target\":[\"https:\\\/\\\/chloebordils.com\\\/producto\\\/tote-bag-negra-sonadora-con-estrella\\\/\"]}]},{\"@type\":\"ImageObject\",\"inLanguage\":\"fr-FR\",\"@id\":\"https:\\\/\\\/chloebordils.com\\\/producto\\\/tote-bag-negra-sonadora-con-estrella\\\/#primaryimage\",\"url\":\"https:\\\/\\\/chloebordils.com\\\/wp-content\\\/uploads\\\/2025\\\/07\\\/face_noir_2590124191.jpg\",\"contentUrl\":\"https:\\\/\\\/chloebordils.com\\\/wp-content\\\/uploads\\\/2025\\\/07\\\/face_noir_2590124191.jpg\",\"width\":1200,\"height\":1200,\"caption\":\"Tote bag negra - So\u00f1adora con estrella\"},{\"@type\":\"BreadcrumbList\",\"@id\":\"https:\\\/\\\/chloebordils.com\\\/producto\\\/tote-bag-negra-sonadora-con-estrella\\\/#breadcrumb\",\"itemListElement\":[{\"@type\":\"ListItem\",\"position\":1,\"name\":\"Portada\",\"item\":\"https:\\\/\\\/chloebordils.com\\\/\"},{\"@type\":\"ListItem\",\"position\":2,\"name\":\"Tienda\",\"item\":\"https:\\\/\\\/chloebordils.com\\\/tienda-old\\\/\"},{\"@type\":\"ListItem\",\"position\":3,\"name\":\"Tote bag negra &#8211; So\u00f1adora con estrella\"}]},{\"@type\":\"WebSite\",\"@id\":\"https:\\\/\\\/chloebordils.com\\\/#website\",\"url\":\"https:\\\/\\\/chloebordils.com\\\/\",\"name\":\"chloebordils.com\",\"description\":\"Ilustraci\u00f3n y dise\u00f1o gr\u00e1fico\",\"publisher\":{\"@id\":\"https:\\\/\\\/chloebordils.com\\\/#\\\/schema\\\/person\\\/d49ae91dabf2ecf396d2555ce8e1dfe3\"},\"alternateName\":\"Chloe Bordils ilustraci\u00f3n\",\"potentialAction\":[{\"@type\":\"SearchAction\",\"target\":{\"@type\":\"EntryPoint\",\"urlTemplate\":\"https:\\\/\\\/chloebordils.com\\\/?s={search_term_string}\"},\"query-input\":{\"@type\":\"PropertyValueSpecification\",\"valueRequired\":true,\"valueName\":\"search_term_string\"}}],\"inLanguage\":\"fr-FR\"},{\"@type\":[\"Person\",\"Organization\"],\"@id\":\"https:\\\/\\\/chloebordils.com\\\/#\\\/schema\\\/person\\\/d49ae91dabf2ecf396d2555ce8e1dfe3\",\"name\":\"Chloe Bordils ilustraci\u00f3n\",\"image\":{\"@type\":\"ImageObject\",\"inLanguage\":\"fr-FR\",\"@id\":\"https:\\\/\\\/chloebordils.com\\\/wp-content\\\/uploads\\\/2023\\\/07\\\/cropped-chloe_rond.png\",\"url\":\"https:\\\/\\\/chloebordils.com\\\/wp-content\\\/uploads\\\/2023\\\/07\\\/cropped-chloe_rond.png\",\"contentUrl\":\"https:\\\/\\\/chloebordils.com\\\/wp-content\\\/uploads\\\/2023\\\/07\\\/cropped-chloe_rond.png\",\"width\":512,\"height\":512,\"caption\":\"Chloe Bordils ilustraci\u00f3n\"},\"logo\":{\"@id\":\"https:\\\/\\\/chloebordils.com\\\/wp-content\\\/uploads\\\/2023\\\/07\\\/cropped-chloe_rond.png\"},\"description\":\"Ilustraci\u00f3n minimalista y productos estampados con dibujos sencillos de personajes so\u00f1adores para personas que buscan tranquilidad e inspiraci\u00f3n en este mundo tan ajetreado.\",\"sameAs\":[\"https:\\\/\\\/www.facebook.com\\\/elvira.daudet.3\",\"https:\\\/\\\/www.instagram.com\\\/chloe_bordils\\\/\",\"https:\\\/\\\/www.linkedin.com\\\/in\\\/chloe-bordils-883691312\\\/\",\"https:\\\/\\\/es.pinterest.com\\\/chloe_bordils\"]}]}<\/script>\n<!-- \/ Yoast SEO plugin. -->","yoast_head_json":{"title":"Tote bag negra - So\u00f1adora con estrella - Chloe Bordils","description":"Tote bag negro de tela reciclada estampado en blanco con una ilustraci\u00f3n de arte minimalista de Chloe Bordils, bolsa pr\u00e1ctica, simple y elegante.","robots":{"index":"index","follow":"follow","max-snippet":"max-snippet:-1","max-image-preview":"max-image-preview:large","max-video-preview":"max-video-preview:-1"},"canonical":"https:\/\/chloebordils.com\/fr\/produit\/tote-bag-negra-sonadora-con-estrella\/","og_locale":"fr_FR","og_type":"article","og_title":"Tote Bag Negra Estampada So\u00f1adora Con Estrella","og_description":"Tote bag negro de tela reciclada estampado en blanco con una ilustraci\u00f3n de arte minimalista de Chloe Bordils, bolsa pr\u00e1ctica, simple y elegante","og_url":"https:\/\/chloebordils.com\/fr\/produit\/tote-bag-negra-sonadora-con-estrella\/","og_site_name":"Chloe Bordils","article_publisher":"https:\/\/www.facebook.com\/elvira.daudet.3","article_modified_time":"2025-11-21T10:06:54+00:00","og_image":[{"width":1200,"height":1200,"url":"https:\/\/chloebordils.com\/wp-content\/uploads\/2025\/07\/face_noir_2590124191.jpg","type":"image\/jpeg"}],"twitter_card":"summary_large_image","twitter_misc":{"Dur\u00e9e de lecture estim\u00e9e":"2 minutes"},"schema":{"@context":"https:\/\/schema.org","@graph":[{"@type":"WebPage","@id":"https:\/\/chloebordils.com\/producto\/tote-bag-negra-sonadora-con-estrella\/","url":"https:\/\/chloebordils.com\/producto\/tote-bag-negra-sonadora-con-estrella\/","name":"Tote bag negra - So\u00f1adora con estrella - Chloe Bordils","isPartOf":{"@id":"https:\/\/chloebordils.com\/#website"},"primaryImageOfPage":{"@id":"https:\/\/chloebordils.com\/producto\/tote-bag-negra-sonadora-con-estrella\/#primaryimage"},"image":{"@id":"https:\/\/chloebordils.com\/producto\/tote-bag-negra-sonadora-con-estrella\/#primaryimage"},"thumbnailUrl":"https:\/\/chloebordils.com\/wp-content\/uploads\/2025\/07\/face_noir_2590124191.jpg","datePublished":"2025-07-06T09:51:11+00:00","dateModified":"2025-11-21T10:06:54+00:00","description":"Tote bag negro de tela reciclada estampado en blanco con una ilustraci\u00f3n de arte minimalista de Chloe Bordils, bolsa pr\u00e1ctica, simple y elegante.","breadcrumb":{"@id":"https:\/\/chloebordils.com\/producto\/tote-bag-negra-sonadora-con-estrella\/#breadcrumb"},"inLanguage":"fr-FR","potentialAction":[{"@type":"ReadAction","target":["https:\/\/chloebordils.com\/producto\/tote-bag-negra-sonadora-con-estrella\/"]}]},{"@type":"ImageObject","inLanguage":"fr-FR","@id":"https:\/\/chloebordils.com\/producto\/tote-bag-negra-sonadora-con-estrella\/#primaryimage","url":"https:\/\/chloebordils.com\/wp-content\/uploads\/2025\/07\/face_noir_2590124191.jpg","contentUrl":"https:\/\/chloebordils.com\/wp-content\/uploads\/2025\/07\/face_noir_2590124191.jpg","width":1200,"height":1200,"caption":"Tote bag negra - So\u00f1adora con estrella"},{"@type":"BreadcrumbList","@id":"https:\/\/chloebordils.com\/producto\/tote-bag-negra-sonadora-con-estrella\/#breadcrumb","itemListElement":[{"@type":"ListItem","position":1,"name":"Portada","item":"https:\/\/chloebordils.com\/"},{"@type":"ListItem","position":2,"name":"Tienda","item":"https:\/\/chloebordils.com\/tienda-old\/"},{"@type":"ListItem","position":3,"name":"Tote bag negra &#8211; So\u00f1adora con estrella"}]},{"@type":"WebSite","@id":"https:\/\/chloebordils.com\/#website","url":"https:\/\/chloebordils.com\/","name":"chloebordils.com","description":"Ilustraci\u00f3n y dise\u00f1o gr\u00e1fico","publisher":{"@id":"https:\/\/chloebordils.com\/#\/schema\/person\/d49ae91dabf2ecf396d2555ce8e1dfe3"},"alternateName":"Chloe Bordils ilustraci\u00f3n","potentialAction":[{"@type":"SearchAction","target":{"@type":"EntryPoint","urlTemplate":"https:\/\/chloebordils.com\/?s={search_term_string}"},"query-input":{"@type":"PropertyValueSpecification","valueRequired":true,"valueName":"search_term_string"}}],"inLanguage":"fr-FR"},{"@type":["Person","Organization"],"@id":"https:\/\/chloebordils.com\/#\/schema\/person\/d49ae91dabf2ecf396d2555ce8e1dfe3","name":"Chloe Bordils ilustraci\u00f3n","image":{"@type":"ImageObject","inLanguage":"fr-FR","@id":"https:\/\/chloebordils.com\/wp-content\/uploads\/2023\/07\/cropped-chloe_rond.png","url":"https:\/\/chloebordils.com\/wp-content\/uploads\/2023\/07\/cropped-chloe_rond.png","contentUrl":"https:\/\/chloebordils.com\/wp-content\/uploads\/2023\/07\/cropped-chloe_rond.png","width":512,"height":512,"caption":"Chloe Bordils ilustraci\u00f3n"},"logo":{"@id":"https:\/\/chloebordils.com\/wp-content\/uploads\/2023\/07\/cropped-chloe_rond.png"},"description":"Ilustraci\u00f3n minimalista y productos estampados con dibujos sencillos de personajes so\u00f1adores para personas que buscan tranquilidad e inspiraci\u00f3n en este mundo tan ajetreado.","sameAs":["https:\/\/www.facebook.com\/elvira.daudet.3","https:\/\/www.instagram.com\/chloe_bordils\/","https:\/\/www.linkedin.com\/in\/chloe-bordils-883691312\/","https:\/\/es.pinterest.com\/chloe_bordils"]}]}},"_links":{"self":[{"href":"https:\/\/chloebordils.com\/fr\/wp-json\/wp\/v2\/product\/2904","targetHints":{"allow":["GET"]}}],"collection":[{"href":"https:\/\/chloebordils.com\/fr\/wp-json\/wp\/v2\/product"}],"about":[{"href":"https:\/\/chloebordils.com\/fr\/wp-json\/wp\/v2\/types\/product"}],"replies":[{"embeddable":true,"href":"https:\/\/chloebordils.com\/fr\/wp-json\/wp\/v2\/comments?post=2904"}],"wp:featuredmedia":[{"embeddable":true,"href":"https:\/\/chloebordils.com\/fr\/wp-json\/wp\/v2\/media\/2903"}],"wp:attachment":[{"href":"https:\/\/chloebordils.com\/fr\/wp-json\/wp\/v2\/media?parent=2904"}],"wp:term":[{"taxonomy":"product_brand","embeddable":true,"href":"https:\/\/chloebordils.com\/fr\/wp-json\/wp\/v2\/product_brand?post=2904"},{"taxonomy":"product_cat","embeddable":true,"href":"https:\/\/chloebordils.com\/fr\/wp-json\/wp\/v2\/product_cat?post=2904"},{"taxonomy":"product_tag","embeddable":true,"href":"https:\/\/chloebordils.com\/fr\/wp-json\/wp\/v2\/product_tag?post=2904"}],"curies":[{"name":"wp","href":"https:\/\/api.w.org\/{rel}","templated":true}]}}