{"id":3090,"date":"2025-11-21T10:28:42","date_gmt":"2025-11-21T09:28:42","guid":{"rendered":"https:\/\/chloebordils.com\/producto\/affiche-personnage-au-pull-raye-4\/"},"modified":"2025-11-21T11:02:44","modified_gmt":"2025-11-21T10:02:44","slug":"lamina-con-ilustracion-de-chloe-bordils","status":"publish","type":"product","link":"https:\/\/chloebordils.com\/fr\/produit\/lamina-con-ilustracion-de-chloe-bordils\/","title":{"rendered":"L\u00e1mina &#8211; personaje con vestido largo y brazos abiertos"},"content":{"rendered":"<ul>\n<li>Papel mate o brillante de calidad muse\u00edstica<\/li>\n<li>Calidad de impresi\u00f3n denominada \u00abGicl\u00e9e\u00bb,<\/li>\n<li>Gramaje del papel: 250 g\/m2<\/li>\n<li>Etiqueta FSC<\/li>\n<\/ul>","protected":false},"excerpt":{"rendered":"<p>Papel mate o brillante de calidad muse\u00edstica Calidad de impresi\u00f3n denominada \u00abGicl\u00e9e\u00bb, Gramaje del papel: 250 g\/m2 Etiqueta FSC<\/p>","protected":false},"featured_media":3089,"comment_status":"open","ping_status":"closed","template":"","meta":[],"product_brand":[],"product_cat":[303],"product_tag":[],"class_list":{"0":"post-3090","1":"product","2":"type-product","3":"status-publish","4":"has-post-thumbnail","6":"product_cat-laminas","8":"first","9":"instock","10":"taxable","11":"shipping-taxable","12":"purchasable","13":"product-type-variable","14":"has-default-attributes"},"yoast_head":"<!-- This site is optimized with the Yoast SEO plugin v27.5 - https:\/\/yoast.com\/product\/yoast-seo-wordpress\/ -->\n<title>L\u00e1mina Con Ilustraci\u00f3n De Chloe Bordils<\/title>\n<meta name=\"description\" content=\"L\u00e1mina Con Ilustraci\u00f3n De Chloe Bordils de un personaje femenino con vestido largo, brazos abiertos como bailando o volando con estrellas y burbujas\" \/>\n<meta name=\"robots\" content=\"index, follow, max-snippet:-1, max-image-preview:large, max-video-preview:-1\" \/>\n<link rel=\"canonical\" href=\"https:\/\/chloebordils.com\/fr\/produit\/lamina-con-ilustracion-de-chloe-bordils\/\" \/>\n<meta property=\"og:locale\" content=\"fr_FR\" \/>\n<meta property=\"og:type\" content=\"article\" \/>\n<meta property=\"og:title\" content=\"L\u00e1mina Con Ilustraci\u00f3n De Chloe Bordils\" \/>\n<meta property=\"og:description\" content=\"L\u00e1mina Con Ilustraci\u00f3n De Chloe Bordils de un personaje femenino con vestido largo, brazos abiertos como bailando o volando con estrellas y burbujas\" \/>\n<meta property=\"og:url\" content=\"https:\/\/chloebordils.com\/fr\/produit\/lamina-con-ilustracion-de-chloe-bordils\/\" \/>\n<meta property=\"og:site_name\" content=\"Chloe Bordils\" \/>\n<meta property=\"article:publisher\" content=\"https:\/\/www.facebook.com\/elvira.daudet.3\" \/>\n<meta property=\"article:modified_time\" content=\"2025-11-21T10:02:44+00:00\" \/>\n<meta property=\"og:image\" content=\"https:\/\/chloebordils.com\/wp-content\/uploads\/2025\/11\/portrait_2146456908-3.jpg\" \/>\n\t<meta property=\"og:image:width\" content=\"1200\" \/>\n\t<meta property=\"og:image:height\" content=\"1200\" \/>\n\t<meta property=\"og:image:type\" content=\"image\/jpeg\" \/>\n<meta name=\"twitter:card\" content=\"summary_large_image\" \/>\n<meta name=\"twitter:label1\" content=\"Dur\u00e9e de lecture estim\u00e9e\" \/>\n\t<meta name=\"twitter:data1\" content=\"1 minute\" \/>\n<script type=\"application\/ld+json\" class=\"yoast-schema-graph\">{\"@context\":\"https:\\\/\\\/schema.org\",\"@graph\":[{\"@type\":\"WebPage\",\"@id\":\"https:\\\/\\\/chloebordils.com\\\/producto\\\/lamina-con-ilustracion-de-chloe-bordils\\\/\",\"url\":\"https:\\\/\\\/chloebordils.com\\\/producto\\\/lamina-con-ilustracion-de-chloe-bordils\\\/\",\"name\":\"L\u00e1mina Con Ilustraci\u00f3n De Chloe Bordils\",\"isPartOf\":{\"@id\":\"https:\\\/\\\/chloebordils.com\\\/#website\"},\"primaryImageOfPage\":{\"@id\":\"https:\\\/\\\/chloebordils.com\\\/producto\\\/lamina-con-ilustracion-de-chloe-bordils\\\/#primaryimage\"},\"image\":{\"@id\":\"https:\\\/\\\/chloebordils.com\\\/producto\\\/lamina-con-ilustracion-de-chloe-bordils\\\/#primaryimage\"},\"thumbnailUrl\":\"https:\\\/\\\/chloebordils.com\\\/wp-content\\\/uploads\\\/2025\\\/11\\\/portrait_2146456908-3.jpg\",\"datePublished\":\"2025-11-21T09:28:42+00:00\",\"dateModified\":\"2025-11-21T10:02:44+00:00\",\"description\":\"L\u00e1mina Con Ilustraci\u00f3n De Chloe Bordils de un personaje femenino con vestido largo, brazos abiertos como bailando o volando con estrellas y burbujas\",\"breadcrumb\":{\"@id\":\"https:\\\/\\\/chloebordils.com\\\/producto\\\/lamina-con-ilustracion-de-chloe-bordils\\\/#breadcrumb\"},\"inLanguage\":\"fr-FR\",\"potentialAction\":[{\"@type\":\"ReadAction\",\"target\":[\"https:\\\/\\\/chloebordils.com\\\/producto\\\/lamina-con-ilustracion-de-chloe-bordils\\\/\"]}]},{\"@type\":\"ImageObject\",\"inLanguage\":\"fr-FR\",\"@id\":\"https:\\\/\\\/chloebordils.com\\\/producto\\\/lamina-con-ilustracion-de-chloe-bordils\\\/#primaryimage\",\"url\":\"https:\\\/\\\/chloebordils.com\\\/wp-content\\\/uploads\\\/2025\\\/11\\\/portrait_2146456908-3.jpg\",\"contentUrl\":\"https:\\\/\\\/chloebordils.com\\\/wp-content\\\/uploads\\\/2025\\\/11\\\/portrait_2146456908-3.jpg\",\"width\":1200,\"height\":1200,\"caption\":\"Print de la ilustraci\u00f3n de Chloe Bordils - personaje con vestido largo y brazos abiertos\"},{\"@type\":\"BreadcrumbList\",\"@id\":\"https:\\\/\\\/chloebordils.com\\\/producto\\\/lamina-con-ilustracion-de-chloe-bordils\\\/#breadcrumb\",\"itemListElement\":[{\"@type\":\"ListItem\",\"position\":1,\"name\":\"Portada\",\"item\":\"https:\\\/\\\/chloebordils.com\\\/\"},{\"@type\":\"ListItem\",\"position\":2,\"name\":\"Tienda\",\"item\":\"https:\\\/\\\/chloebordils.com\\\/tienda-old\\\/\"},{\"@type\":\"ListItem\",\"position\":3,\"name\":\"L\u00e1mina &#8211; personaje con vestido largo y brazos abiertos\"}]},{\"@type\":\"WebSite\",\"@id\":\"https:\\\/\\\/chloebordils.com\\\/#website\",\"url\":\"https:\\\/\\\/chloebordils.com\\\/\",\"name\":\"chloebordils.com\",\"description\":\"Ilustraci\u00f3n y dise\u00f1o gr\u00e1fico\",\"publisher\":{\"@id\":\"https:\\\/\\\/chloebordils.com\\\/#\\\/schema\\\/person\\\/d49ae91dabf2ecf396d2555ce8e1dfe3\"},\"alternateName\":\"Chloe Bordils ilustraci\u00f3n\",\"potentialAction\":[{\"@type\":\"SearchAction\",\"target\":{\"@type\":\"EntryPoint\",\"urlTemplate\":\"https:\\\/\\\/chloebordils.com\\\/?s={search_term_string}\"},\"query-input\":{\"@type\":\"PropertyValueSpecification\",\"valueRequired\":true,\"valueName\":\"search_term_string\"}}],\"inLanguage\":\"fr-FR\"},{\"@type\":[\"Person\",\"Organization\"],\"@id\":\"https:\\\/\\\/chloebordils.com\\\/#\\\/schema\\\/person\\\/d49ae91dabf2ecf396d2555ce8e1dfe3\",\"name\":\"Chloe Bordils ilustraci\u00f3n\",\"image\":{\"@type\":\"ImageObject\",\"inLanguage\":\"fr-FR\",\"@id\":\"https:\\\/\\\/chloebordils.com\\\/wp-content\\\/uploads\\\/2023\\\/07\\\/cropped-chloe_rond.png\",\"url\":\"https:\\\/\\\/chloebordils.com\\\/wp-content\\\/uploads\\\/2023\\\/07\\\/cropped-chloe_rond.png\",\"contentUrl\":\"https:\\\/\\\/chloebordils.com\\\/wp-content\\\/uploads\\\/2023\\\/07\\\/cropped-chloe_rond.png\",\"width\":512,\"height\":512,\"caption\":\"Chloe Bordils ilustraci\u00f3n\"},\"logo\":{\"@id\":\"https:\\\/\\\/chloebordils.com\\\/wp-content\\\/uploads\\\/2023\\\/07\\\/cropped-chloe_rond.png\"},\"description\":\"Ilustraci\u00f3n minimalista y productos estampados con dibujos sencillos de personajes so\u00f1adores para personas que buscan tranquilidad e inspiraci\u00f3n en este mundo tan ajetreado.\",\"sameAs\":[\"https:\\\/\\\/www.facebook.com\\\/elvira.daudet.3\",\"https:\\\/\\\/www.instagram.com\\\/chloe_bordils\\\/\",\"https:\\\/\\\/www.linkedin.com\\\/in\\\/chloe-bordils-883691312\\\/\",\"https:\\\/\\\/es.pinterest.com\\\/chloe_bordils\"]}]}<\/script>\n<!-- \/ Yoast SEO plugin. -->","yoast_head_json":{"title":"L\u00e1mina Con Ilustraci\u00f3n De Chloe Bordils","description":"L\u00e1mina Con Ilustraci\u00f3n De Chloe Bordils de un personaje femenino con vestido largo, brazos abiertos como bailando o volando con estrellas y burbujas","robots":{"index":"index","follow":"follow","max-snippet":"max-snippet:-1","max-image-preview":"max-image-preview:large","max-video-preview":"max-video-preview:-1"},"canonical":"https:\/\/chloebordils.com\/fr\/produit\/lamina-con-ilustracion-de-chloe-bordils\/","og_locale":"fr_FR","og_type":"article","og_title":"L\u00e1mina Con Ilustraci\u00f3n De Chloe Bordils","og_description":"L\u00e1mina Con Ilustraci\u00f3n De Chloe Bordils de un personaje femenino con vestido largo, brazos abiertos como bailando o volando con estrellas y burbujas","og_url":"https:\/\/chloebordils.com\/fr\/produit\/lamina-con-ilustracion-de-chloe-bordils\/","og_site_name":"Chloe Bordils","article_publisher":"https:\/\/www.facebook.com\/elvira.daudet.3","article_modified_time":"2025-11-21T10:02:44+00:00","og_image":[{"width":1200,"height":1200,"url":"https:\/\/chloebordils.com\/wp-content\/uploads\/2025\/11\/portrait_2146456908-3.jpg","type":"image\/jpeg"}],"twitter_card":"summary_large_image","twitter_misc":{"Dur\u00e9e de lecture estim\u00e9e":"1 minute"},"schema":{"@context":"https:\/\/schema.org","@graph":[{"@type":"WebPage","@id":"https:\/\/chloebordils.com\/producto\/lamina-con-ilustracion-de-chloe-bordils\/","url":"https:\/\/chloebordils.com\/producto\/lamina-con-ilustracion-de-chloe-bordils\/","name":"L\u00e1mina Con Ilustraci\u00f3n De Chloe Bordils","isPartOf":{"@id":"https:\/\/chloebordils.com\/#website"},"primaryImageOfPage":{"@id":"https:\/\/chloebordils.com\/producto\/lamina-con-ilustracion-de-chloe-bordils\/#primaryimage"},"image":{"@id":"https:\/\/chloebordils.com\/producto\/lamina-con-ilustracion-de-chloe-bordils\/#primaryimage"},"thumbnailUrl":"https:\/\/chloebordils.com\/wp-content\/uploads\/2025\/11\/portrait_2146456908-3.jpg","datePublished":"2025-11-21T09:28:42+00:00","dateModified":"2025-11-21T10:02:44+00:00","description":"L\u00e1mina Con Ilustraci\u00f3n De Chloe Bordils de un personaje femenino con vestido largo, brazos abiertos como bailando o volando con estrellas y burbujas","breadcrumb":{"@id":"https:\/\/chloebordils.com\/producto\/lamina-con-ilustracion-de-chloe-bordils\/#breadcrumb"},"inLanguage":"fr-FR","potentialAction":[{"@type":"ReadAction","target":["https:\/\/chloebordils.com\/producto\/lamina-con-ilustracion-de-chloe-bordils\/"]}]},{"@type":"ImageObject","inLanguage":"fr-FR","@id":"https:\/\/chloebordils.com\/producto\/lamina-con-ilustracion-de-chloe-bordils\/#primaryimage","url":"https:\/\/chloebordils.com\/wp-content\/uploads\/2025\/11\/portrait_2146456908-3.jpg","contentUrl":"https:\/\/chloebordils.com\/wp-content\/uploads\/2025\/11\/portrait_2146456908-3.jpg","width":1200,"height":1200,"caption":"Print de la ilustraci\u00f3n de Chloe Bordils - personaje con vestido largo y brazos abiertos"},{"@type":"BreadcrumbList","@id":"https:\/\/chloebordils.com\/producto\/lamina-con-ilustracion-de-chloe-bordils\/#breadcrumb","itemListElement":[{"@type":"ListItem","position":1,"name":"Portada","item":"https:\/\/chloebordils.com\/"},{"@type":"ListItem","position":2,"name":"Tienda","item":"https:\/\/chloebordils.com\/tienda-old\/"},{"@type":"ListItem","position":3,"name":"L\u00e1mina &#8211; personaje con vestido largo y brazos abiertos"}]},{"@type":"WebSite","@id":"https:\/\/chloebordils.com\/#website","url":"https:\/\/chloebordils.com\/","name":"chloebordils.com","description":"Ilustraci\u00f3n y dise\u00f1o gr\u00e1fico","publisher":{"@id":"https:\/\/chloebordils.com\/#\/schema\/person\/d49ae91dabf2ecf396d2555ce8e1dfe3"},"alternateName":"Chloe Bordils ilustraci\u00f3n","potentialAction":[{"@type":"SearchAction","target":{"@type":"EntryPoint","urlTemplate":"https:\/\/chloebordils.com\/?s={search_term_string}"},"query-input":{"@type":"PropertyValueSpecification","valueRequired":true,"valueName":"search_term_string"}}],"inLanguage":"fr-FR"},{"@type":["Person","Organization"],"@id":"https:\/\/chloebordils.com\/#\/schema\/person\/d49ae91dabf2ecf396d2555ce8e1dfe3","name":"Chloe Bordils ilustraci\u00f3n","image":{"@type":"ImageObject","inLanguage":"fr-FR","@id":"https:\/\/chloebordils.com\/wp-content\/uploads\/2023\/07\/cropped-chloe_rond.png","url":"https:\/\/chloebordils.com\/wp-content\/uploads\/2023\/07\/cropped-chloe_rond.png","contentUrl":"https:\/\/chloebordils.com\/wp-content\/uploads\/2023\/07\/cropped-chloe_rond.png","width":512,"height":512,"caption":"Chloe Bordils ilustraci\u00f3n"},"logo":{"@id":"https:\/\/chloebordils.com\/wp-content\/uploads\/2023\/07\/cropped-chloe_rond.png"},"description":"Ilustraci\u00f3n minimalista y productos estampados con dibujos sencillos de personajes so\u00f1adores para personas que buscan tranquilidad e inspiraci\u00f3n en este mundo tan ajetreado.","sameAs":["https:\/\/www.facebook.com\/elvira.daudet.3","https:\/\/www.instagram.com\/chloe_bordils\/","https:\/\/www.linkedin.com\/in\/chloe-bordils-883691312\/","https:\/\/es.pinterest.com\/chloe_bordils"]}]}},"_links":{"self":[{"href":"https:\/\/chloebordils.com\/fr\/wp-json\/wp\/v2\/product\/3090","targetHints":{"allow":["GET"]}}],"collection":[{"href":"https:\/\/chloebordils.com\/fr\/wp-json\/wp\/v2\/product"}],"about":[{"href":"https:\/\/chloebordils.com\/fr\/wp-json\/wp\/v2\/types\/product"}],"replies":[{"embeddable":true,"href":"https:\/\/chloebordils.com\/fr\/wp-json\/wp\/v2\/comments?post=3090"}],"wp:featuredmedia":[{"embeddable":true,"href":"https:\/\/chloebordils.com\/fr\/wp-json\/wp\/v2\/media\/3089"}],"wp:attachment":[{"href":"https:\/\/chloebordils.com\/fr\/wp-json\/wp\/v2\/media?parent=3090"}],"wp:term":[{"taxonomy":"product_brand","embeddable":true,"href":"https:\/\/chloebordils.com\/fr\/wp-json\/wp\/v2\/product_brand?post=3090"},{"taxonomy":"product_cat","embeddable":true,"href":"https:\/\/chloebordils.com\/fr\/wp-json\/wp\/v2\/product_cat?post=3090"},{"taxonomy":"product_tag","embeddable":true,"href":"https:\/\/chloebordils.com\/fr\/wp-json\/wp\/v2\/product_tag?post=3090"}],"curies":[{"name":"wp","href":"https:\/\/api.w.org\/{rel}","templated":true}]}}