{"id":3122,"date":"2025-12-06T14:33:37","date_gmt":"2025-12-06T13:33:37","guid":{"rendered":"https:\/\/chloebordils.com\/?post_type=product&#038;p=3122"},"modified":"2026-01-17T20:47:13","modified_gmt":"2026-01-17T19:47:13","slug":"cuento-ilustrado-para-descargar-e-imprimir-en-casa-en-castellano","status":"publish","type":"product","link":"https:\/\/chloebordils.com\/fr\/produit\/cuento-ilustrado-para-descargar-e-imprimir-en-casa-en-castellano\/","title":{"rendered":"Cuento ilustrado para descargar e imprimir en casa &#8211; en castellano"},"content":{"rendered":"<h3>El cuento que cabe en 3 folios&#8230; pero guarda siglos de historia<\/h3>\n<p data-start=\"674\" data-end=\"954\"><strong data-start=\"674\" data-end=\"720\">Un cuento ilustrado, sencillo pero m\u00e1gico.<\/strong> Inspirado en un relato popular de tres pueblos de la provincia de Castell\u00f3n.<br \/>\nTirig, Albocacer y Cat\u00ed<\/p>\n<p>Lo puedes descargar, imprimir y plegar en casa para formar un librito sin grapas, sin pegamento\u2026 solo con papel, un lazo (opcional) y un poco de arte.<\/p>\n<p data-start=\"956\" data-end=\"1204\">Blanco y negro, para que las ilustraciones respiren.<br data-start=\"1011\" data-end=\"1014\" \/>Formato: 3 folios A4, listos para doblar.<br data-start=\"1058\" data-end=\"1061\" \/>No necesitas encuadernar: lo montas t\u00fa\u00a0<br data-start=\"1109\" data-end=\"1112\" \/>Disponible en <strong data-start=\"1129\" data-end=\"1143\">castellano<\/strong> y <strong data-start=\"1146\" data-end=\"1160\">valenciano<\/strong><\/p>\n<p data-start=\"1206\" data-end=\"1269\">Ideal para regalar, contar a ni\u00f1os, fabricar con ellos o guardar como joyita local.<\/p>\n<hr data-start=\"1271\" data-end=\"1274\" \/>\n<p data-start=\"1276\" data-end=\"1422\">\ud83d\udc49 <strong data-start=\"1279\" data-end=\"1301\">Descarga inmediata<\/strong> tras la compra.<br data-start=\"1317\" data-end=\"1320\" \/>A\u00f1\u00e1dele un lazo bonito o una cuerdecita, y ya tienes un cuento con alma.<\/p>\n<p data-start=\"1276\" data-end=\"1422\">","protected":false},"excerpt":{"rendered":"<p>Un cuento ilustrado, sencillo pero m\u00e1gico. Inspirado en un relato popular de 3 pueblos de Castell\u00f3n. Tirig, Albocacer y Cat\u00ed. Para descargar e imprimir.<\/p>","protected":false},"featured_media":3129,"comment_status":"closed","ping_status":"closed","template":"","meta":[],"product_brand":[],"product_cat":[203],"product_tag":[311,312,313,310],"class_list":{"0":"post-3122","1":"product","2":"type-product","3":"status-publish","4":"has-post-thumbnail","6":"product_cat-para-descargar","7":"product_tag-cuento","8":"product_tag-cuento-ilustrado","9":"product_tag-cuento-infantil","10":"product_tag-para-descargar","12":"first","13":"instock","14":"downloadable","15":"taxable","16":"shipping-taxable","17":"purchasable","18":"product-type-simple"},"yoast_head":"<!-- This site is optimized with the Yoast SEO plugin v27.5 - https:\/\/yoast.com\/product\/yoast-seo-wordpress\/ -->\n<title>Cuento ilustrado por Chloe Bordils para descargar e imprimir<\/title>\n<meta name=\"description\" content=\"Un cuento ilustrado, sencillo pero m\u00e1gico. Inspirado en un relato popular de 3 pueblos de Castell\u00f3n. Tirig, Albocacer y Cat\u00ed. Para descargar e imprimir.\" \/>\n<meta name=\"robots\" content=\"index, follow, max-snippet:-1, max-image-preview:large, max-video-preview:-1\" \/>\n<link rel=\"canonical\" href=\"https:\/\/chloebordils.com\/fr\/produit\/cuento-ilustrado-para-descargar-e-imprimir-en-casa-en-castellano\/\" \/>\n<meta property=\"og:locale\" content=\"fr_FR\" \/>\n<meta property=\"og:type\" content=\"article\" \/>\n<meta property=\"og:title\" content=\"Cuento Ilustrado Para Descargar E Imprimir Chloe Bordils\" \/>\n<meta property=\"og:description\" content=\"Un cuento ilustrado, sencillo pero m\u00e1gico. Inspirado en un relato popular de 3 pueblos de Castell\u00f3n. Tirig, Albocacer y Cat\u00ed. Para descargar e imprimir.\" \/>\n<meta property=\"og:url\" content=\"https:\/\/chloebordils.com\/fr\/produit\/cuento-ilustrado-para-descargar-e-imprimir-en-casa-en-castellano\/\" \/>\n<meta property=\"og:site_name\" content=\"Chloe Bordils\" \/>\n<meta property=\"article:publisher\" content=\"https:\/\/www.facebook.com\/elvira.daudet.3\" \/>\n<meta property=\"article:modified_time\" content=\"2026-01-17T19:47:13+00:00\" \/>\n<meta property=\"og:image\" content=\"https:\/\/chloebordils.com\/wp-content\/uploads\/2025\/12\/Tirig.jpg\" \/>\n\t<meta property=\"og:image:width\" content=\"1440\" \/>\n\t<meta property=\"og:image:height\" content=\"1800\" \/>\n\t<meta property=\"og:image:type\" content=\"image\/jpeg\" \/>\n<meta name=\"twitter:card\" content=\"summary_large_image\" \/>\n<meta name=\"twitter:label1\" content=\"Dur\u00e9e de lecture estim\u00e9e\" \/>\n\t<meta name=\"twitter:data1\" content=\"1 minute\" \/>\n<script type=\"application\/ld+json\" class=\"yoast-schema-graph\">{\"@context\":\"https:\\\/\\\/schema.org\",\"@graph\":[{\"@type\":\"WebPage\",\"@id\":\"https:\\\/\\\/chloebordils.com\\\/producto\\\/cuento-ilustrado-para-descargar-e-imprimir-en-casa-en-castellano\\\/\",\"url\":\"https:\\\/\\\/chloebordils.com\\\/producto\\\/cuento-ilustrado-para-descargar-e-imprimir-en-casa-en-castellano\\\/\",\"name\":\"Cuento ilustrado por Chloe Bordils para descargar e imprimir\",\"isPartOf\":{\"@id\":\"https:\\\/\\\/chloebordils.com\\\/#website\"},\"primaryImageOfPage\":{\"@id\":\"https:\\\/\\\/chloebordils.com\\\/producto\\\/cuento-ilustrado-para-descargar-e-imprimir-en-casa-en-castellano\\\/#primaryimage\"},\"image\":{\"@id\":\"https:\\\/\\\/chloebordils.com\\\/producto\\\/cuento-ilustrado-para-descargar-e-imprimir-en-casa-en-castellano\\\/#primaryimage\"},\"thumbnailUrl\":\"https:\\\/\\\/chloebordils.com\\\/wp-content\\\/uploads\\\/2025\\\/12\\\/IMG_6804.jpg\",\"datePublished\":\"2025-12-06T13:33:37+00:00\",\"dateModified\":\"2026-01-17T19:47:13+00:00\",\"description\":\"Un cuento ilustrado, sencillo pero m\u00e1gico. Inspirado en un relato popular de 3 pueblos de Castell\u00f3n. Tirig, Albocacer y Cat\u00ed. Para descargar e imprimir.\",\"breadcrumb\":{\"@id\":\"https:\\\/\\\/chloebordils.com\\\/producto\\\/cuento-ilustrado-para-descargar-e-imprimir-en-casa-en-castellano\\\/#breadcrumb\"},\"inLanguage\":\"fr-FR\",\"potentialAction\":[{\"@type\":\"ReadAction\",\"target\":[\"https:\\\/\\\/chloebordils.com\\\/producto\\\/cuento-ilustrado-para-descargar-e-imprimir-en-casa-en-castellano\\\/\"]}]},{\"@type\":\"ImageObject\",\"inLanguage\":\"fr-FR\",\"@id\":\"https:\\\/\\\/chloebordils.com\\\/producto\\\/cuento-ilustrado-para-descargar-e-imprimir-en-casa-en-castellano\\\/#primaryimage\",\"url\":\"https:\\\/\\\/chloebordils.com\\\/wp-content\\\/uploads\\\/2025\\\/12\\\/IMG_6804.jpg\",\"contentUrl\":\"https:\\\/\\\/chloebordils.com\\\/wp-content\\\/uploads\\\/2025\\\/12\\\/IMG_6804.jpg\",\"width\":2268,\"height\":2268,\"caption\":\"Cuento ilustrado por Chloe Bordils, para descargar, imprimir y plegar - el queso de Cat\u00ed\"},{\"@type\":\"BreadcrumbList\",\"@id\":\"https:\\\/\\\/chloebordils.com\\\/producto\\\/cuento-ilustrado-para-descargar-e-imprimir-en-casa-en-castellano\\\/#breadcrumb\",\"itemListElement\":[{\"@type\":\"ListItem\",\"position\":1,\"name\":\"Portada\",\"item\":\"https:\\\/\\\/chloebordils.com\\\/\"},{\"@type\":\"ListItem\",\"position\":2,\"name\":\"Tienda\",\"item\":\"https:\\\/\\\/chloebordils.com\\\/tienda-old\\\/\"},{\"@type\":\"ListItem\",\"position\":3,\"name\":\"Cuento ilustrado para descargar e imprimir en casa &#8211; en castellano\"}]},{\"@type\":\"WebSite\",\"@id\":\"https:\\\/\\\/chloebordils.com\\\/#website\",\"url\":\"https:\\\/\\\/chloebordils.com\\\/\",\"name\":\"chloebordils.com\",\"description\":\"Ilustraci\u00f3n y dise\u00f1o gr\u00e1fico\",\"publisher\":{\"@id\":\"https:\\\/\\\/chloebordils.com\\\/#\\\/schema\\\/person\\\/d49ae91dabf2ecf396d2555ce8e1dfe3\"},\"alternateName\":\"Chloe Bordils ilustraci\u00f3n\",\"potentialAction\":[{\"@type\":\"SearchAction\",\"target\":{\"@type\":\"EntryPoint\",\"urlTemplate\":\"https:\\\/\\\/chloebordils.com\\\/?s={search_term_string}\"},\"query-input\":{\"@type\":\"PropertyValueSpecification\",\"valueRequired\":true,\"valueName\":\"search_term_string\"}}],\"inLanguage\":\"fr-FR\"},{\"@type\":[\"Person\",\"Organization\"],\"@id\":\"https:\\\/\\\/chloebordils.com\\\/#\\\/schema\\\/person\\\/d49ae91dabf2ecf396d2555ce8e1dfe3\",\"name\":\"Chloe Bordils ilustraci\u00f3n\",\"image\":{\"@type\":\"ImageObject\",\"inLanguage\":\"fr-FR\",\"@id\":\"https:\\\/\\\/chloebordils.com\\\/wp-content\\\/uploads\\\/2023\\\/07\\\/cropped-chloe_rond.png\",\"url\":\"https:\\\/\\\/chloebordils.com\\\/wp-content\\\/uploads\\\/2023\\\/07\\\/cropped-chloe_rond.png\",\"contentUrl\":\"https:\\\/\\\/chloebordils.com\\\/wp-content\\\/uploads\\\/2023\\\/07\\\/cropped-chloe_rond.png\",\"width\":512,\"height\":512,\"caption\":\"Chloe Bordils ilustraci\u00f3n\"},\"logo\":{\"@id\":\"https:\\\/\\\/chloebordils.com\\\/wp-content\\\/uploads\\\/2023\\\/07\\\/cropped-chloe_rond.png\"},\"description\":\"Ilustraci\u00f3n minimalista y productos estampados con dibujos sencillos de personajes so\u00f1adores para personas que buscan tranquilidad e inspiraci\u00f3n en este mundo tan ajetreado.\",\"sameAs\":[\"https:\\\/\\\/www.facebook.com\\\/elvira.daudet.3\",\"https:\\\/\\\/www.instagram.com\\\/chloe_bordils\\\/\",\"https:\\\/\\\/www.linkedin.com\\\/in\\\/chloe-bordils-883691312\\\/\",\"https:\\\/\\\/es.pinterest.com\\\/chloe_bordils\"]}]}<\/script>\n<!-- \/ Yoast SEO plugin. -->","yoast_head_json":{"title":"Cuento ilustrado por Chloe Bordils para descargar e imprimir","description":"Un cuento ilustrado, sencillo pero m\u00e1gico. Inspirado en un relato popular de 3 pueblos de Castell\u00f3n. Tirig, Albocacer y Cat\u00ed. Para descargar e imprimir.","robots":{"index":"index","follow":"follow","max-snippet":"max-snippet:-1","max-image-preview":"max-image-preview:large","max-video-preview":"max-video-preview:-1"},"canonical":"https:\/\/chloebordils.com\/fr\/produit\/cuento-ilustrado-para-descargar-e-imprimir-en-casa-en-castellano\/","og_locale":"fr_FR","og_type":"article","og_title":"Cuento Ilustrado Para Descargar E Imprimir Chloe Bordils","og_description":"Un cuento ilustrado, sencillo pero m\u00e1gico. Inspirado en un relato popular de 3 pueblos de Castell\u00f3n. Tirig, Albocacer y Cat\u00ed. Para descargar e imprimir.","og_url":"https:\/\/chloebordils.com\/fr\/produit\/cuento-ilustrado-para-descargar-e-imprimir-en-casa-en-castellano\/","og_site_name":"Chloe Bordils","article_publisher":"https:\/\/www.facebook.com\/elvira.daudet.3","article_modified_time":"2026-01-17T19:47:13+00:00","og_image":[{"width":1440,"height":1800,"url":"https:\/\/chloebordils.com\/wp-content\/uploads\/2025\/12\/Tirig.jpg","type":"image\/jpeg"}],"twitter_card":"summary_large_image","twitter_misc":{"Dur\u00e9e de lecture estim\u00e9e":"1 minute"},"schema":{"@context":"https:\/\/schema.org","@graph":[{"@type":"WebPage","@id":"https:\/\/chloebordils.com\/producto\/cuento-ilustrado-para-descargar-e-imprimir-en-casa-en-castellano\/","url":"https:\/\/chloebordils.com\/producto\/cuento-ilustrado-para-descargar-e-imprimir-en-casa-en-castellano\/","name":"Cuento ilustrado por Chloe Bordils para descargar e imprimir","isPartOf":{"@id":"https:\/\/chloebordils.com\/#website"},"primaryImageOfPage":{"@id":"https:\/\/chloebordils.com\/producto\/cuento-ilustrado-para-descargar-e-imprimir-en-casa-en-castellano\/#primaryimage"},"image":{"@id":"https:\/\/chloebordils.com\/producto\/cuento-ilustrado-para-descargar-e-imprimir-en-casa-en-castellano\/#primaryimage"},"thumbnailUrl":"https:\/\/chloebordils.com\/wp-content\/uploads\/2025\/12\/IMG_6804.jpg","datePublished":"2025-12-06T13:33:37+00:00","dateModified":"2026-01-17T19:47:13+00:00","description":"Un cuento ilustrado, sencillo pero m\u00e1gico. Inspirado en un relato popular de 3 pueblos de Castell\u00f3n. Tirig, Albocacer y Cat\u00ed. Para descargar e imprimir.","breadcrumb":{"@id":"https:\/\/chloebordils.com\/producto\/cuento-ilustrado-para-descargar-e-imprimir-en-casa-en-castellano\/#breadcrumb"},"inLanguage":"fr-FR","potentialAction":[{"@type":"ReadAction","target":["https:\/\/chloebordils.com\/producto\/cuento-ilustrado-para-descargar-e-imprimir-en-casa-en-castellano\/"]}]},{"@type":"ImageObject","inLanguage":"fr-FR","@id":"https:\/\/chloebordils.com\/producto\/cuento-ilustrado-para-descargar-e-imprimir-en-casa-en-castellano\/#primaryimage","url":"https:\/\/chloebordils.com\/wp-content\/uploads\/2025\/12\/IMG_6804.jpg","contentUrl":"https:\/\/chloebordils.com\/wp-content\/uploads\/2025\/12\/IMG_6804.jpg","width":2268,"height":2268,"caption":"Cuento ilustrado por Chloe Bordils, para descargar, imprimir y plegar - el queso de Cat\u00ed"},{"@type":"BreadcrumbList","@id":"https:\/\/chloebordils.com\/producto\/cuento-ilustrado-para-descargar-e-imprimir-en-casa-en-castellano\/#breadcrumb","itemListElement":[{"@type":"ListItem","position":1,"name":"Portada","item":"https:\/\/chloebordils.com\/"},{"@type":"ListItem","position":2,"name":"Tienda","item":"https:\/\/chloebordils.com\/tienda-old\/"},{"@type":"ListItem","position":3,"name":"Cuento ilustrado para descargar e imprimir en casa &#8211; en castellano"}]},{"@type":"WebSite","@id":"https:\/\/chloebordils.com\/#website","url":"https:\/\/chloebordils.com\/","name":"chloebordils.com","description":"Ilustraci\u00f3n y dise\u00f1o gr\u00e1fico","publisher":{"@id":"https:\/\/chloebordils.com\/#\/schema\/person\/d49ae91dabf2ecf396d2555ce8e1dfe3"},"alternateName":"Chloe Bordils ilustraci\u00f3n","potentialAction":[{"@type":"SearchAction","target":{"@type":"EntryPoint","urlTemplate":"https:\/\/chloebordils.com\/?s={search_term_string}"},"query-input":{"@type":"PropertyValueSpecification","valueRequired":true,"valueName":"search_term_string"}}],"inLanguage":"fr-FR"},{"@type":["Person","Organization"],"@id":"https:\/\/chloebordils.com\/#\/schema\/person\/d49ae91dabf2ecf396d2555ce8e1dfe3","name":"Chloe Bordils ilustraci\u00f3n","image":{"@type":"ImageObject","inLanguage":"fr-FR","@id":"https:\/\/chloebordils.com\/wp-content\/uploads\/2023\/07\/cropped-chloe_rond.png","url":"https:\/\/chloebordils.com\/wp-content\/uploads\/2023\/07\/cropped-chloe_rond.png","contentUrl":"https:\/\/chloebordils.com\/wp-content\/uploads\/2023\/07\/cropped-chloe_rond.png","width":512,"height":512,"caption":"Chloe Bordils ilustraci\u00f3n"},"logo":{"@id":"https:\/\/chloebordils.com\/wp-content\/uploads\/2023\/07\/cropped-chloe_rond.png"},"description":"Ilustraci\u00f3n minimalista y productos estampados con dibujos sencillos de personajes so\u00f1adores para personas que buscan tranquilidad e inspiraci\u00f3n en este mundo tan ajetreado.","sameAs":["https:\/\/www.facebook.com\/elvira.daudet.3","https:\/\/www.instagram.com\/chloe_bordils\/","https:\/\/www.linkedin.com\/in\/chloe-bordils-883691312\/","https:\/\/es.pinterest.com\/chloe_bordils"]}]}},"_links":{"self":[{"href":"https:\/\/chloebordils.com\/fr\/wp-json\/wp\/v2\/product\/3122","targetHints":{"allow":["GET"]}}],"collection":[{"href":"https:\/\/chloebordils.com\/fr\/wp-json\/wp\/v2\/product"}],"about":[{"href":"https:\/\/chloebordils.com\/fr\/wp-json\/wp\/v2\/types\/product"}],"replies":[{"embeddable":true,"href":"https:\/\/chloebordils.com\/fr\/wp-json\/wp\/v2\/comments?post=3122"}],"wp:featuredmedia":[{"embeddable":true,"href":"https:\/\/chloebordils.com\/fr\/wp-json\/wp\/v2\/media\/3129"}],"wp:attachment":[{"href":"https:\/\/chloebordils.com\/fr\/wp-json\/wp\/v2\/media?parent=3122"}],"wp:term":[{"taxonomy":"product_brand","embeddable":true,"href":"https:\/\/chloebordils.com\/fr\/wp-json\/wp\/v2\/product_brand?post=3122"},{"taxonomy":"product_cat","embeddable":true,"href":"https:\/\/chloebordils.com\/fr\/wp-json\/wp\/v2\/product_cat?post=3122"},{"taxonomy":"product_tag","embeddable":true,"href":"https:\/\/chloebordils.com\/fr\/wp-json\/wp\/v2\/product_tag?post=3122"}],"curies":[{"name":"wp","href":"https:\/\/api.w.org\/{rel}","templated":true}]}}