{"id":3132,"date":"2025-12-06T14:36:45","date_gmt":"2025-12-06T13:36:45","guid":{"rendered":"https:\/\/chloebordils.com\/?post_type=product&#038;p=3132"},"modified":"2026-01-17T20:47:00","modified_gmt":"2026-01-17T19:47:00","slug":"cuento-ilustrado-para-descargar-e-imprimir-en-casa-en-valenciano","status":"publish","type":"product","link":"https:\/\/chloebordils.com\/fr\/produit\/cuento-ilustrado-para-descargar-e-imprimir-en-casa-en-valenciano\/","title":{"rendered":"El formatge de Cat\u00ed | conte il\u00b7lustrat per a imprimir (valenci\u00e0)"},"content":{"rendered":"<h3>El cuento que cabe en 3 folios&#8230; pero guarda siglos de historia<\/h3>\n<p data-start=\"5388\" data-end=\"5506\">El formatge de Cat\u00ed.<br data-start=\"5408\" data-end=\"5411\" \/>Un conte il\u00b7lustrat en blanc i negre, inspirat en un relat popular de Tirig, Alboc\u00e0sser i Cat\u00ed.<\/p>\n<p data-start=\"5508\" data-end=\"5610\">El descarregues, l\u2019imprimes i el plegues a casa per a fer un llibret.<br data-start=\"5577\" data-end=\"5580\" \/>Sense grapes i sense pegament.<\/p>\n<p data-start=\"5612\" data-end=\"5696\">Format: 3 fulls A4.<br data-start=\"5631\" data-end=\"5634\" \/>Idioma: valenci\u00e0.<br data-start=\"5651\" data-end=\"5654\" \/>Desc\u00e0rrega immediata despr\u00e9s de la compra.<\/p>\n<p data-start=\"5698\" data-end=\"5754\">Si vols, pots afegir un lla\u00e7 o una cordeta en muntar-lo.<\/p>\n<hr data-start=\"1271\" data-end=\"1274\" \/>\n<p data-start=\"1276\" data-end=\"1422\">\ud83d\udc49<strong> El descarregues,<\/strong> l\u2019imprimes i el plegues a casa per a fer un llibret.<br data-start=\"5577\" data-end=\"5580\" \/>Sense grapes i sense pegament.<\/p>","protected":false},"excerpt":{"rendered":"<p>Conte il\u00b7lustrat en blanc i negre inspirat en un relat popular de Castell\u00f3. Desc\u00e0rrega immediata. 3 fulls A4 per a plegar en un llibret.<\/p>","protected":false},"featured_media":3129,"comment_status":"closed","ping_status":"closed","template":"","meta":[],"product_brand":[],"product_cat":[203],"product_tag":[311,312,313,310,348],"class_list":{"0":"post-3132","1":"product","2":"type-product","3":"status-publish","4":"has-post-thumbnail","6":"product_cat-para-descargar","7":"product_tag-cuento","8":"product_tag-cuento-ilustrado","9":"product_tag-cuento-infantil","10":"product_tag-para-descargar","11":"product_tag-para-imprimir","13":"first","14":"instock","15":"downloadable","16":"taxable","17":"shipping-taxable","18":"purchasable","19":"product-type-simple"},"yoast_head":"<!-- This site is optimized with the Yoast SEO plugin v27.5 - https:\/\/yoast.com\/product\/yoast-seo-wordpress\/ -->\n<title>Cuento Ilustrado Para Descargar E Imprimir Chloe Bordils<\/title>\n<meta name=\"description\" content=\"Conte il\u00b7lustrat en blanc i negre inspirat en un relat popular de Castell\u00f3. Desc\u00e0rrega immediata. 3 fulls A4 per a plegar en un llibret.\" \/>\n<meta name=\"robots\" content=\"index, follow, max-snippet:-1, max-image-preview:large, max-video-preview:-1\" \/>\n<link rel=\"canonical\" href=\"https:\/\/chloebordils.com\/fr\/produit\/cuento-ilustrado-para-descargar-e-imprimir-en-casa-en-valenciano\/\" \/>\n<meta property=\"og:locale\" content=\"fr_FR\" \/>\n<meta property=\"og:type\" content=\"article\" \/>\n<meta property=\"og:title\" content=\"Cuento Ilustrado Para Descargar E Imprimir Chloe Bordils\" \/>\n<meta property=\"og:description\" content=\"Un cuento ilustrado, sencillo pero m\u00e1gico. Inspirado en un relato popular de 3 pueblos de Castell\u00f3n. Tirig, Albocacer y Cat\u00ed. Para descargar e imprimir.\" \/>\n<meta property=\"og:url\" content=\"https:\/\/chloebordils.com\/fr\/produit\/cuento-ilustrado-para-descargar-e-imprimir-en-casa-en-valenciano\/\" \/>\n<meta property=\"og:site_name\" content=\"Chloe Bordils\" \/>\n<meta property=\"article:publisher\" content=\"https:\/\/www.facebook.com\/elvira.daudet.3\" \/>\n<meta property=\"article:modified_time\" content=\"2026-01-17T19:47:00+00:00\" \/>\n<meta property=\"og:image\" content=\"https:\/\/chloebordils.com\/wp-content\/uploads\/2025\/11\/imprimante.jpg\" \/>\n\t<meta property=\"og:image:width\" content=\"300\" \/>\n\t<meta property=\"og:image:height\" content=\"300\" \/>\n\t<meta property=\"og:image:type\" content=\"image\/jpeg\" \/>\n<meta name=\"twitter:card\" content=\"summary_large_image\" \/>\n<meta name=\"twitter:label1\" content=\"Dur\u00e9e de lecture estim\u00e9e\" \/>\n\t<meta name=\"twitter:data1\" content=\"1 minute\" \/>\n<script type=\"application\/ld+json\" class=\"yoast-schema-graph\">{\"@context\":\"https:\\\/\\\/schema.org\",\"@graph\":[{\"@type\":\"WebPage\",\"@id\":\"https:\\\/\\\/chloebordils.com\\\/producto\\\/cuento-ilustrado-para-descargar-e-imprimir-en-casa-en-valenciano\\\/\",\"url\":\"https:\\\/\\\/chloebordils.com\\\/producto\\\/cuento-ilustrado-para-descargar-e-imprimir-en-casa-en-valenciano\\\/\",\"name\":\"Cuento Ilustrado Para Descargar E Imprimir Chloe Bordils\",\"isPartOf\":{\"@id\":\"https:\\\/\\\/chloebordils.com\\\/#website\"},\"primaryImageOfPage\":{\"@id\":\"https:\\\/\\\/chloebordils.com\\\/producto\\\/cuento-ilustrado-para-descargar-e-imprimir-en-casa-en-valenciano\\\/#primaryimage\"},\"image\":{\"@id\":\"https:\\\/\\\/chloebordils.com\\\/producto\\\/cuento-ilustrado-para-descargar-e-imprimir-en-casa-en-valenciano\\\/#primaryimage\"},\"thumbnailUrl\":\"https:\\\/\\\/chloebordils.com\\\/wp-content\\\/uploads\\\/2025\\\/12\\\/IMG_6804.jpg\",\"datePublished\":\"2025-12-06T13:36:45+00:00\",\"dateModified\":\"2026-01-17T19:47:00+00:00\",\"description\":\"Conte il\u00b7lustrat en blanc i negre inspirat en un relat popular de Castell\u00f3. Desc\u00e0rrega immediata. 3 fulls A4 per a plegar en un llibret.\",\"breadcrumb\":{\"@id\":\"https:\\\/\\\/chloebordils.com\\\/producto\\\/cuento-ilustrado-para-descargar-e-imprimir-en-casa-en-valenciano\\\/#breadcrumb\"},\"inLanguage\":\"fr-FR\",\"potentialAction\":[{\"@type\":\"ReadAction\",\"target\":[\"https:\\\/\\\/chloebordils.com\\\/producto\\\/cuento-ilustrado-para-descargar-e-imprimir-en-casa-en-valenciano\\\/\"]}]},{\"@type\":\"ImageObject\",\"inLanguage\":\"fr-FR\",\"@id\":\"https:\\\/\\\/chloebordils.com\\\/producto\\\/cuento-ilustrado-para-descargar-e-imprimir-en-casa-en-valenciano\\\/#primaryimage\",\"url\":\"https:\\\/\\\/chloebordils.com\\\/wp-content\\\/uploads\\\/2025\\\/12\\\/IMG_6804.jpg\",\"contentUrl\":\"https:\\\/\\\/chloebordils.com\\\/wp-content\\\/uploads\\\/2025\\\/12\\\/IMG_6804.jpg\",\"width\":2268,\"height\":2268,\"caption\":\"Cuento ilustrado por Chloe Bordils, para descargar, imprimir y plegar - el queso de Cat\u00ed\"},{\"@type\":\"BreadcrumbList\",\"@id\":\"https:\\\/\\\/chloebordils.com\\\/producto\\\/cuento-ilustrado-para-descargar-e-imprimir-en-casa-en-valenciano\\\/#breadcrumb\",\"itemListElement\":[{\"@type\":\"ListItem\",\"position\":1,\"name\":\"Portada\",\"item\":\"https:\\\/\\\/chloebordils.com\\\/\"},{\"@type\":\"ListItem\",\"position\":2,\"name\":\"Tienda\",\"item\":\"https:\\\/\\\/chloebordils.com\\\/tienda-old\\\/\"},{\"@type\":\"ListItem\",\"position\":3,\"name\":\"El formatge de Cat\u00ed | conte il\u00b7lustrat per a imprimir (valenci\u00e0)\"}]},{\"@type\":\"WebSite\",\"@id\":\"https:\\\/\\\/chloebordils.com\\\/#website\",\"url\":\"https:\\\/\\\/chloebordils.com\\\/\",\"name\":\"chloebordils.com\",\"description\":\"Ilustraci\u00f3n y dise\u00f1o gr\u00e1fico\",\"publisher\":{\"@id\":\"https:\\\/\\\/chloebordils.com\\\/#\\\/schema\\\/person\\\/d49ae91dabf2ecf396d2555ce8e1dfe3\"},\"alternateName\":\"Chloe Bordils ilustraci\u00f3n\",\"potentialAction\":[{\"@type\":\"SearchAction\",\"target\":{\"@type\":\"EntryPoint\",\"urlTemplate\":\"https:\\\/\\\/chloebordils.com\\\/?s={search_term_string}\"},\"query-input\":{\"@type\":\"PropertyValueSpecification\",\"valueRequired\":true,\"valueName\":\"search_term_string\"}}],\"inLanguage\":\"fr-FR\"},{\"@type\":[\"Person\",\"Organization\"],\"@id\":\"https:\\\/\\\/chloebordils.com\\\/#\\\/schema\\\/person\\\/d49ae91dabf2ecf396d2555ce8e1dfe3\",\"name\":\"Chloe Bordils ilustraci\u00f3n\",\"image\":{\"@type\":\"ImageObject\",\"inLanguage\":\"fr-FR\",\"@id\":\"https:\\\/\\\/chloebordils.com\\\/wp-content\\\/uploads\\\/2023\\\/07\\\/cropped-chloe_rond.png\",\"url\":\"https:\\\/\\\/chloebordils.com\\\/wp-content\\\/uploads\\\/2023\\\/07\\\/cropped-chloe_rond.png\",\"contentUrl\":\"https:\\\/\\\/chloebordils.com\\\/wp-content\\\/uploads\\\/2023\\\/07\\\/cropped-chloe_rond.png\",\"width\":512,\"height\":512,\"caption\":\"Chloe Bordils ilustraci\u00f3n\"},\"logo\":{\"@id\":\"https:\\\/\\\/chloebordils.com\\\/wp-content\\\/uploads\\\/2023\\\/07\\\/cropped-chloe_rond.png\"},\"description\":\"Ilustraci\u00f3n minimalista y productos estampados con dibujos sencillos de personajes so\u00f1adores para personas que buscan tranquilidad e inspiraci\u00f3n en este mundo tan ajetreado.\",\"sameAs\":[\"https:\\\/\\\/www.facebook.com\\\/elvira.daudet.3\",\"https:\\\/\\\/www.instagram.com\\\/chloe_bordils\\\/\",\"https:\\\/\\\/www.linkedin.com\\\/in\\\/chloe-bordils-883691312\\\/\",\"https:\\\/\\\/es.pinterest.com\\\/chloe_bordils\"]}]}<\/script>\n<!-- \/ Yoast SEO plugin. -->","yoast_head_json":{"title":"Cuento Ilustrado Para Descargar E Imprimir Chloe Bordils","description":"Conte il\u00b7lustrat en blanc i negre inspirat en un relat popular de Castell\u00f3. Desc\u00e0rrega immediata. 3 fulls A4 per a plegar en un llibret.","robots":{"index":"index","follow":"follow","max-snippet":"max-snippet:-1","max-image-preview":"max-image-preview:large","max-video-preview":"max-video-preview:-1"},"canonical":"https:\/\/chloebordils.com\/fr\/produit\/cuento-ilustrado-para-descargar-e-imprimir-en-casa-en-valenciano\/","og_locale":"fr_FR","og_type":"article","og_title":"Cuento Ilustrado Para Descargar E Imprimir Chloe Bordils","og_description":"Un cuento ilustrado, sencillo pero m\u00e1gico. Inspirado en un relato popular de 3 pueblos de Castell\u00f3n. Tirig, Albocacer y Cat\u00ed. Para descargar e imprimir.","og_url":"https:\/\/chloebordils.com\/fr\/produit\/cuento-ilustrado-para-descargar-e-imprimir-en-casa-en-valenciano\/","og_site_name":"Chloe Bordils","article_publisher":"https:\/\/www.facebook.com\/elvira.daudet.3","article_modified_time":"2026-01-17T19:47:00+00:00","og_image":[{"width":300,"height":300,"url":"https:\/\/chloebordils.com\/wp-content\/uploads\/2025\/11\/imprimante.jpg","type":"image\/jpeg"}],"twitter_card":"summary_large_image","twitter_misc":{"Dur\u00e9e de lecture estim\u00e9e":"1 minute"},"schema":{"@context":"https:\/\/schema.org","@graph":[{"@type":"WebPage","@id":"https:\/\/chloebordils.com\/producto\/cuento-ilustrado-para-descargar-e-imprimir-en-casa-en-valenciano\/","url":"https:\/\/chloebordils.com\/producto\/cuento-ilustrado-para-descargar-e-imprimir-en-casa-en-valenciano\/","name":"Cuento Ilustrado Para Descargar E Imprimir Chloe Bordils","isPartOf":{"@id":"https:\/\/chloebordils.com\/#website"},"primaryImageOfPage":{"@id":"https:\/\/chloebordils.com\/producto\/cuento-ilustrado-para-descargar-e-imprimir-en-casa-en-valenciano\/#primaryimage"},"image":{"@id":"https:\/\/chloebordils.com\/producto\/cuento-ilustrado-para-descargar-e-imprimir-en-casa-en-valenciano\/#primaryimage"},"thumbnailUrl":"https:\/\/chloebordils.com\/wp-content\/uploads\/2025\/12\/IMG_6804.jpg","datePublished":"2025-12-06T13:36:45+00:00","dateModified":"2026-01-17T19:47:00+00:00","description":"Conte il\u00b7lustrat en blanc i negre inspirat en un relat popular de Castell\u00f3. Desc\u00e0rrega immediata. 3 fulls A4 per a plegar en un llibret.","breadcrumb":{"@id":"https:\/\/chloebordils.com\/producto\/cuento-ilustrado-para-descargar-e-imprimir-en-casa-en-valenciano\/#breadcrumb"},"inLanguage":"fr-FR","potentialAction":[{"@type":"ReadAction","target":["https:\/\/chloebordils.com\/producto\/cuento-ilustrado-para-descargar-e-imprimir-en-casa-en-valenciano\/"]}]},{"@type":"ImageObject","inLanguage":"fr-FR","@id":"https:\/\/chloebordils.com\/producto\/cuento-ilustrado-para-descargar-e-imprimir-en-casa-en-valenciano\/#primaryimage","url":"https:\/\/chloebordils.com\/wp-content\/uploads\/2025\/12\/IMG_6804.jpg","contentUrl":"https:\/\/chloebordils.com\/wp-content\/uploads\/2025\/12\/IMG_6804.jpg","width":2268,"height":2268,"caption":"Cuento ilustrado por Chloe Bordils, para descargar, imprimir y plegar - el queso de Cat\u00ed"},{"@type":"BreadcrumbList","@id":"https:\/\/chloebordils.com\/producto\/cuento-ilustrado-para-descargar-e-imprimir-en-casa-en-valenciano\/#breadcrumb","itemListElement":[{"@type":"ListItem","position":1,"name":"Portada","item":"https:\/\/chloebordils.com\/"},{"@type":"ListItem","position":2,"name":"Tienda","item":"https:\/\/chloebordils.com\/tienda-old\/"},{"@type":"ListItem","position":3,"name":"El formatge de Cat\u00ed | conte il\u00b7lustrat per a imprimir (valenci\u00e0)"}]},{"@type":"WebSite","@id":"https:\/\/chloebordils.com\/#website","url":"https:\/\/chloebordils.com\/","name":"chloebordils.com","description":"Ilustraci\u00f3n y dise\u00f1o gr\u00e1fico","publisher":{"@id":"https:\/\/chloebordils.com\/#\/schema\/person\/d49ae91dabf2ecf396d2555ce8e1dfe3"},"alternateName":"Chloe Bordils ilustraci\u00f3n","potentialAction":[{"@type":"SearchAction","target":{"@type":"EntryPoint","urlTemplate":"https:\/\/chloebordils.com\/?s={search_term_string}"},"query-input":{"@type":"PropertyValueSpecification","valueRequired":true,"valueName":"search_term_string"}}],"inLanguage":"fr-FR"},{"@type":["Person","Organization"],"@id":"https:\/\/chloebordils.com\/#\/schema\/person\/d49ae91dabf2ecf396d2555ce8e1dfe3","name":"Chloe Bordils ilustraci\u00f3n","image":{"@type":"ImageObject","inLanguage":"fr-FR","@id":"https:\/\/chloebordils.com\/wp-content\/uploads\/2023\/07\/cropped-chloe_rond.png","url":"https:\/\/chloebordils.com\/wp-content\/uploads\/2023\/07\/cropped-chloe_rond.png","contentUrl":"https:\/\/chloebordils.com\/wp-content\/uploads\/2023\/07\/cropped-chloe_rond.png","width":512,"height":512,"caption":"Chloe Bordils ilustraci\u00f3n"},"logo":{"@id":"https:\/\/chloebordils.com\/wp-content\/uploads\/2023\/07\/cropped-chloe_rond.png"},"description":"Ilustraci\u00f3n minimalista y productos estampados con dibujos sencillos de personajes so\u00f1adores para personas que buscan tranquilidad e inspiraci\u00f3n en este mundo tan ajetreado.","sameAs":["https:\/\/www.facebook.com\/elvira.daudet.3","https:\/\/www.instagram.com\/chloe_bordils\/","https:\/\/www.linkedin.com\/in\/chloe-bordils-883691312\/","https:\/\/es.pinterest.com\/chloe_bordils"]}]}},"_links":{"self":[{"href":"https:\/\/chloebordils.com\/fr\/wp-json\/wp\/v2\/product\/3132","targetHints":{"allow":["GET"]}}],"collection":[{"href":"https:\/\/chloebordils.com\/fr\/wp-json\/wp\/v2\/product"}],"about":[{"href":"https:\/\/chloebordils.com\/fr\/wp-json\/wp\/v2\/types\/product"}],"replies":[{"embeddable":true,"href":"https:\/\/chloebordils.com\/fr\/wp-json\/wp\/v2\/comments?post=3132"}],"wp:featuredmedia":[{"embeddable":true,"href":"https:\/\/chloebordils.com\/fr\/wp-json\/wp\/v2\/media\/3129"}],"wp:attachment":[{"href":"https:\/\/chloebordils.com\/fr\/wp-json\/wp\/v2\/media?parent=3132"}],"wp:term":[{"taxonomy":"product_brand","embeddable":true,"href":"https:\/\/chloebordils.com\/fr\/wp-json\/wp\/v2\/product_brand?post=3132"},{"taxonomy":"product_cat","embeddable":true,"href":"https:\/\/chloebordils.com\/fr\/wp-json\/wp\/v2\/product_cat?post=3132"},{"taxonomy":"product_tag","embeddable":true,"href":"https:\/\/chloebordils.com\/fr\/wp-json\/wp\/v2\/product_tag?post=3132"}],"curies":[{"name":"wp","href":"https:\/\/api.w.org\/{rel}","templated":true}]}}